{"id":20714,"date":"2015-10-27T13:16:08","date_gmt":"2015-10-27T12:16:08","guid":{"rendered":"http:\/\/www.xclean.at\/portal\/?page_id=20714"},"modified":"2019-02-09T13:16:23","modified_gmt":"2019-02-09T12:16:23","slug":"ueber-uns","status":"publish","type":"page","link":"https:\/\/www.xclean.at\/portal\/ueber-uns\/","title":{"rendered":"\u00dcber uns"},"content":{"rendered":"<div class=\"wpb-content-wrapper\"><p>[vc_row][vc_column][vc_row_inner][vc_column_inner][\/vc_column_inner][\/vc_row_inner][vc_column_text]<strong>Als Komplettanbieter im Bereich Fahrzeugpflege sind wir spezialisiert auf kundenorientierte Pflegekonzepte.<\/strong>[\/vc_column_text][vc_row_inner][vc_column_inner width=&#8221;1\/3&#8243;]<div class=\"flip-box-wrap\" style=\"\"><div class=\"flip-box ifb-jq-height  horizontal_flip_left flip-ifb-jq-height\"  style=\"\" ><div class=\"ifb-flip-box\" id=\"flip-box-wrap-3668\"><div class=\"ifb-face ifb-front \" style=\"color:#f9f9f9;background:#dd3333; border-width: 2px;border-style: solid; border-color:#a4a4a4; border-radius: 0px;\">\n\t\t\t\t\t\t\t<div class=\"ifb-flip-box-section \">\n\t\t\t\t\t\t\t<div class=\"flip-box-icon\"><div class=\"ult-just-icon-wrapper  \"><div class=\"align-icon\" style=\"text-align:center;\">\n<div class=\"aio-icon none \"  style=\"color:#ffffff;font-size:32px;display:inline-block;\">\n\t<i class=\"Defaults-trophy\"><\/i>\n<\/div><\/div><\/div><\/div><h3 class=\"ult-responsive flipbox_heading\"  data-ultimate-target='#flip-box-wrap-3668 .ult-responsive.flipbox_heading'  data-responsive-json-new='{\"font-size\":\"\",\"line-height\":\"\"}'  style=\"color:#f9f9f9; \">Produktqualit\u00e4t<\/h3><\/div><\/div><!-- END .front -->\n\t\t\t\t\t\t<div class=\"ifb-face ifb-back\" style=\"color:#f9f9f9;background:#dd3333; border-width: 2px;border-style: solid; border-color:#a4a4a4; border-radius: 0px;\">\n\t\t\t\t\t\t\t<div class=\"ifb-flip-box-section \"><div class=\"ifb-flip-box-section-content ult-responsive\"  data-ultimate-target='#flip-box-wrap-3668 .ifb-flip-box-section-content.ult-responsive'  data-responsive-json-new='{\"font-size\":\"\",\"line-height\":\"\"}'  style=\"color:#333333;color:#f9f9f9;\"><p>Unsere Produkte erf\u00fcllen h\u00f6chste Anspr\u00fcche<\/p><\/div><\/div><\/div><!-- END .back --><\/div> <!-- ifb-flip-box --><\/div> <!-- flip-box --><\/div><!-- End icon block -->[\/vc_column_inner][vc_column_inner width=&#8221;1\/3&#8243;]<div class=\"flip-box-wrap\" style=\"\"><div class=\"flip-box ifb-jq-height  horizontal_flip_left flip-ifb-jq-height\"  style=\"\" ><div class=\"ifb-flip-box\" id=\"flip-box-wrap-9294\"><div class=\"ifb-face ifb-front \" style=\"color:#f9f9f9;background:#dd3333; border-width: 2px;border-style: solid; border-color:#a4a4a4; border-radius: 0px;\">\n\t\t\t\t\t\t\t<div class=\"ifb-flip-box-section \">\n\t\t\t\t\t\t\t<div class=\"flip-box-icon\"><div class=\"ult-just-icon-wrapper  \"><div class=\"align-icon\" style=\"text-align:center;\">\n<div class=\"aio-icon none \"  style=\"color:#ffffff;font-size:32px;display:inline-block;\">\n\t<i class=\"Defaults-tree\"><\/i>\n<\/div><\/div><\/div><\/div><h3 class=\"ult-responsive flipbox_heading\"  data-ultimate-target='#flip-box-wrap-9294 .ult-responsive.flipbox_heading'  data-responsive-json-new='{\"font-size\":\"\",\"line-height\":\"\"}'  style=\"color:#f9f9f9; \">Umweltbewusstsein<\/h3><\/div><\/div><!-- END .front -->\n\t\t\t\t\t\t<div class=\"ifb-face ifb-back\" style=\"color:#f9f9f9;background:#dd3333; border-width: 2px;border-style: solid; border-color:#a4a4a4; border-radius: 0px;\">\n\t\t\t\t\t\t\t<div class=\"ifb-flip-box-section \"><div class=\"ifb-flip-box-section-content ult-responsive\"  data-ultimate-target='#flip-box-wrap-9294 .ifb-flip-box-section-content.ult-responsive'  data-responsive-json-new='{\"font-size\":\"\",\"line-height\":\"\"}'  style=\"color:#333333;color:#f9f9f9;\"><p>Alle X-Clean Produkte sind auf Umweltvertr\u00e4glichkeit gepr\u00fcft.<\/p><\/div><\/div><\/div><!-- END .back --><\/div> <!-- ifb-flip-box --><\/div> <!-- flip-box --><\/div><!-- End icon block -->[\/vc_column_inner][vc_column_inner width=&#8221;1\/3&#8243;]<div class=\"flip-box-wrap\" style=\"\"><div class=\"flip-box ifb-jq-height  horizontal_flip_left flip-ifb-jq-height\"  style=\"\" ><div class=\"ifb-flip-box\" id=\"flip-box-wrap-7606\"><div class=\"ifb-face ifb-front \" style=\"color:#f9f9f9;background:#dd3333; border-width: 2px;border-style: solid; border-color:#a4a4a4; border-radius: 0px;\">\n\t\t\t\t\t\t\t<div class=\"ifb-flip-box-section \">\n\t\t\t\t\t\t\t<div class=\"flip-box-icon\"><div class=\"ult-just-icon-wrapper  \"><div class=\"align-icon\" style=\"text-align:center;\">\n<div class=\"aio-icon none \"  style=\"color:#ffffff;font-size:32px;display:inline-block;\">\n\t<i class=\"Defaults-life-bouy life-buoy life-ring life-saver support\"><\/i>\n<\/div><\/div><\/div><\/div><h3 class=\"ult-responsive flipbox_heading\"  data-ultimate-target='#flip-box-wrap-7606 .ult-responsive.flipbox_heading'  data-responsive-json-new='{\"font-size\":\"\",\"line-height\":\"\"}'  style=\"color:#f9f9f9; \">Kundenservice<\/h3><\/div><\/div><!-- END .front -->\n\t\t\t\t\t\t<div class=\"ifb-face ifb-back\" style=\"color:#f9f9f9;background:#dd3333; border-width: 2px;border-style: solid; border-color:#a4a4a4; border-radius: 0px;\">\n\t\t\t\t\t\t\t<div class=\"ifb-flip-box-section \"><div class=\"ifb-flip-box-section-content ult-responsive\"  data-ultimate-target='#flip-box-wrap-7606 .ifb-flip-box-section-content.ult-responsive'  data-responsive-json-new='{\"font-size\":\"\",\"line-height\":\"\"}'  style=\"color:#333333;color:#f9f9f9;\"><p>Unser Service wird Sie \u00fcberzeugen, egal on Kundendienst oder Fortbildungen, wie sind f\u00fcr Sie da.<\/p><\/div><\/div><\/div><!-- END .back --><\/div> <!-- ifb-flip-box --><\/div> <!-- flip-box --><\/div><!-- End icon block -->[\/vc_column_inner][\/vc_row_inner][vc_column_text]<strong>Diese Leitw\u00f6rter begleiten uns seit einem halben Jahrhundert<\/strong> und sind mit uns gewachsen. Heute wie damals orientieren wir uns am aktuellen Stand der weltweiten Forschung und Entwicklung, um Ihnen den h\u00f6chsten Standard liefern zu k\u00f6nnen.<\/p>\n<p>Unsere leistungsstarken<strong> X-CLEAN Produkte<\/strong> erf\u00fcllen die h\u00f6chsten Anspr\u00fcche in punkto Konzentration, Umweltvertr\u00e4glichkeit und Dosierbarkeit. Wir richten unsere Entwicklung der Produktqualit\u00e4t auf ok\u00f6logische und \u00f6konomische Leitwerte aus und erm\u00f6glichen Ihnen somit niedrige Betriebskosten und einen optimalen Gesundheitsschutz f\u00fcr Ihre Mitarbeiter.[\/vc_column_text][vc_row_inner][vc_column_inner][vc_text_separator title=&#8221;X-CLEAN Carwash Profis&#8221; title_align=&#8221;separator_align_left&#8221; align=&#8221;align_left&#8221;][vc_column_text]<\/p>\n<h6>Zusammen mit Waschanlagenherstellern:<\/h6>\n<p>Wir stehen in enger Verbindung mit den f\u00fchrenden Waschanlagenherstellern.Denn eine effiziente Entwicklung unserer Produkte ist nur in enger Verbindung mit branchenbezogenen Firmen zu erreichen, um unseren Kunden mit gepr\u00fcfter Qualit\u00e4t immer gerecht zu werden.[\/vc_column_text][vc_column_text]<\/p>\n<h6>Einstellservice durch Carwash Techniker:<\/h6>\n<p>Geschulte und kompetente Anwendungstechniker stehen bundesweit f\u00fcr ein Einstellservice zur Verf\u00fcgung und sorgen in der Waschanlage f\u00fcr perfekte Wirtschaftlichkeit und gezielte Fachberatung zur Anwendungs- und Abwassertechnik.[\/vc_column_text][\/vc_column_inner][\/vc_row_inner][\/vc_column][\/vc_row][vc_row][vc_column width=&#8221;5\/6&#8243;][vc_row_inner][vc_column_inner]<div class=\"ult-new-ib ult-ib-effect-style7  ult-ib-resp  \" data-min-width=\"768\" data-max-width=\"900\" style=\"background:#dd3333;\" data-opacity=\"1\" data-hover-opacity=\"0\" ><img decoding=\"async\" class=\"ult-new-ib-img\" style=\"opacity:1;\" alt=\"\" src=\"https:\/\/www.xclean.at\/portal\/wp-content\/uploads\/2015\/10\/servicetechnik.jpg\"   \/><div id=\"interactive-banner-wrap-8838\" class=\"ult-new-ib-desc\" style=\"\"><h2 class=\"ult-new-ib-title ult-responsive\"  data-ultimate-target='#interactive-banner-wrap-8838 .ult-new-ib-title'  data-responsive-json-new='{\"font-size\":\"desktop:12px;\",\"line-height\":\"\"}'  style=\"font-weight:normal;\">EINSTELLSERVICE DURCH CARWASH TECHNIKER<\/h2><div class=\"ult-new-ib-content ult-responsive\"  data-ultimate-target='#interactive-banner-wrap-8838 .ult-new-ib-content'  data-responsive-json-new='{\"font-size\":\"\",\"line-height\":\"\"}'  style=\"font-weight:normal;\"><p>Sie ben\u00f6tigen einen Techniker oder Einstellservice von X-Clean? - Unser Team steht f\u00fcr Sie bereit. KLICKEN SIE HIER!<\/p><\/div><\/div><a class=\"ult-new-ib-link\" href=\"http:\/\/xclean.at\/portal\/service\/technischer-service\/\"  ><\/a><\/div>[vc_column_text]Mit unserem bundesweiten Netz an Servicetechnikern stehen wir zur Verf\u00fcgung.[\/vc_column_text][\/vc_column_inner][\/vc_row_inner][\/vc_column][vc_column width=&#8221;1\/6&#8243;][\/vc_column][\/vc_row]<\/p>\n<\/div>","protected":false},"excerpt":{"rendered":"<p>&#8230;<\/p>\n","protected":false},"author":10,"featured_media":0,"parent":0,"menu_order":0,"comment_status":"closed","ping_status":"closed","template":"","meta":{"_exactmetrics_skip_tracking":false,"_exactmetrics_sitenote_active":false,"_exactmetrics_sitenote_note":"","_exactmetrics_sitenote_category":0,"footnotes":""},"yst_prominent_words":[440,442,432,434,429,428,163,162,436,439,433,430,438,437,441,164,443,435,431],"class_list":["post-20714","page","type-page","status-publish","hentry"],"_links":{"self":[{"href":"https:\/\/www.xclean.at\/portal\/wp-json\/wp\/v2\/pages\/20714"}],"collection":[{"href":"https:\/\/www.xclean.at\/portal\/wp-json\/wp\/v2\/pages"}],"about":[{"href":"https:\/\/www.xclean.at\/portal\/wp-json\/wp\/v2\/types\/page"}],"author":[{"embeddable":true,"href":"https:\/\/www.xclean.at\/portal\/wp-json\/wp\/v2\/users\/10"}],"replies":[{"embeddable":true,"href":"https:\/\/www.xclean.at\/portal\/wp-json\/wp\/v2\/comments?post=20714"}],"version-history":[{"count":52,"href":"https:\/\/www.xclean.at\/portal\/wp-json\/wp\/v2\/pages\/20714\/revisions"}],"predecessor-version":[{"id":23953,"href":"https:\/\/www.xclean.at\/portal\/wp-json\/wp\/v2\/pages\/20714\/revisions\/23953"}],"wp:attachment":[{"href":"https:\/\/www.xclean.at\/portal\/wp-json\/wp\/v2\/media?parent=20714"}],"wp:term":[{"taxonomy":"yst_prominent_words","embeddable":true,"href":"https:\/\/www.xclean.at\/portal\/wp-json\/wp\/v2\/yst_prominent_words?post=20714"}],"curies":[{"name":"wp","href":"https:\/\/api.w.org\/{rel}","templated":true}]}}