{"id":21522,"date":"2015-11-08T10:56:20","date_gmt":"2015-11-08T09:56:20","guid":{"rendered":"http:\/\/www.xclean.at\/portal\/?page_id=21522"},"modified":"2020-03-04T08:35:26","modified_gmt":"2020-03-04T07:35:26","slug":"fahrzeugaufbereitung-mit-system","status":"publish","type":"page","link":"https:\/\/www.xclean.at\/portal\/fahrzeugaufbereitung-mit-system\/","title":{"rendered":"Fahrzeugaufbereitung mit System"},"content":{"rendered":"<div class=\"wpb-content-wrapper\"><p>[vc_row][vc_column width=&#8221;2\/3&#8243;][vc_column_text]<\/p>\n<h3>Das X-CLEAN Schulungssystem:<\/h3>\n<p>Als Komplettanbieter im Bereich Fahrzeugpflege, haben wir es uns zur Aufgabe gemacht, nicht nur qualitativ hochwertige Produkte anzubieten, sondern auch eine perfekte Gebrauchsanweisung unserer Produkte zu erstellen.<\/p>\n<p>So ist es uns ein Anliegen, unsere Partner in diesem Bereich durch unser optimiertes \u201cLearning by doing System\u201d zu unterst\u00fctzen. In unserem GLANZWERK Schulungszentrum oder direkt bei Ihnen vor Ort, schulen wir <strong>an einem Tag bis zu 6 Personen. Preis auf Anfrage.<\/strong><\/p>\n<p>Die Schulung dauert in der Regel von ca.<strong> 09:00 &#8211; 16:00 Uhr<\/strong>, wobei wir hier individuell auf Kundenw\u00fcnsche reagieren.[\/vc_column_text][vc_column_text]<strong>Wir unterteilen die Fahrzeugpflege in 7 Schritte. Dabei zeigt Ihnen der X-CLEAN TIMESCORE den genauen Arbeitsablauf<\/strong>.<\/p>\n<ul>\n<li>Es werden in der Schulung alle 7 Schritte verst\u00e4ndlich und unkompliziert von unserem X-CLEAN Fachmann erkl\u00e4rt und mit praktischen \u00dcbungen erg\u00e4nzt.<\/li>\n<li>Der X-CLEAN TIMESCORE ist aus langj\u00e4hrigen Erfahrungen im Bereich GWA (Gebrauchtwagenaufbereitung) entstanden. Dieser dient zur Orientierung und leichterem Verst\u00e4ndnis des Aufbereitungssystems.<\/li>\n<li>Mit X-CLEAN als Partner an Ihrer Seite, sind Sie auf der sicheren Seite. Mit dieser Schulung helfen wir Ihnen die Fahrzeugpflege zu perfektionieren.<\/li>\n<\/ul>\n<p>[\/vc_column_text][vc_column_text]<style type=\"text\/css\" id=\"103\" data-form-unique-id=\"60567\" ><\/style><div class=\"arf_form ar_main_div_103 arf_form_outer_wrapper \" id=\"arffrm_103_container\"><div id=\"arf_message_error\" class=\"frm_error_style\" style=\"display:none;\"><div class=\"msg-detail\"><div class=\"msg-description-success\">Formulareinreichung ist eingeschr\u00e4nkt<\/div><\/div><\/div><div id=\"arf_message_success_popup\" style=\"display:none;\"><div class=\"msg-detail\"><div class=\"msg-description-success\">Ihre Anfrage wurde erfolgreich \u00fcbermittelt<\/div><\/div><\/div><form enctype=\"multipart\/form-data\" method=\"post\" class=\"arfshowmainform  \" style=\"\" data-form-id=\"form_l99p9s\"  novalidate=\"\" onsubmit=\"return arf_validate_form_submit()\" arf_form_submit = 0 data-id=\"60567\"  data-random-id=\"103_0Nqq3hxRoL\"  data-submission-key=\"gGUR7x1n\"  data-key-validate=\"false\"  data-popup-id=\"\"><label for='arf_filter_input_103_0Nqq3hxRoL' class='arf_hidden_element' style='color:transparent !important;'>Filter<\/label><input id='arf_filter_input_103_0Nqq3hxRoL' type='text' name='arf_filter_input' data-jqvalidate='false' data-random-key='103_0Nqq3hxRoL' value='' style='opacity:0 !important;display:none !important;visibility:hidden !important;' \/><input type='hidden' id='arf_ajax_url' value='https:\/\/www.xclean.at\/portal\/wp-admin\/admin-ajax.php' \/><input type=\"hidden\" data-jqvalidate=\"false\" class=\"kpress\" value=\"\" \/><input type=\"hidden\" data-jqvalidate=\"false\" class=\"stime\" value=\"1776751246\" \/><input type=\"hidden\" data-jqvalidate=\"false\" data-id=\"nonce_start_time\" class=\"nonce_start_time\" value=\"form_filter_st\" \/><input type=\"hidden\" data-jqvalidate=\"false\" data-id=\"nonce_keyboard_press\" class=\"nonce_keyboard_press\" value=\"form_filter_kp\" \/><input type=\"hidden\" data-jqvalidate=\"false\" data-id=\"arm_nonce_check\" name=\"arm_nonce_check\" value=\"4a22560868\" \/><input type=\"hidden\" data-jqvalidate=\"false\" name=\"arf_redirect_url_to\" id=\"arf_redirect_url_to\" value=\"same_tab\" \/><input type=\"hidden\" data-jqvalidate=\"false\" name=\"arf_browser_name\" data-id=\"arf_browser_name\" data-version=\"unknown\" value=\"Unknown\" \/><input type=\"hidden\" data-jqvalidate=\"false\" name=\"arforms_nonce\" id=\"arforms_nonce\" value=\"7dfcfd1d02\" \/><input type=\"hidden\" data-jqvalidate=\"false\" name=\"arfdecimal_separator\" data-id=\"arfdecimal_separator\" value=\".\" \/><input type=\"hidden\" data-jqvalidate=\"false\" name=\"arfform_date_formate_103\" data-id=\"arfform_date_formate_103\" value=\"MMM D, YYYY\" \/><input type=\"hidden\" data-jqvalidate=\"false\" name=\"form_key_103\" data-id=\"form_key_103\" value=\"l99p9s\" \/><input type=\"hidden\" data-jqvalidate=\"false\" name=\"arf_success_message_show_time_103\" data-id=\"arf_success_message_show_time_103\" value=\"3\" \/><input type=\"hidden\" data-jqvalidate=\"false\" name=\"arf_form_hide_after_submit_103\" data-id=\"arf_form_hide_after_submit_103\" value=\"\" \/><input type=\"hidden\" data-jqvalidate=\"false\" name=\"is_form_preview_103\" data-id=\"is_form_preview_103\" value=\"\" \/><input type=\"hidden\" data-jqvalidate=\"false\" name=\"arf_validate_outside_103\" data-id=\"arf_validate_outside_103\" data-validate=\"0\" value=\"0\" \/><input type=\"hidden\" data-jqvalidate=\"false\" name=\"arf_is_validate_outside_103\" data-id=\"arf_is_validate_outside_103\" data-validate=\"0\" value=\"0\" \/><input type=\"hidden\" data-jqvalidate=\"false\" name=\"arf_is_resetform_aftersubmit_103\" data-id=\"arf_is_resetform_aftersubmit_103\" value=\"1\" \/><input type=\"hidden\" data-jqvalidate=\"false\" name=\"arf_is_resetform_outside_103\" data-id=\"arf_is_resetform_outside_103\" value=\"0\" \/><input type=\"hidden\" data-jqvalidate=\"false\" name=\"arf_form_enable_cookie_103\" data-id=\"arf_form_enable_cookie_103\" value=\"\" \/><input type=\"hidden\" data-jqvalidate=\"false\" name=\"arf_tooltip_settings_103\" data-id=\"arf_tooltip_settings_103\" class=\"arf_front_tooltip_settings\" data-form-id=\"103\" data-color=\"#ffffff\" data-position=\"top\" data-width=\"\" data-bg-color=\"#000000\" \/><input type=\"hidden\" data-jqvalidate=\"false\" name=\"arfsuccessmsgposition_103\" data-id=\"arfsuccessmsgposition_103\"  value=\"top\" \/><input type=\"hidden\" data-jqvalidate=\"false\" name=\"arfpagebreakstyle_103\" data-id=\"arfpagebreakstyle_103\"  value=\"number\" \/><input type=\"hidden\" data-jqvalidate=\"false\" name=\"arfpagebreakaddtimer_103\" data-id=\"arfpagebreakaddtimer_103\" value=\"0\" \/><input type=\"hidden\" data-jqvalidate=\"false\" name=\"form_tooltip_error_103\" data-id=\"form_tooltip_error_103\" data-color=\"#ed4040|#FFFFFF|#ed4040\" data-position=\"bottom\" value=\"advance\" \/><input type=\"hidden\" data-jqvalidate=\"false\" name=\"arfaction\" value=\"create\" \/><input type=\"hidden\" data-jqvalidate=\"false\" name=\"form_id\" data-id=\"form_id\" value=\"103\" \/><input type=\"hidden\" data-jqvalidate=\"false\" name=\"form_data_id\" data-id=\"form_data_id\" value=\"60567\" \/><input type=\"hidden\" data-jqvalidate=\"false\" name=\"form_key\" data-id=\"form_key\" value=\"l99p9s\" \/><input type=\"hidden\" data-jqvalidate=\"false\" name=\"arf_ajax_url\" value=\"https:\/\/www.xclean.at\/portal\/wp-admin\/admin-ajax.php\" \/><input type=\"hidden\" data-jqvalidate=\"false\" name=\"form_display_type\" data-id=\"form_display_type\" value=\"0|https:\/\/www.xclean.at\/portal\/fahrzeugaufbereitung-mit-system\/\" \/><input type=\"hidden\" data-jqvalidate=\"false\" name=\"form_submit_type\" data-id=\"form_submit_type\" value=\"1\" \/><input type=\"hidden\" data-jqvalidate=\"false\" name=\"arf_http_referrer_url\" data-id=\"arf_http_referrer_url\" value=\"\" \/><input type=\"hidden\" data-jqvalidate=\"false\" name=\"entry_key\" value=\"\" \/><input type=\"hidden\" data-jqvalidate=\"false\" name=\"arf_skip_captcha\" data-id=\"arf_skip_captcha\" value=\"\" \/><input type='hidden' id='arf_pb_field_animation_duration_front_103' name='arf_pb_field_animation_duration_front_103' value='' \/><input type='hidden' id='arf_pb_field_animation_delay_front_103' name='arf_pb_field_animation_delay_front_103' value='' \/><input type='hidden' id='arf_pb_field_animation_inherit_103' name='arf_pb_field_animation_inherit_103' value='0' \/><input type='hidden' id='arf_field_animation_style_front_103' name='arf_field_animation_style_front_103' value='' \/><input type='hidden' id='arf_field_animation_duration_front_103' name='arf_field_animation_duration_front_103' value='' \/><input type='hidden' id='arf_field_animation_delay_front_103' name='arf_field_animation_delay_front_103' value='' \/><input type=\"hidden\" id=\"arf_form_site_wide_103\" value=\"\" \/><div class=\"allfields\" ><div class=\"arf_fieldset arf_standard_form\" id=\"arf_fieldset_60567\"><div class=\"arftitlecontainer\"><div class=\"formtitle_style\">Schulungsanfrage<\/div><\/div><div id=\"page_0\" class=\"page_break\"><div id=\"arf_field_130_60567_container\" class=\"    arfformfield input-field control-group arfmainformfield  arf_field_type_select  top_container  top_container arfformfield frm_first_third arf_field_130\"  style='width: 31.054%'  data-field-type=\"select\" data-parent_field=\"0\"><label data-type=\"select\" for=\"field_3613e8a_60567\" class=\"arf_main_label arf_main_label_16px\" aria-label = >Anrede<\/label><div class=\" sltstandard_front controls\"  ><div class=\"arf_selectpicker_wrapper\" style=\"min-width:100px; \"><input type=\"text\" autocomplete=\"off\" class=\"arf-selectpicker-input-control \" id=\"field_3613e8a_60567\" name=\"item_meta[130]\" value=\"Herr\"  data-default-val='Herr'  data-field_id='130' ><dl class=\"arf-selectpicker-control  arf_form_field_picker \" data-id=\"field_3613e8a_60567\" data-name=\"item_meta[130]\"><dt><span>Herr <\/span><i class=\"arf-selectpicker-caret\"><\/i><\/dt><dd><ul data-id=\"field_3613e8a_60567\" id=\"\" class=\"\"><li class=\"\" data-pos=\"0\" aria-label=\"Herr\"  data-value=\"Herr\" data-label=\"Herr\">Herr<\/li><li class=\"\" data-pos=\"1\" aria-label=\"Frau\"  data-value=\"Frau\" data-label=\"Frau\">Frau<\/li><\/ul><\/dd><\/dl><\/div><\/div><\/div><div class=\"arf_half_middle\"><\/div><div id=\"arf_field_131_60567_container\" class=\"    arfformfield control-group arfmainformfield  arffieldrequired arf_field_type_text  top_container top_container arfformfield frm_third  arf_field_131\"  style='width: 31.054%' data-field-type=\"text\" data-parent_field=\"0\" ><label data-type=\"text\" for=\"field_i9fde0_60567\" class=\"arf_main_label arf_main_label_16px\" aria-label = >Vorname<span class=\"arfcheckrequiredfield\">*<\/span><\/label><div class=\"controls\"   ><input   type=\"text\" id=\"field_i9fde0_60567\"  name=\"item_meta[131]\"  class=\" arf_required \" data-validation-required-message=\"Bitte ausf\u00fcllen\"   \/><\/div><\/div><div class=\"arf_third_middle\"><\/div><div id=\"arf_field_132_60567_container\" class=\"    arfformfield control-group arfmainformfield  arffieldrequired arf_field_type_text  top_container top_container arfformfield frm_last_third  arf_field_132\"  style='width: 31.054%' data-field-type=\"text\" data-parent_field=\"0\" ><label data-type=\"text\" for=\"field_ezm9wq_60567\" class=\"arf_main_label arf_main_label_16px\" aria-label = >Nachname<span class=\"arfcheckrequiredfield\">*<\/span><\/label><div class=\"controls\"   ><input   type=\"text\" id=\"field_ezm9wq_60567\"  name=\"item_meta[132]\"  class=\" arf_required \" data-validation-required-message=\"Bitte ausf\u00fcllen\"   \/><\/div><\/div><div style=\"clear:both;\"><\/div><div id=\"arf_field_133_60567_container\" class=\"    arfformfield control-group arfmainformfield  arf_field_type_text  top_container top_container arfformfield frm_first_half  arf_field_133\"  style='width: 48.291%' data-field-type=\"text\" data-parent_field=\"0\" ><label data-type=\"text\" for=\"field_s7u0sj_60567\" class=\"arf_main_label arf_main_label_16px\" aria-label = >Firma<\/label><div class=\"controls\"   ><input   type=\"text\" id=\"field_s7u0sj_60567\"  name=\"item_meta[133]\"   \/><\/div><\/div><div class=\"arf_half_middle\"><\/div><div id=\"arf_field_134_60567_container\" class=\"    arfformfield input-field control-group arfmainformfield  arffieldrequired arf_field_type_select  top_container  top_container arfformfield frm_last_half arf_field_134\"  style='width: 48.082%'  data-field-type=\"select\" data-parent_field=\"0\"><label data-type=\"select\" for=\"field_mksxw4_60567\" class=\"arf_main_label arf_main_label_16px\" aria-label = >Bundesland<span class=\"arfcheckrequiredfield\">*<\/span><\/label><div class=\" sltstandard_front controls\"  ><div class=\"arf_selectpicker_wrapper\" style=\"min-width:100px; \"><input type=\"text\" autocomplete=\"off\" class=\"arf-selectpicker-input-control \" id=\"field_mksxw4_60567\" name=\"item_meta[134]\" value=\"Bundesland auswaehlen\"  data-default-val='Bundesland auswaehlen'  data-validation-required-message='Bitte ausf\u00fcllen'  data-field_id='134' ><dl class=\"arf-selectpicker-control  arf_form_field_picker \" data-id=\"field_mksxw4_60567\" data-name=\"item_meta[134]\"><dt><span>Bundesland auswaehlen <\/span><i class=\"arf-selectpicker-caret\"><\/i><\/dt><dd><ul data-id=\"field_mksxw4_60567\" id=\"\" class=\"\"><li class=\"\" data-pos=\"0\" aria-label=\"Bundesland auswaehlen\"  data-value=\"Bundesland auswaehlen\" data-label=\"Bundesland auswaehlen\">Bundesland auswaehlen<\/li><li class=\"\" data-pos=\"1\" aria-label=\"Ober&ouml;sterreich\"  data-value=\"Ober\u00f6sterreich\" data-label=\"Ober&ouml;sterreich\">Ober\u00f6sterreich<\/li><li class=\"\" data-pos=\"2\" aria-label=\"Nieder&ouml;sterreich\"  data-value=\"Nieder\u00f6sterreich\" data-label=\"Nieder&ouml;sterreich\">Nieder\u00f6sterreich<\/li><li class=\"\" data-pos=\"3\" aria-label=\"Salzburg\"  data-value=\"Salzburg\" data-label=\"Salzburg\">Salzburg<\/li><li class=\"\" data-pos=\"4\" aria-label=\"Wien\"  data-value=\"Wien\" data-label=\"Wien\">Wien<\/li><li class=\"\" data-pos=\"5\" aria-label=\"Steiermark\"  data-value=\"Steiermark\" data-label=\"Steiermark\">Steiermark<\/li><li class=\"\" data-pos=\"6\" aria-label=\"Tirol\"  data-value=\"Tirol\" data-label=\"Tirol\">Tirol<\/li><li class=\"\" data-pos=\"7\" aria-label=\"K&auml;rnten\"  data-value=\"K\u00e4rnten\" data-label=\"K&auml;rnten\">K\u00e4rnten<\/li><li class=\"\" data-pos=\"8\" aria-label=\"Vorarlberg\"  data-value=\"Vorarlberg\" data-label=\"Vorarlberg\">Vorarlberg<\/li><li class=\"\" data-pos=\"9\" aria-label=\"Wien\"  data-value=\"Wien\" data-label=\"Wien\">Wien<\/li><\/ul><\/dd><\/dl><\/div><\/div><\/div><div style=\"clear:both;\"><\/div><div id=\"arf_field_135_60567_container\" class=\"      arfformfield control-group arfmainformfield  arf_horizontal_radio  arffieldrequired arf_field_type_radio   top_container  top_container arfformfield frm_first_half arf_field_135\"  style='width: 48.291%'  data-field-type=\"radio\" data-parent_field=\"0\"><label data-type=\"radio\" for=\"field_6gkenw_60567\" class=\"arf_main_label arf_main_label_16px\" aria-label = >Wo soll die Schulung stattfinden?<span class=\"arfcheckrequiredfield\">*<\/span><\/label><div class=\"setting_radio controls arf_standard_radio \" style=\"padding-top:5px;\"><div class=\"arf_radiobutton \"><div class='arf_radio_input_wrapper'><input type=\"radio\" name=\"item_meta[135]\" data-type=\"radio\" id=\"field_135-0-60567\" data-unique-id=\"60567\" value=\"Vor Ort in unserem Betrieb\"   class=\" arf_required \" data-validation-minchecked-minchecked=\"1\" data-validation-minchecked-message=\"Bitte ausf\u00fcllen\" style=\" \" \/><span><\/span><\/div><label data-type=\"radio\" for=\"field_135-0-60567\" class=\"\">Vor Ort in unserem Betrieb<\/label><\/div><div class=\"arf_radiobutton \"><div class='arf_radio_input_wrapper'><input type=\"radio\" name=\"item_meta[135]\" data-type=\"radio\" id=\"field_135-1-60567\" data-unique-id=\"60567\" value=\"GLANZWERK Schulungszentrum\"   class=\" arf_required \" style=\" \" \/><span><\/span><\/div><label data-type=\"radio\" for=\"field_135-1-60567\" class=\"\">GLANZWERK Schulungszentrum<\/label><\/div><\/div><\/div><div class=\"arf_half_middle\"><\/div><div id=\"arf_field_136_60567_container\" class=\"    arfformfield control-group arfmainformfield  arffieldrequired arf_field_type_date  top_container  top_container arfformfield frm_last_half arf_field_136\"  style='width: 48.082%'  data-field-type=\"date\" data-parent_field=\"0\"><label data-type=\"date\" for=\"field_8wl6vn_60567\" class=\"arf_main_label arf_main_label_16px\" aria-label = >Ihr Wunschtermin<span class=\"arfcheckrequiredfield\">*<\/span><\/label><div class=\"controls arf_date_main_controls \"   ><input type=\"text\" data-date-format=\"MMM D, YYYY\" data-start-date=\"01\/01\/1876 00:00 AM\" data-cl-format=\"YYYY-MM-DD\" data-date-new-format=\"MM\/DD\/YYYY\" data-end-date=\"12\/31\/2076 11:59 PM\" data-default-date=\"\" id=\"field_8wl6vn_60567\"    class=\" arf_required frm_date arforms_datepicker_control\" data-name='item_meta[136]' data-format='MMM D, YYYY' data-field-options=\"{&quot;required&quot;:&quot;1&quot;,&quot;required_indicator&quot;:&quot;*&quot;,&quot;blank&quot;:&quot;Bitte ausf\\u00fcllen&quot;,&quot;field_width&quot;:&quot;&quot;,&quot;locale&quot;:&quot;&quot;,&quot;currentdefaultdate&quot;:0,&quot;name&quot;:&quot;Ihr Wunschtermin&quot;,&quot;default_value&quot;:&quot;&quot;,&quot;description&quot;:&quot;&quot;,&quot;placeholdertext&quot;:&quot;&quot;,&quot;show_time_calendar&quot;:&quot;&quot;,&quot;frm_show_time_calendar_field_indicator&quot;:&quot;&quot;,&quot;clock&quot;:&quot;12&quot;,&quot;step&quot;:&quot;1&quot;,&quot;off_days&quot;:&quot;&quot;,&quot;start_date&quot;:&quot;&quot;,&quot;end_date&quot;:&quot;&quot;,&quot;arf_show_min_current_date&quot;:&quot;&quot;,&quot;arf_show_max_current_date&quot;:&quot;&quot;,&quot;arf_tooltip&quot;:&quot;&quot;,&quot;frm_arf_tooltip_field_indicator&quot;:&quot;&quot;,&quot;tooltip_text&quot;:&quot;&quot;,&quot;enable_arf_prefix&quot;:&quot;0&quot;,&quot;arf_prefix_icon&quot;:&quot;&quot;,&quot;enable_arf_suffix&quot;:&quot;0&quot;,&quot;arf_suffix_icon&quot;:&quot;&quot;,&quot;classes&quot;:&quot;arf_2&quot;,&quot;inner_class&quot;:&quot;arf_2col&quot;,&quot;key&quot;:&quot;8wl6vn&quot;,&quot;selectdefaultdate&quot;:&quot;&quot;,&quot;arfnewdateformat&quot;:&quot;&quot;,&quot;css_outer_wrapper&quot;:&quot;&quot;,&quot;css_label&quot;:&quot;&quot;,&quot;css_input_element&quot;:&quot;&quot;,&quot;css_description&quot;:&quot;&quot;,&quot;css_add_icon&quot;:&quot;&quot;,&quot;type&quot;:&quot;date&quot;,&quot;arf_regular_expression&quot;:&quot;&quot;}\" data-validation-required-message=\"Bitte ausf\u00fcllen\" \/><input type=\"hidden\" name=\"item_meta[136]\" id=\"field_8wl6vn_60567_formatted\" \/><\/div><\/div><div style=\"clear:both;\"><\/div><div id=\"arf_field_137_60567_container\" class=\"    arfformfield control-group arfmainformfield  arffieldrequired arf_field_type_email  top_container   top_container arfformfield frm_first_half arf_field_137\"  style='width: 48.291%'  data-field-type=\"email\" data-parent_field=\"0\"><label data-type=\"email\" for=\"field_2yznl2_60567\" class=\"arf_main_label arf_main_label_16px\" aria-label = >Ihre Email Adresse<span class=\"arfcheckrequiredfield\">*<\/span><\/label><div class=\"controls\"   ><input type=\"text\" id=\"field_2yznl2_60567\" name=\"item_meta[137]\"  class=\" arf_required \" data-validation-required-message=\"Bitte ausf\u00fcllen\"  data-validation-regex-regex=\"[\\p{L}0-9._-]+@[\\p{L}0-9.-]+\\.[\\p{L}]+\" data-validation-regex-message=\"E-mail ist ung\u00fcltig\"  \/><\/div><\/div><div class=\"arf_half_middle\"><\/div><div id=\"arf_field_138_60567_container\" class=\"    arfformfield control-group arfmainformfield  arffieldrequired arf_field_type_text  top_container top_container arfformfield frm_last_half  arf_field_138\"  style='width: 48.082%' data-field-type=\"text\" data-parent_field=\"0\" ><label data-type=\"text\" for=\"field_rvwaik_60567\" class=\"arf_main_label arf_main_label_16px\" aria-label = >Telefonisch erreichbar unter:<span class=\"arfcheckrequiredfield\">*<\/span><\/label><div class=\"controls\"   ><input   type=\"text\" id=\"field_rvwaik_60567\"  name=\"item_meta[138]\"  class=\" arf_required \" data-validation-required-message=\"Bitte ausf\u00fcllen\"   \/><\/div><\/div><div style=\"clear:both;\"><\/div><div style=\"clear:both;height:1px;\">&nbsp;<\/div><\/div><!-- page_break && page_0--><div class=\"arfsubmitbutton top_container\" ><div class=\"arf_submit_div  top_container\"><input type=\"hidden\" data-jqvalidate=\"false\" value=\"1\" name=\"is_submit_form_103\" data-id=\"is_submit_form_103\" \/><input type=\"hidden\" data-jqvalidate=\"false\" value=\"0\" data-val=\"0\" data-max=\"0\" name=\"submit_form_103\" data-id=\"submit_form_103\" \/><button class=\"arf_submit_btn  arf_submit_btn_border   btn-info arfstyle-button  unknown\"  id=\"arf_submit_btn_60567\" name=\"arf_submit_btn_60567\" data-style=\"zoom-in\"  ><span class=\"arfsubmitloader\"><\/span><span class=\"arfstyle-label\">Schulungsanfrage SENDEN<\/span><\/button><\/div><\/div><div style=\"clear:both\"><\/div><\/div><!-- arf_fieldset --><\/div><!-- allfields --><\/form><\/div><!--arf_form_outer_wrapper --><div class=\"brand-div\"><\/div><div class=\"\"><input type=\"hidden\" data-jqvalidate=\"false\" name=\"form_id\" data-id=\"form_id\" value=\"103\" \/><input type=\"hidden\" data-jqvalidate=\"false\" name=\"arfmainformurl\" data-id=\"arfmainformurl\" value=\"https:\/\/www.xclean.at\/portal\/wp-content\/plugins\/arforms\" \/><\/div>[\/vc_column_text][\/vc_column][vc_column width=&#8221;1\/3&#8243;][vc_single_image image=&#8221;20762&#8243; img_size=&#8221;full&#8221; alignment=&#8221;center&#8221;]\n<div id=\"owl-testimonials\" class=\"owl-carousel testimonials-slider testimonials\" data-navigation=\"1\" data-interval=\"10000\" >\n<div id=\"quote-21538\" class=\"item quote first\"><blockquote class=\"testimonials-text\">War sehr zufrieden mit der XCLEAN Schulung, alle unsere Mitarbeiter waren mit Freude dabei.<\/blockquote><div class=\"testimonial-info\"> <a class=\"avatar-link\"><img decoding=\"async\" src=\"\"><\/a> <div class=\"testimonial-author\"><cite class=\"author\"><strong>Franz Hauser<\/strong> <span class=\"excerpt\">Leitung BMW Steyr<\/span><!--\/.excerpt-->\n<\/cite><!--\/.author-->\n<\/div><\/div> <div class=\"clear\"><\/div><\/div><div id=\"quote-21545\" class=\"item quote last\"><blockquote class=\"testimonials-text\">Ein wirklich Informatives und Praxisorientiertes Schulungsprogramm der Firma X-Clean. Kann ich nur weiterempfehlen.<\/blockquote><div class=\"testimonial-info\">  <div class=\"testimonial-author\"><cite class=\"author\"><strong>Dr. Hugo Pfeifer<\/strong> <span class=\"excerpt\">Autohaus Pfeifer<\/span><!--\/.excerpt-->\n<\/cite><!--\/.author-->\n<\/div><\/div> <div class=\"clear\"><\/div><\/div><\/div><!--\/.testimonials-->\n\n[vc_separator]\n<div id=\"interactive-banner-1-wrap-8058\" class=\"ult-banner-block ult-adjust-bottom-margin ult-bb-none  banner-style01 \"   style=\"\">\n\t<img decoding=\"async\" src=\"https:\/\/www.xclean.at\/portal\/wp-content\/uploads\/2015\/06\/pflege-mit-system.jpg\" alt=\"\">\n\t<h3  data-ultimate-target='#interactive-banner-1-wrap-8058 .bb-top-title '  data-responsive-json-new='{\"font-size\":\"\",\"line-height\":\"\"}'  class=\"title-center bb-top-title ult-responsive\" style=\"font-weight:normal;background:#dd3333;color:#ffffff;\">Schulung anfordern<i class=\"Defaults-edit pencil-square-o\"  style= \"color:#ffffff;\"><\/i><\/h3>\n\t<div class=\"mask opaque-background\" style=\"background:#242424;\">\n\t\t<div  data-ultimate-target='#interactive-banner-1-wrap-8058 .bb-description'  data-responsive-json-new='{\"font-size\":\"\",\"line-height\":\"\"}'  class=\"bb-description ult-responsive\" style=\"font-weight:normal;color:#ffffff;\">Sie m\u00f6chten eine X-Clean Schulung f\u00fcr Ihren Betrieb? F\u00fcllen Sie ganz einfach nebenstehendes Formular aus und wir werden uns schnellstm\u00f6glich mit Ihnen in Verbindung setzen.<\/div>\n\t<\/div>\n<\/div>[vc_column_text]<\/p>\n<h3>Schulungsinhalte:<\/h3>\n<ul>\n<li>\n<h4>Vorbereitung<\/h4>\n<\/li>\n<li>\n<h4>Vorreinigung<\/h4>\n<\/li>\n<li>\n<h4>Innenreinigung<\/h4>\n<\/li>\n<li>\n<h4>Innenraum Pflege<\/h4>\n<\/li>\n<li>\n<h4>Polieren<\/h4>\n<\/li>\n<li>\n<h4>Versiegelung<\/h4>\n<\/li>\n<li>\n<h4>Kunststoffpflege<\/h4>\n<\/li>\n<li>\n<h4>Umgang mit Chemie<\/h4>\n<\/li>\n<li>\n<h4>Arbeitssicherheit<\/h4>\n<\/li>\n<\/ul>\n<p>[\/vc_column_text][\/vc_column][\/vc_row]<\/p>\n<\/div>","protected":false},"excerpt":{"rendered":"<p>&#8230;<\/p>\n","protected":false},"author":10,"featured_media":0,"parent":0,"menu_order":0,"comment_status":"closed","ping_status":"closed","template":"","meta":{"_exactmetrics_skip_tracking":false,"_exactmetrics_sitenote_active":false,"_exactmetrics_sitenote_note":"","_exactmetrics_sitenote_category":0,"footnotes":""},"yst_prominent_words":[447,637,450,460,451,459,453,446,455,452,433,456,449,458,454,226,457,461,435,448],"class_list":["post-21522","page","type-page","status-publish","hentry"],"_links":{"self":[{"href":"https:\/\/www.xclean.at\/portal\/wp-json\/wp\/v2\/pages\/21522"}],"collection":[{"href":"https:\/\/www.xclean.at\/portal\/wp-json\/wp\/v2\/pages"}],"about":[{"href":"https:\/\/www.xclean.at\/portal\/wp-json\/wp\/v2\/types\/page"}],"author":[{"embeddable":true,"href":"https:\/\/www.xclean.at\/portal\/wp-json\/wp\/v2\/users\/10"}],"replies":[{"embeddable":true,"href":"https:\/\/www.xclean.at\/portal\/wp-json\/wp\/v2\/comments?post=21522"}],"version-history":[{"count":27,"href":"https:\/\/www.xclean.at\/portal\/wp-json\/wp\/v2\/pages\/21522\/revisions"}],"predecessor-version":[{"id":133308,"href":"https:\/\/www.xclean.at\/portal\/wp-json\/wp\/v2\/pages\/21522\/revisions\/133308"}],"wp:attachment":[{"href":"https:\/\/www.xclean.at\/portal\/wp-json\/wp\/v2\/media?parent=21522"}],"wp:term":[{"taxonomy":"yst_prominent_words","embeddable":true,"href":"https:\/\/www.xclean.at\/portal\/wp-json\/wp\/v2\/yst_prominent_words?post=21522"}],"curies":[{"name":"wp","href":"https:\/\/api.w.org\/{rel}","templated":true}]}}