{"id":21630,"date":"2015-11-09T16:29:10","date_gmt":"2015-11-09T15:29:10","guid":{"rendered":"http:\/\/www.xclean.at\/portal\/?page_id=21630"},"modified":"2019-04-01T09:36:49","modified_gmt":"2019-04-01T07:36:49","slug":"technischer-service","status":"publish","type":"page","link":"https:\/\/www.xclean.at\/portal\/service\/technischer-service\/","title":{"rendered":"Technischer Service"},"content":{"rendered":"<div class=\"wpb-content-wrapper\"><p>[vc_row][vc_column][vc_column_text]<\/p>\n<h4>Sie ben\u00f6tigen technische Unterst\u00fctzung oder fachkundige Beratung?<\/h4>\n<p>[\/vc_column_text][\/vc_column][\/vc_row][vc_row][vc_column][vc_column_text]Geschulte und kompetente Anwendungstechniker stehen bundesweit f\u00fcr ein Einstellservice zur Verf\u00fcgung und sorgen in der Waschanlage f\u00fcr perfekte\u00a0 Wirtschaftlichkeit und gezielte Fachberatung zur Anwendungs- und Abwassertechnik.[\/vc_column_text][\/vc_column][\/vc_row][vc_row][vc_column][vc_column_text]<style type=\"text\/css\" id=\"104\" data-form-unique-id=\"34685\" ><\/style><div class=\"arf_form ar_main_div_104 arf_form_outer_wrapper \" id=\"arffrm_104_container\"><div id=\"arf_message_error\" class=\"frm_error_style\" style=\"display:none;\"><div class=\"msg-detail\"><div class=\"msg-description-success\">Formulareinreichung ist eingeschr\u00e4nkt<\/div><\/div><\/div><div id=\"arf_message_success_popup\" style=\"display:none;\"><div class=\"msg-detail\"><div class=\"msg-description-success\">Ihre Anfrage wurde erfolgreich versendet<\/div><\/div><\/div><form enctype=\"multipart\/form-data\" method=\"post\" class=\"arfshowmainform  \" style=\"\" data-form-id=\"form_dhhdsl\"  novalidate=\"\" onsubmit=\"return arf_validate_form_submit()\" arf_form_submit = 0 data-id=\"34685\"  data-random-id=\"104_zqmiMm3er6\"  data-submission-key=\"p8ZWZs2R\"  data-key-validate=\"false\"  data-popup-id=\"\"><label for='arf_filter_input_104_zqmiMm3er6' class='arf_hidden_element' style='color:transparent !important;'>Filter<\/label><input id='arf_filter_input_104_zqmiMm3er6' type='text' name='arf_filter_input' data-jqvalidate='false' data-random-key='104_zqmiMm3er6' value='' style='opacity:0 !important;display:none !important;visibility:hidden !important;' \/><input type='hidden' id='arf_ajax_url' value='https:\/\/www.xclean.at\/portal\/wp-admin\/admin-ajax.php' \/><input type=\"hidden\" data-jqvalidate=\"false\" class=\"kpress\" value=\"\" \/><input type=\"hidden\" data-jqvalidate=\"false\" class=\"stime\" value=\"1777703875\" \/><input type=\"hidden\" data-jqvalidate=\"false\" data-id=\"nonce_start_time\" class=\"nonce_start_time\" value=\"form_filter_st\" \/><input type=\"hidden\" data-jqvalidate=\"false\" data-id=\"nonce_keyboard_press\" class=\"nonce_keyboard_press\" value=\"form_filter_kp\" \/><input type=\"hidden\" data-jqvalidate=\"false\" data-id=\"arm_nonce_check\" name=\"arm_nonce_check\" value=\"612e8c68e1\" \/><input type=\"hidden\" data-jqvalidate=\"false\" name=\"arf_redirect_url_to\" id=\"arf_redirect_url_to\" value=\"same_tab\" \/><input type=\"hidden\" data-jqvalidate=\"false\" name=\"arf_browser_name\" data-id=\"arf_browser_name\" data-version=\"unknown\" value=\"Unknown\" \/><input type=\"hidden\" data-jqvalidate=\"false\" name=\"arforms_nonce\" id=\"arforms_nonce\" value=\"0ec42b6da4\" \/><input type=\"hidden\" data-jqvalidate=\"false\" name=\"arfdecimal_separator\" data-id=\"arfdecimal_separator\" value=\".\" \/><input type=\"hidden\" data-jqvalidate=\"false\" name=\"form_key_104\" data-id=\"form_key_104\" value=\"dhhdsl\" \/><input type=\"hidden\" data-jqvalidate=\"false\" name=\"arf_success_message_show_time_104\" data-id=\"arf_success_message_show_time_104\" value=\"3\" \/><input type=\"hidden\" data-jqvalidate=\"false\" name=\"arf_form_hide_after_submit_104\" data-id=\"arf_form_hide_after_submit_104\" value=\"\" \/><input type=\"hidden\" data-jqvalidate=\"false\" name=\"is_form_preview_104\" data-id=\"is_form_preview_104\" value=\"\" \/><input type=\"hidden\" data-jqvalidate=\"false\" name=\"arf_validate_outside_104\" data-id=\"arf_validate_outside_104\" data-validate=\"0\" value=\"0\" \/><input type=\"hidden\" data-jqvalidate=\"false\" name=\"arf_is_validate_outside_104\" data-id=\"arf_is_validate_outside_104\" data-validate=\"0\" value=\"0\" \/><input type=\"hidden\" data-jqvalidate=\"false\" name=\"arf_is_resetform_aftersubmit_104\" data-id=\"arf_is_resetform_aftersubmit_104\" value=\"1\" \/><input type=\"hidden\" data-jqvalidate=\"false\" name=\"arf_is_resetform_outside_104\" data-id=\"arf_is_resetform_outside_104\" value=\"0\" \/><input type=\"hidden\" data-jqvalidate=\"false\" name=\"arf_form_enable_cookie_104\" data-id=\"arf_form_enable_cookie_104\" value=\"\" \/><input type=\"hidden\" data-jqvalidate=\"false\" name=\"arf_tooltip_settings_104\" data-id=\"arf_tooltip_settings_104\" class=\"arf_front_tooltip_settings\" data-form-id=\"104\" data-color=\"#FFFFFF\" data-position=\"top\" data-width=\"\" data-bg-color=\"#000000\" \/><input type=\"hidden\" data-jqvalidate=\"false\" name=\"arfsuccessmsgposition_104\" data-id=\"arfsuccessmsgposition_104\"  value=\"top\" \/><input type=\"hidden\" data-jqvalidate=\"false\" name=\"arfpagebreakstyle_104\" data-id=\"arfpagebreakstyle_104\"  value=\"number\" \/><input type=\"hidden\" data-jqvalidate=\"false\" name=\"arfpagebreakaddtimer_104\" data-id=\"arfpagebreakaddtimer_104\" value=\"0\" \/><input type=\"hidden\" data-jqvalidate=\"false\" name=\"form_tooltip_error_104\" data-id=\"form_tooltip_error_104\" data-color=\"\" data-position=\"bottom\" value=\"advance\" \/><input type=\"hidden\" data-jqvalidate=\"false\" name=\"arfaction\" value=\"create\" \/><input type=\"hidden\" data-jqvalidate=\"false\" name=\"form_id\" data-id=\"form_id\" value=\"104\" \/><input type=\"hidden\" data-jqvalidate=\"false\" name=\"form_data_id\" data-id=\"form_data_id\" value=\"34685\" \/><input type=\"hidden\" data-jqvalidate=\"false\" name=\"form_key\" data-id=\"form_key\" value=\"dhhdsl\" \/><input type=\"hidden\" data-jqvalidate=\"false\" name=\"arf_ajax_url\" value=\"https:\/\/www.xclean.at\/portal\/wp-admin\/admin-ajax.php\" \/><input type=\"hidden\" data-jqvalidate=\"false\" name=\"form_display_type\" data-id=\"form_display_type\" value=\"0|https:\/\/www.xclean.at\/portal\/service\/technischer-service\/\" \/><input type=\"hidden\" data-jqvalidate=\"false\" name=\"form_submit_type\" data-id=\"form_submit_type\" value=\"1\" \/><input type=\"hidden\" data-jqvalidate=\"false\" name=\"arf_http_referrer_url\" data-id=\"arf_http_referrer_url\" value=\"\" \/><input type=\"hidden\" data-jqvalidate=\"false\" name=\"entry_key\" value=\"\" \/><input type=\"hidden\" data-jqvalidate=\"false\" name=\"arf_skip_captcha\" data-id=\"arf_skip_captcha\" value=\"\" \/><input type='hidden' id='arf_pb_field_animation_duration_front_104' name='arf_pb_field_animation_duration_front_104' value='' \/><input type='hidden' id='arf_pb_field_animation_delay_front_104' name='arf_pb_field_animation_delay_front_104' value='' \/><input type='hidden' id='arf_pb_field_animation_inherit_104' name='arf_pb_field_animation_inherit_104' value='0' \/><input type='hidden' id='arf_field_animation_style_front_104' name='arf_field_animation_style_front_104' value='' \/><input type='hidden' id='arf_field_animation_duration_front_104' name='arf_field_animation_duration_front_104' value='' \/><input type='hidden' id='arf_field_animation_delay_front_104' name='arf_field_animation_delay_front_104' value='' \/><input type=\"hidden\" id=\"arf_form_site_wide_104\" value=\"\" \/><div class=\"allfields\" ><div class=\"arf_fieldset arf_standard_form\" id=\"arf_fieldset_34685\"><div class=\"arftitlecontainer\"><div class=\"formtitle_style\">Sie ben\u00f6tigen Hilfe?<\/div><div class=\"arf_field_description formdescription_style\">Bitte f\u00fcllen Sie nachstehendes Formular aus, unser Service Team wird Sie schnellstm\u00f6glich kontaktieren-<\/div><\/div><div id=\"page_0\" class=\"page_break\"><div id=\"arf_field_186_34685_container\" class=\"    arfformfield input-field control-group arfmainformfield  arf_field_type_select  top_container  top_container arfformfield frm_first_third arf_field_186\"  style='width: 31.015%'  data-field-type=\"select\" data-parent_field=\"0\"><label data-type=\"select\" for=\"field_smrvfz_34685\" class=\"arf_main_label arf_main_label_16px\" aria-label = >Anrede<\/label><div class=\" sltstandard_front controls\"  ><div class=\"arf_selectpicker_wrapper\" style=\"min-width:100px; \"><input type=\"text\" autocomplete=\"off\" class=\"arf-selectpicker-input-control \" id=\"field_smrvfz_34685\" name=\"item_meta[186]\" value=\"Herr\"  data-default-val='Herr'  data-field_id='186' ><dl class=\"arf-selectpicker-control  arf_form_field_picker \" data-id=\"field_smrvfz_34685\" data-name=\"item_meta[186]\"><dt><span>Herr <\/span><i class=\"arf-selectpicker-caret\"><\/i><\/dt><dd><ul data-id=\"field_smrvfz_34685\" id=\"\" class=\"\"><li class=\"\" data-pos=\"0\" aria-label=\"Herr\"  data-value=\"Herr\" data-label=\"Herr\">Herr<\/li><li class=\"\" data-pos=\"1\" aria-label=\"Frau\"  data-value=\"Frau\" data-label=\"Frau\">Frau<\/li><\/ul><\/dd><\/dl><\/div><\/div><\/div><div class=\"arf_half_middle\"><\/div><div id=\"arf_field_187_34685_container\" class=\"    arfformfield control-group arfmainformfield  arffieldrequired arf_field_type_text  top_container top_container arfformfield frm_third  arf_field_187\"  style='width: 31.015%' data-field-type=\"text\" data-parent_field=\"0\" ><label data-type=\"text\" for=\"field_idl9jo_34685\" class=\"arf_main_label arf_main_label_16px\" aria-label = >Vorname<span class=\"arfcheckrequiredfield\">*<\/span><\/label><div class=\"controls\"   ><input   type=\"text\" id=\"field_idl9jo_34685\"  name=\"item_meta[187]\"  class=\" arf_required \" data-validation-required-message=\"Bitte ausf\u00fcllen\"   \/><\/div><\/div><div class=\"arf_third_middle\"><\/div><div id=\"arf_field_188_34685_container\" class=\"    arfformfield control-group arfmainformfield  arffieldrequired arf_field_type_text  top_container top_container arfformfield frm_last_third  arf_field_188\"  style='width: 31.015%' data-field-type=\"text\" data-parent_field=\"0\" ><label data-type=\"text\" for=\"field_dou11d_34685\" class=\"arf_main_label arf_main_label_16px\" aria-label = >Nachname<span class=\"arfcheckrequiredfield\">*<\/span><\/label><div class=\"controls\"   ><input   type=\"text\" id=\"field_dou11d_34685\"  name=\"item_meta[188]\"  class=\" arf_required \" data-validation-required-message=\"Bitte ausf\u00fcllen\"   \/><\/div><\/div><div style=\"clear:both;\"><\/div><div id=\"arf_field_189_34685_container\" class=\"    arfformfield control-group arfmainformfield  arf_field_type_text  top_container top_container arfformfield frm_first_half  arf_field_189\"  style='width: 48.288%' data-field-type=\"text\" data-parent_field=\"0\" ><label data-type=\"text\" for=\"field_64rqnu_34685\" class=\"arf_main_label arf_main_label_16px\" aria-label = >Firma<\/label><div class=\"controls\"   ><input   type=\"text\" id=\"field_64rqnu_34685\"  name=\"item_meta[189]\"   \/><\/div><\/div><div class=\"arf_half_middle\"><\/div><div id=\"arf_field_190_34685_container\" class=\"    arfformfield input-field control-group arfmainformfield  arffieldrequired arf_field_type_select  top_container  top_container arfformfield frm_last_half arf_field_190\"  style='width: 48.075%'  data-field-type=\"select\" data-parent_field=\"0\"><label data-type=\"select\" for=\"field_3tegz7_34685\" class=\"arf_main_label arf_main_label_16px\" aria-label = >Bundesland<span class=\"arfcheckrequiredfield\">*<\/span><\/label><div class=\" sltstandard_front controls\"  ><div class=\"arf_selectpicker_wrapper\" style=\"min-width:100px; \"><input type=\"text\" autocomplete=\"off\" class=\"arf-selectpicker-input-control \" id=\"field_3tegz7_34685\" name=\"item_meta[190]\" value=\"Bundesland auswaehlen\"  data-default-val='Bundesland auswaehlen'  data-validation-required-message='Bitte ausf\u00fcllen'  data-field_id='190' ><dl class=\"arf-selectpicker-control  arf_form_field_picker \" data-id=\"field_3tegz7_34685\" data-name=\"item_meta[190]\"><dt><span>Bundesland auswaehlen <\/span><i class=\"arf-selectpicker-caret\"><\/i><\/dt><dd><ul data-id=\"field_3tegz7_34685\" id=\"\" class=\"\"><li class=\"\" data-pos=\"0\" aria-label=\"Bundesland auswaehlen\"  data-value=\"Bundesland auswaehlen\" data-label=\"Bundesland auswaehlen\">Bundesland auswaehlen<\/li><li class=\"\" data-pos=\"1\" aria-label=\"Ober&ouml;sterreich\"  data-value=\"Ober\u00f6sterreich\" data-label=\"Ober&ouml;sterreich\">Ober\u00f6sterreich<\/li><li class=\"\" data-pos=\"2\" aria-label=\"Nieder&ouml;sterreich\"  data-value=\"Nieder\u00f6sterreich\" data-label=\"Nieder&ouml;sterreich\">Nieder\u00f6sterreich<\/li><li class=\"\" data-pos=\"3\" aria-label=\"Salzburg\"  data-value=\"Salzburg\" data-label=\"Salzburg\">Salzburg<\/li><li class=\"\" data-pos=\"4\" aria-label=\"Wien\"  data-value=\"Wien\" data-label=\"Wien\">Wien<\/li><li class=\"\" data-pos=\"5\" aria-label=\"Steiermark\"  data-value=\"Steiermark\" data-label=\"Steiermark\">Steiermark<\/li><li class=\"\" data-pos=\"6\" aria-label=\"Tirol\"  data-value=\"Tirol\" data-label=\"Tirol\">Tirol<\/li><li class=\"\" data-pos=\"7\" aria-label=\"K&auml;rnten\"  data-value=\"K\u00e4rnten\" data-label=\"K&auml;rnten\">K\u00e4rnten<\/li><li class=\"\" data-pos=\"8\" aria-label=\"Vorarlberg\"  data-value=\"Vorarlberg\" data-label=\"Vorarlberg\">Vorarlberg<\/li><li class=\"\" data-pos=\"9\" aria-label=\"Wien\"  data-value=\"Wien\" data-label=\"Wien\">Wien<\/li><\/ul><\/dd><\/dl><\/div><\/div><\/div><div style=\"clear:both;\"><\/div><div id=\"arf_field_193_34685_container\" class=\"    arfformfield control-group arfmainformfield  arffieldrequired arf_field_type_email  top_container   top_container arfformfield frm_first_half arf_field_193\"  style='width: 48.288%'  data-field-type=\"email\" data-parent_field=\"0\"><label data-type=\"email\" for=\"field_p7sq39_34685\" class=\"arf_main_label arf_main_label_16px\" aria-label = >Ihre Email Adresse<span class=\"arfcheckrequiredfield\">*<\/span><\/label><div class=\"controls\"   ><input type=\"text\" id=\"field_p7sq39_34685\" name=\"item_meta[193]\"  class=\" arf_required \" data-validation-required-message=\"Bitte ausf\u00fcllen\"  data-validation-regex-regex=\"[\\p{L}0-9._-]+@[\\p{L}0-9.-]+\\.[\\p{L}]+\" data-validation-regex-message=\"E-mail ist ung\u00fcltig\"  \/><\/div><\/div><div class=\"arf_half_middle\"><\/div><div id=\"arf_field_194_34685_container\" class=\"    arfformfield control-group arfmainformfield  arffieldrequired arf_field_type_text  top_container top_container arfformfield frm_last_half  arf_field_194\"  style='width: 48.075%' data-field-type=\"text\" data-parent_field=\"0\" ><label data-type=\"text\" for=\"field_26sw59_34685\" class=\"arf_main_label arf_main_label_16px\" aria-label = >Telefonisch erreichbar unter:<span class=\"arfcheckrequiredfield\">*<\/span><\/label><div class=\"controls\"   ><input   type=\"text\" id=\"field_26sw59_34685\"  name=\"item_meta[194]\"  class=\" arf_required \" data-validation-required-message=\"Bitte ausf\u00fcllen\"   \/><\/div><\/div><div style=\"clear:both;\"><\/div><div id=\"arf_field_202_34685_container\" class=\"    arfformfield control-group arfmainformfield  arffieldrequired arf_field_type_textarea  top_container top_container arfformfield   arf_field_202\"  style='width: 100%'  data-field-type=\"textarea\" data-parent_field=\"0\"><label data-type=\"textarea\" for=\"field_624rdu_34685\" class=\"arf_main_label arf_main_label_16px\" aria-label = >Kurze Beschreibung Ihres Problems<span class=\"arfcheckrequiredfield\">*<\/span><\/label><div class=\"controls\"   ><textarea name=\"item_meta[202]\" id=\"field_624rdu_34685\"  maxlength=\"3\"  class=\" arf_text_is_countable arf_required \" maxlength=\"3\"  class=\"arf_text_is_countable\"  data-validation-required-message=\"Bitte ausf\u00fcllen\"  maxlength=\"3\" data-validation-maxlength-message=\"Ung\u00fcltige maximale Zeichenl\u00e4nge\"  ><\/textarea><div class=\"arfcount_text_char_div\"><span class=\"arftextarea_char_count\">0<\/span> \/ 3<\/div><\/div><\/div><div style=\"clear:both;\"><\/div><div id=\"arf_field_1101_34685_container\" class=\"    arfformfield control-group arfmainformfield  arf_horizontal_radio  arffieldrequired arf_field_type_checkbox   top_container  top_container arfformfield  arf_field_1101\"  style='width: 100%'  data-field-type=\"checkbox\" data-parent_field=\"0\"><label data-type=\"checkbox\" for=\"field_eqccy4_34685\" class=\"arf_main_label arf_main_label_16px\" aria-label = >Sie erkl\u00e4ren sich damit einverstanden, da\u00df Ihre Daten zur Bearbeitung Ihres Anliegens verwendet werden. Weitere informationen finden Sie in unserer Datenschutzerkl\u00e4rung.<span class=\"arfcheckrequiredfield\">*<\/span><\/label><div class=\"setting_checkbox controls arf_standard_checkbox\" style=\"padding-top:5px;\" ><div class=\"arf_checkbox_style \" id=\"frm_checkbox_1101-0\"><div class='arf_checkbox_input_wrapper '><input type=\"checkbox\" name=\"item_meta[1101][]\" data-type=\"checkbox\" id=\"field_1101-0-34685\" value=\"Ich bin einverstanden\" data-label=\"Ich bin einverstanden\"    class=\" arf_required \"data-validation-minchecked-minchecked=\"1\" data-validation-minchecked-message=\"Dieses Feld darf nicht leer sein.\" style=''  \/><span><\/span><\/div><label data-type=\"checkbox\" for=\"field_1101-0-34685\" aria-label=\"Ich bin einverstanden\">Ich bin einverstanden<\/label><\/div><\/div><\/div><div style=\"clear:both;\"><\/div><div style=\"clear:both;height:1px;\">&nbsp;<\/div><\/div><!-- page_break && page_0--><div class=\"arfsubmitbutton top_container\" ><div class=\"arf_submit_div  top_container\"><input type=\"hidden\" data-jqvalidate=\"false\" value=\"1\" name=\"is_submit_form_104\" data-id=\"is_submit_form_104\" \/><input type=\"hidden\" data-jqvalidate=\"false\" value=\"0\" data-val=\"0\" data-max=\"0\" name=\"submit_form_104\" data-id=\"submit_form_104\" \/><button class=\"arf_submit_btn  arf_submit_btn_border   btn-info arfstyle-button  unknown\"  id=\"arf_submit_btn_34685\" name=\"arf_submit_btn_34685\" data-style=\"zoom-in\"  ><span class=\"arfsubmitloader\"><\/span><span class=\"arfstyle-label\">ABSENDEN<\/span><\/button><\/div><\/div><div style=\"clear:both\"><\/div><\/div><!-- arf_fieldset --><\/div><!-- allfields --><\/form><script type='text\/javascript' data-cfasync='false'>if(!window['arf_conditional_logic']){window['arf_conditional_logic'] = new Array();}window['arf_conditional_logic'][34685] = {\"logic\":[],\"dependents\":[],\"defaults\":[]};if(!window['arf_pages_fields']){window['arf_pages_fields'] = new Array();}window['arf_pages_fields'][34685] = [{\"field_id\":\"186\",\"field_key\":\"smrvfz\",\"default_value\":\"Herr\",\"field_type\":\"select\",\"page_no\":0,\"heading_id\":0,\"repeater_id\":0},{\"field_id\":\"187\",\"field_key\":\"idl9jo\",\"default_value\":\"\",\"field_type\":\"text\",\"page_no\":0,\"heading_id\":0,\"repeater_id\":0},{\"field_id\":\"188\",\"field_key\":\"dou11d\",\"default_value\":\"\",\"field_type\":\"text\",\"page_no\":0,\"heading_id\":0,\"repeater_id\":0},{\"field_id\":\"189\",\"field_key\":\"64rqnu\",\"default_value\":\"\",\"field_type\":\"text\",\"page_no\":0,\"heading_id\":0,\"repeater_id\":0},{\"field_id\":\"190\",\"field_key\":\"3tegz7\",\"default_value\":\"Bundesland auswaehlen\",\"field_type\":\"select\",\"page_no\":0,\"heading_id\":0,\"repeater_id\":0},{\"field_id\":\"193\",\"field_key\":\"p7sq39\",\"default_value\":\"\",\"field_type\":\"email\",\"page_no\":0,\"heading_id\":0,\"repeater_id\":0},{\"field_id\":\"194\",\"field_key\":\"26sw59\",\"default_value\":\"\",\"field_type\":\"text\",\"page_no\":0,\"heading_id\":0,\"repeater_id\":0},{\"field_id\":\"202\",\"field_key\":\"624rdu\",\"default_value\":\"\",\"field_type\":\"textarea\",\"page_no\":0,\"heading_id\":0,\"repeater_id\":0},{\"field_id\":\"1101\",\"field_key\":\"eqccy4\",\"default_value\":[],\"field_type\":\"checkbox\",\"page_no\":0,\"heading_id\":0,\"repeater_id\":0}];<\/script><\/div><!--arf_form_outer_wrapper --><div class=\"brand-div\"><\/div><div class=\"\"><input type=\"hidden\" data-jqvalidate=\"false\" name=\"form_id\" data-id=\"form_id\" value=\"104\" \/><input type=\"hidden\" data-jqvalidate=\"false\" name=\"arfmainformurl\" data-id=\"arfmainformurl\" value=\"https:\/\/www.xclean.at\/portal\/wp-content\/plugins\/arforms\" \/><\/div>[\/vc_column_text][\/vc_column][\/vc_row]<\/p>\n<\/div>","protected":false},"excerpt":{"rendered":"<p>&#8230;<\/p>\n","protected":false},"author":10,"featured_media":0,"parent":21528,"menu_order":0,"comment_status":"closed","ping_status":"closed","template":"","meta":{"_exactmetrics_skip_tracking":false,"_exactmetrics_sitenote_active":false,"_exactmetrics_sitenote_note":"","_exactmetrics_sitenote_category":0,"footnotes":""},"yst_prominent_words":[470,460,603],"class_list":["post-21630","page","type-page","status-publish","hentry"],"_links":{"self":[{"href":"https:\/\/www.xclean.at\/portal\/wp-json\/wp\/v2\/pages\/21630"}],"collection":[{"href":"https:\/\/www.xclean.at\/portal\/wp-json\/wp\/v2\/pages"}],"about":[{"href":"https:\/\/www.xclean.at\/portal\/wp-json\/wp\/v2\/types\/page"}],"author":[{"embeddable":true,"href":"https:\/\/www.xclean.at\/portal\/wp-json\/wp\/v2\/users\/10"}],"replies":[{"embeddable":true,"href":"https:\/\/www.xclean.at\/portal\/wp-json\/wp\/v2\/comments?post=21630"}],"version-history":[{"count":9,"href":"https:\/\/www.xclean.at\/portal\/wp-json\/wp\/v2\/pages\/21630\/revisions"}],"predecessor-version":[{"id":21925,"href":"https:\/\/www.xclean.at\/portal\/wp-json\/wp\/v2\/pages\/21630\/revisions\/21925"}],"up":[{"embeddable":true,"href":"https:\/\/www.xclean.at\/portal\/wp-json\/wp\/v2\/pages\/21528"}],"wp:attachment":[{"href":"https:\/\/www.xclean.at\/portal\/wp-json\/wp\/v2\/media?parent=21630"}],"wp:term":[{"taxonomy":"yst_prominent_words","embeddable":true,"href":"https:\/\/www.xclean.at\/portal\/wp-json\/wp\/v2\/yst_prominent_words?post=21630"}],"curies":[{"name":"wp","href":"https:\/\/api.w.org\/{rel}","templated":true}]}}