{"id":22608,"date":"2015-11-26T16:31:30","date_gmt":"2015-11-26T15:31:30","guid":{"rendered":"http:\/\/www.xclean.at\/portal\/?page_id=22608"},"modified":"2015-11-27T10:35:22","modified_gmt":"2015-11-27T09:35:22","slug":"datenschutz","status":"publish","type":"page","link":"https:\/\/www.xclean.at\/portal\/datenschutz\/","title":{"rendered":"Datenschutz"},"content":{"rendered":"<h3><strong>Datenschutzhinweis:<\/strong><\/h3>\n<p><strong>Erhebung, Verarbeitung und Nutzung personenbezogener Daten<\/strong><br \/>\nDer Schutz Ihrer Daten liegt uns am Herzen. Um unseren online-shop zu besuchen, m\u00fcssen Sie keine Daten angeben. Wir speichern lediglich anonymisierte<br \/>\nZugriffsdaten ohne Personenbezug, wie z.B. Namen Ihres Internetserviceproviders, die Seite, von der aus Sie uns besuchen oder den Namen der angeforderten Datei. Zur Datenerhebung k\u00f6nnen dabei cookies eingesetzt werden, die allerdings ebenfalls die Daten ausschlie\u00dflich in anonymer oder pseudonymer Form erheben und speichern und keinen R\u00fcckschluss auf Ihre Person erlauben.<\/p>\n<p>Personenbezogene Daten erheben wir nur, wenn Sie uns diese im Zuge des Bestellvorgangs, bei Er\u00f6ffnung eines Kundenkontos oder bei der Registrierung f\u00fcr<br \/>\nunseren newsletter freiwillig mitteilen. Wir verwenden die erhobenen Daten ausschlie\u00dflich zur Abwicklung des Vertrages. Nach vollst\u00e4ndiger Vertragsabwicklung werden Ihre Daten gesperrt und nach Ablauf der steuer- und handelsrechtlichen Vorschriften gel\u00f6scht, sofern Sie nicht ausdr\u00fccklich einer dar\u00fcber hinausgehenden Datenverwendung zugestimmt haben. Wenn Sie sich mit Ihrer Emailadresse f\u00fcr unseren monatlichen Newsletter anmelden, nutzen wir Ihre<br \/>\nEmailadresse f\u00fcr eigene Werbezwecke, bis Sie sich vom newsletter-Bezug abmelden.<\/p>\n<p><strong>Datensicherheit<\/strong><br \/>\nIhre personenbezogenen Daten sind bei uns sicher! Sie werden verschl\u00fcsselt und an uns \u00fcbertragen. Unsere Webseiten sind durch technische Ma\u00dfnahmen gegen Besch\u00e4digung, Zerst\u00f6rung, unberechtigten Zugriff gesch\u00fctzt.<\/p>\n<p><strong>Auskunfts- &amp; Widerrufsrecht<\/strong><br \/>\nSie erhalten jederzeit ohne Angaben von Gr\u00fcnden kostenfrei Auskunft \u00fcber Ihre bei uns gespeicherten Daten. Sie k\u00f6nnen jederzeit Ihre bei uns erhobenen Daten<br \/>\nsperren, berichtigen oder l\u00f6schen lassen. Sie k\u00f6nnen jederzeit die uns erteilten Einwilligung zur Datenerhebung und Verwendung ohne Angaben von Gr\u00fcnden<br \/>\nwiderrufen. Wenden Sie dazu an office@xclean.at.<\/p>\n<p>(1) Zur Durchf\u00fchrung von Kaufvertr\u00e4gen (Anbahnung, Abschluss, Abwicklung, Gew\u00e4hrleistungen und R\u00fcckabwicklung), f\u00fcr unsere Servicedienste, die technische Administration, eigene Marketingzwecke und der Sicherstellung der zwischen Ihnen und uns bestehenden Korrespondenz erheben wir f\u00fcr den Bestellvorgang wie auch zur Er\u00f6ffnung eines Kundenkontos personenbezogene Daten, die im Einzelnen umfassen: Name, Kontaktdaten, Zahlungsdaten, eMail, Telefonnummer. Eine Weitergabe ihrer Daten kann grunds\u00e4tzlich an mehrere Unternehmen erfolgen, soweit dies zur Abwicklung unserer Vertragsbeziehung erforderlich ist, insbesondere in folgenden F\u00e4llen:<br \/>\na) Eine Weitergabe erfolgt stets zum Zwecke der Lieferung an das von uns hierf\u00fcr beauftragte Versandunternehmen. Die Weitergabe umfasst nur solche Daten, die f\u00fcr eine Zusendung der Ware erforderlich sind.<br \/>\nb) Werden f\u00fcr den Zahlungsvorgang Zahlungsdienste in Anspruch genommen (bspw. Paypal, Visa, Mastercard etc.), werden Ihre Daten an die genutzten Zahlungsintermedi\u00e4re weitergegeben. Selbiges gilt mit Blick auf die mit der Zahlung beauftragten Kreditinstitute.<br \/>\nc) Bei Zahlungsst\u00f6rungen kann eine Forderung an ein Inkassounternehmen abgetreten werden. Au\u00dferdem k\u00f6nnen Informationen an Auskunfteien \u00fcbersandt werden. Die Weitergabe der hierzu erforderlichen personenbezogenen Daten richtet sich nach den Ausf\u00fchrungen zur BONIT\u00c4TSPR\u00dcFUNG.<\/p>\n<p>Die weitergegebenen Daten d\u00fcrfen von den Dienstleistern ausschlie\u00dflich zum Zweck ihrer Weitergabe verwendet werden.<\/p>\n<p>(2) Dar\u00fcber hinaus werden Ihre personenbezogenen Daten nicht an Dritte weitergeben, es sei denn, sofern wir dazu nicht gesetzlich verpflichtet sind oder Sie uns zuvor eine entsprechende Einwilligung erteilt haben.<\/p>\n<p>(3) Personenbezogene Daten, die Sie uns zur Abwicklung von Bestellvorg\u00e4ngen mitteilen, k\u00f6nnen aus handels- und steuerrechtlichen Gr\u00fcnden bis zu 10 Jahren gespeichert werden.<\/p>\n<p>(4) Ihre personenbezogenen Daten sind bei uns sicher! Sie werden verschl\u00fcsselt und an uns \u00fcbertragen. Unsere Webseiten sind durch technische Ma\u00dfnahmen gegen Besch\u00e4digung, Zerst\u00f6rung, unberechtigten Zugriff gesch\u00fctzt.<\/p>\n<p>(5) Sie erhalten jederzeit ohne Angaben von Gr\u00fcnden kostenfrei Auskunft \u00fcber Ihre bei uns gespeicherten Daten. Sie k\u00f6nnen jederzeit Ihre bei uns erhobenen Daten sperren, berichtigen oder l\u00f6schen lassen. Sie k\u00f6nnen jederzeit die uns erteilten Einwilligung zur Datenerhebung und Verwendung ohne Angaben von Gr\u00fcnden widerrufen. Wenden Sie dazu an [office@xclean.at].<\/p>\n<p>(6) Ohne die Einwilligung des Kunden wird der Anbieter Daten des Kunden nicht f\u00fcr Zwecke der Werbung, Markt- oder Meinungsforschung nutzen.<\/p>\n","protected":false},"excerpt":{"rendered":"<p>&#8230;<\/p>\n","protected":false},"author":10,"featured_media":0,"parent":0,"menu_order":0,"comment_status":"closed","ping_status":"closed","template":"","meta":{"_exactmetrics_skip_tracking":false,"_exactmetrics_sitenote_active":false,"_exactmetrics_sitenote_note":"","_exactmetrics_sitenote_category":0,"footnotes":""},"yst_prominent_words":[],"class_list":["post-22608","page","type-page","status-publish","hentry"],"_links":{"self":[{"href":"https:\/\/www.xclean.at\/portal\/wp-json\/wp\/v2\/pages\/22608"}],"collection":[{"href":"https:\/\/www.xclean.at\/portal\/wp-json\/wp\/v2\/pages"}],"about":[{"href":"https:\/\/www.xclean.at\/portal\/wp-json\/wp\/v2\/types\/page"}],"author":[{"embeddable":true,"href":"https:\/\/www.xclean.at\/portal\/wp-json\/wp\/v2\/users\/10"}],"replies":[{"embeddable":true,"href":"https:\/\/www.xclean.at\/portal\/wp-json\/wp\/v2\/comments?post=22608"}],"version-history":[{"count":4,"href":"https:\/\/www.xclean.at\/portal\/wp-json\/wp\/v2\/pages\/22608\/revisions"}],"predecessor-version":[{"id":22684,"href":"https:\/\/www.xclean.at\/portal\/wp-json\/wp\/v2\/pages\/22608\/revisions\/22684"}],"wp:attachment":[{"href":"https:\/\/www.xclean.at\/portal\/wp-json\/wp\/v2\/media?parent=22608"}],"wp:term":[{"taxonomy":"yst_prominent_words","embeddable":true,"href":"https:\/\/www.xclean.at\/portal\/wp-json\/wp\/v2\/yst_prominent_words?post=22608"}],"curies":[{"name":"wp","href":"https:\/\/api.w.org\/{rel}","templated":true}]}}