{"id":132341,"date":"2015-11-02T11:01:11","date_gmt":"2015-11-02T10:01:11","guid":{"rendered":"http:\/\/www.xclean.at\/portal\/?post_type=product&#038;p=132341"},"modified":"2018-02-20T10:51:03","modified_gmt":"2018-02-20T09:51:03","slug":"car-star-mehrzweckreiniger","status":"publish","type":"product","link":"https:\/\/www.xclean.at\/portal\/produkt\/car-star-mehrzweckreiniger\/","title":{"rendered":"Car Star Mehrzweckreiniger"},"content":{"rendered":"<p>Sehr ergiebiger, alkalischer Reiniger auf der Basis nichtionischer Tenside, welcher zuverl\u00e4ssig \u00d6l, tierische und pflanzliche Fette, Insekten, Stra\u00dfenschmutz, Eiwei\u00df, gealterte Wachs- und Harzverkrustungen sowie verkohlte R\u00fcckst\u00e4nde, Copolymerwachse und Microstaub entfernt. Die verwendeten Tenside sind alle sehr gut biologisch abbaubar und verhalten sich im Abwasser umweltneutral. Ideal zur universellen Reinigung der Innenausstattung bei KFZ, Wohnwagen, Boot und Werkstatt.<\/p>\n","protected":false},"excerpt":{"rendered":"<p>Sehr kraftvoller, universell einsetzbarer, alkalischer Reiniger auf der Basis nichtionischer Tenside.<\/p>\n","protected":false},"featured_media":132490,"comment_status":"open","ping_status":"closed","template":"","meta":{"_exactmetrics_skip_tracking":false,"_exactmetrics_sitenote_active":false,"_exactmetrics_sitenote_note":"","_exactmetrics_sitenote_category":0},"product_brand":[],"product_cat":[45],"product_tag":[],"class_list":{"0":"post-132341","1":"product","2":"type-product","3":"status-publish","4":"has-post-thumbnail","6":"product_cat-innenreinigung-fahrzeugaufbereitung","8":"first","9":"instock","10":"shipping-taxable","11":"purchasable","12":"product-type-variable"},"_links":{"self":[{"href":"https:\/\/www.xclean.at\/portal\/wp-json\/wp\/v2\/product\/132341"}],"collection":[{"href":"https:\/\/www.xclean.at\/portal\/wp-json\/wp\/v2\/product"}],"about":[{"href":"https:\/\/www.xclean.at\/portal\/wp-json\/wp\/v2\/types\/product"}],"replies":[{"embeddable":true,"href":"https:\/\/www.xclean.at\/portal\/wp-json\/wp\/v2\/comments?post=132341"}],"wp:featuredmedia":[{"embeddable":true,"href":"https:\/\/www.xclean.at\/portal\/wp-json\/wp\/v2\/media\/132490"}],"wp:attachment":[{"href":"https:\/\/www.xclean.at\/portal\/wp-json\/wp\/v2\/media?parent=132341"}],"wp:term":[{"taxonomy":"product_brand","embeddable":true,"href":"https:\/\/www.xclean.at\/portal\/wp-json\/wp\/v2\/product_brand?post=132341"},{"taxonomy":"product_cat","embeddable":true,"href":"https:\/\/www.xclean.at\/portal\/wp-json\/wp\/v2\/product_cat?post=132341"},{"taxonomy":"product_tag","embeddable":true,"href":"https:\/\/www.xclean.at\/portal\/wp-json\/wp\/v2\/product_tag?post=132341"}],"curies":[{"name":"wp","href":"https:\/\/api.w.org\/{rel}","templated":true}]}}