{"id":132399,"date":"2015-11-02T16:15:35","date_gmt":"2015-11-02T15:15:35","guid":{"rendered":"http:\/\/www.xclean.at\/portal\/?post_type=product&#038;p=132399"},"modified":"2020-01-08T11:27:43","modified_gmt":"2020-01-08T10:27:43","slug":"poliertuch-microfaser-laser","status":"publish","type":"product","link":"https:\/\/www.xclean.at\/portal\/produkt\/poliertuch-microfaser-laser\/","title":{"rendered":"Poliertuch Microfaser LASER"},"content":{"rendered":"<p>Exzellentes Poliertuch mit 2 verschiedenen Seiten. Silikonfrei. Mit Ultraschallkante und hat somit keine st\u00f6rende Einfassung. Mit geklebten Waschhinweisetikett. Extra flauschige Profi-Qualit\u00e4t mit langer Standzeit. Hoher Flor und zuverl\u00e4ssige Aufnahme von Polituren, Wachsen und Versiegelungen. Dieses Profi-Tuch ist bei korrekter Anwendung zu 100% kratzfrei, sehr aufnahmef\u00e4hig, hinterl\u00e4sst keine Schlieren, Microkratzer oder Hologramme. Waschbar bis 60\u00b0C<\/p>\n","protected":false},"excerpt":{"rendered":"<p>Exzellentes Poliertuch mit 2 verschiedenen Seiten. Silikonfrei. Mit Ultraschallkante und hat somit keine st\u00f6rende Einfassung.<\/p>\n","protected":false},"featured_media":133239,"comment_status":"open","ping_status":"closed","template":"","meta":{"_exactmetrics_skip_tracking":false,"_exactmetrics_sitenote_active":false,"_exactmetrics_sitenote_note":"","_exactmetrics_sitenote_category":0},"product_brand":[],"product_cat":[54],"product_tag":[],"class_list":{"0":"post-132399","1":"product","2":"type-product","3":"status-publish","4":"has-post-thumbnail","6":"product_cat-waschhilfsmittel-tuecher","8":"first","9":"instock","10":"shipping-taxable","11":"purchasable","12":"product-type-simple"},"_links":{"self":[{"href":"https:\/\/www.xclean.at\/portal\/wp-json\/wp\/v2\/product\/132399"}],"collection":[{"href":"https:\/\/www.xclean.at\/portal\/wp-json\/wp\/v2\/product"}],"about":[{"href":"https:\/\/www.xclean.at\/portal\/wp-json\/wp\/v2\/types\/product"}],"replies":[{"embeddable":true,"href":"https:\/\/www.xclean.at\/portal\/wp-json\/wp\/v2\/comments?post=132399"}],"wp:featuredmedia":[{"embeddable":true,"href":"https:\/\/www.xclean.at\/portal\/wp-json\/wp\/v2\/media\/133239"}],"wp:attachment":[{"href":"https:\/\/www.xclean.at\/portal\/wp-json\/wp\/v2\/media?parent=132399"}],"wp:term":[{"taxonomy":"product_brand","embeddable":true,"href":"https:\/\/www.xclean.at\/portal\/wp-json\/wp\/v2\/product_brand?post=132399"},{"taxonomy":"product_cat","embeddable":true,"href":"https:\/\/www.xclean.at\/portal\/wp-json\/wp\/v2\/product_cat?post=132399"},{"taxonomy":"product_tag","embeddable":true,"href":"https:\/\/www.xclean.at\/portal\/wp-json\/wp\/v2\/product_tag?post=132399"}],"curies":[{"name":"wp","href":"https:\/\/api.w.org\/{rel}","templated":true}]}}