{"id":132401,"date":"2015-11-02T08:20:03","date_gmt":"2015-11-02T07:20:03","guid":{"rendered":"http:\/\/www.xclean.at\/portal\/?post_type=product&#038;p=132401"},"modified":"2023-03-21T14:40:53","modified_gmt":"2023-03-21T13:40:53","slug":"polier-pad-antihologramm-waffel-grau-medium","status":"publish","type":"product","link":"https:\/\/www.xclean.at\/portal\/produkt\/polier-pad-antihologramm-waffel-grau-medium\/","title":{"rendered":"Polier Pad Antihologramm Waffel &#8211; grau &#8211; MEDIUM"},"content":{"rendered":"<p>Rei\u00dffestes, mittelweiches Polierpad u.a. f\u00fcr Antihologramm Polish mit ausgezeichneter Performance. Retikulierter Schaum sorgt f\u00fcr mehr Luftzirkulation und damit f\u00fcr geringere Temperaturen an der Lackoberfl\u00e4che. Die St\u00fctzschicht erm\u00f6glicht mit h\u00f6herem Druck zu polieren. Die dreidimensional kalibrierte Oberfl\u00e4che verbessert die Poliermittelaufnahme und sorgt f\u00fcr eine bessere Abtragsleistung.<\/p>\n","protected":false},"excerpt":{"rendered":"<p>Rei\u00dffestes, mittelweiches Polierpad u.a. f\u00fcr Antihologramm Polish mit ausgezeichneter Performance.<\/p>\n","protected":false},"featured_media":132190,"comment_status":"open","ping_status":"closed","template":"","meta":{"_exactmetrics_skip_tracking":false,"_exactmetrics_sitenote_active":false,"_exactmetrics_sitenote_note":"","_exactmetrics_sitenote_category":0},"product_brand":[],"product_cat":[47],"product_tag":[],"class_list":{"0":"post-132401","1":"product","2":"type-product","3":"status-publish","4":"has-post-thumbnail","6":"product_cat-lackaufbereitung","8":"first","9":"instock","10":"shipping-taxable","11":"purchasable","12":"product-type-variable"},"_links":{"self":[{"href":"https:\/\/www.xclean.at\/portal\/wp-json\/wp\/v2\/product\/132401"}],"collection":[{"href":"https:\/\/www.xclean.at\/portal\/wp-json\/wp\/v2\/product"}],"about":[{"href":"https:\/\/www.xclean.at\/portal\/wp-json\/wp\/v2\/types\/product"}],"replies":[{"embeddable":true,"href":"https:\/\/www.xclean.at\/portal\/wp-json\/wp\/v2\/comments?post=132401"}],"wp:featuredmedia":[{"embeddable":true,"href":"https:\/\/www.xclean.at\/portal\/wp-json\/wp\/v2\/media\/132190"}],"wp:attachment":[{"href":"https:\/\/www.xclean.at\/portal\/wp-json\/wp\/v2\/media?parent=132401"}],"wp:term":[{"taxonomy":"product_brand","embeddable":true,"href":"https:\/\/www.xclean.at\/portal\/wp-json\/wp\/v2\/product_brand?post=132401"},{"taxonomy":"product_cat","embeddable":true,"href":"https:\/\/www.xclean.at\/portal\/wp-json\/wp\/v2\/product_cat?post=132401"},{"taxonomy":"product_tag","embeddable":true,"href":"https:\/\/www.xclean.at\/portal\/wp-json\/wp\/v2\/product_tag?post=132401"}],"curies":[{"name":"wp","href":"https:\/\/api.w.org\/{rel}","templated":true}]}}