{"id":132553,"date":"2015-11-02T19:00:04","date_gmt":"2015-11-02T18:00:04","guid":{"rendered":"http:\/\/www.xclean.at\/portal\/?post_type=product&#038;p=132553"},"modified":"2018-11-26T08:16:00","modified_gmt":"2018-11-26T07:16:00","slug":"reinigungspistole-black-booster","status":"publish","type":"product","link":"https:\/\/www.xclean.at\/portal\/produkt\/reinigungspistole-black-booster\/","title":{"rendered":"Reinigungspistole Black Booster"},"content":{"rendered":"<p>Die Reinigungspistole BLACK BOOSTER ist eine druckluftbetriebene, saugende Becher-Pistole, welche Luft und Reinigungsfl\u00fcssigkeiten sehr fein zerst\u00e4ubt und mit hohem Druck verwirbelt. Im Ausgabetrichter ist ein d\u00fcnner Druckluftschlauch, der im Betrieb spiralf\u00f6rmig rotiert. Das Luftgemisch wird so in Drehungen versetzt und es entsteht \u2013 \u00e4hnlich wie beim geothermischen Tornado \u2013 eine Art Rotationsfr\u00e4se. Die sich daraus ergebende Wirkung sorgt f\u00fcr unseren \u201eTornado-Effekt\u201c, der mit extrem gro\u00dfer Kraft Schmutzpartikel aus der Oberfl\u00e4che herausl\u00f6st.<\/p>\n","protected":false},"excerpt":{"rendered":"<p>Die Reinigungspistole BLACK BOOSTER ist eine druckluftbetriebene, saugende Becher-Pistole mit &#8220;Tornado-Effekt\u201c.<\/p>\n","protected":false},"featured_media":132555,"comment_status":"open","ping_status":"closed","template":"","meta":{"_exactmetrics_skip_tracking":false,"_exactmetrics_sitenote_active":false,"_exactmetrics_sitenote_note":"","_exactmetrics_sitenote_category":0},"product_brand":[],"product_cat":[327,59],"product_tag":[],"class_list":{"0":"post-132553","1":"product","2":"type-product","3":"status-publish","4":"has-post-thumbnail","6":"product_cat-techn-zubehoer","7":"product_cat-wischtuecher-papier","9":"first","10":"instock","11":"shipping-taxable","12":"purchasable","13":"product-type-simple"},"_links":{"self":[{"href":"https:\/\/www.xclean.at\/portal\/wp-json\/wp\/v2\/product\/132553"}],"collection":[{"href":"https:\/\/www.xclean.at\/portal\/wp-json\/wp\/v2\/product"}],"about":[{"href":"https:\/\/www.xclean.at\/portal\/wp-json\/wp\/v2\/types\/product"}],"replies":[{"embeddable":true,"href":"https:\/\/www.xclean.at\/portal\/wp-json\/wp\/v2\/comments?post=132553"}],"wp:featuredmedia":[{"embeddable":true,"href":"https:\/\/www.xclean.at\/portal\/wp-json\/wp\/v2\/media\/132555"}],"wp:attachment":[{"href":"https:\/\/www.xclean.at\/portal\/wp-json\/wp\/v2\/media?parent=132553"}],"wp:term":[{"taxonomy":"product_brand","embeddable":true,"href":"https:\/\/www.xclean.at\/portal\/wp-json\/wp\/v2\/product_brand?post=132553"},{"taxonomy":"product_cat","embeddable":true,"href":"https:\/\/www.xclean.at\/portal\/wp-json\/wp\/v2\/product_cat?post=132553"},{"taxonomy":"product_tag","embeddable":true,"href":"https:\/\/www.xclean.at\/portal\/wp-json\/wp\/v2\/product_tag?post=132553"}],"curies":[{"name":"wp","href":"https:\/\/api.w.org\/{rel}","templated":true}]}}