{"id":132730,"date":"2015-02-27T08:26:19","date_gmt":"2015-02-27T07:26:19","guid":{"rendered":"http:\/\/www.xclean.at\/portal\/?post_type=product&#038;p=132730"},"modified":"2023-03-22T09:39:04","modified_gmt":"2023-03-22T08:39:04","slug":"clay-coach","status":"publish","type":"product","link":"https:\/\/www.xclean.at\/portal\/produkt\/clay-coach\/","title":{"rendered":"Clay Coach"},"content":{"rendered":"<p>Mildes silikonfreies Gleitmittel zur effektiven Anwendung von Reinigungsknete, Clay-Pads und Magic Clay Handschuh. R\u00fcckstandsarm und lackierst\u00f6rungsfrei. Durch eine hervorragende Gleitwirkung wird ein Verkratzen der Oberfl\u00e4che im Reinigungsprozess minimiert.\u00a0Hinterl\u00e4sst keinen Schmierfilm. R\u00fcckst\u00e4nde sind sehr einfach mittels Microfasertuch abwischbar. Anwendungsgebiete: Glatte Oberfl\u00e4chen wie Lack,Glas etc.<\/p>\n","protected":false},"excerpt":{"rendered":"<p>Mildes silikonfreies Gleitmittel zur effektiven Anwendung von Reinigungsknete, Clay-Pads und Magic Clay Handschuh. R\u00fcckstandsarm und lackierst\u00f6rungsfrei. Durch eine hervorragende Gleitwirkung wird ein Verkratzen der Oberfl\u00e4che im Reinigungsprozess minimiert.\u00a0Hinterl\u00e4sst keinen Schmierfilm. R\u00fcckst\u00e4nde sind sehr einfach mittels Microfasertuch abwischbar. Anwendungsgebiete: Glatte Oberfl\u00e4chen wie Lack,Glas etc.<\/p>\n","protected":false},"featured_media":132731,"comment_status":"open","ping_status":"closed","template":"","meta":{"_exactmetrics_skip_tracking":false,"_exactmetrics_sitenote_active":false,"_exactmetrics_sitenote_note":"","_exactmetrics_sitenote_category":0},"product_brand":[],"product_cat":[47],"product_tag":[],"class_list":{"0":"post-132730","1":"product","2":"type-product","3":"status-publish","4":"has-post-thumbnail","6":"product_cat-lackaufbereitung","8":"first","9":"instock","10":"featured","11":"shipping-taxable","12":"purchasable","13":"product-type-simple"},"_links":{"self":[{"href":"https:\/\/www.xclean.at\/portal\/wp-json\/wp\/v2\/product\/132730"}],"collection":[{"href":"https:\/\/www.xclean.at\/portal\/wp-json\/wp\/v2\/product"}],"about":[{"href":"https:\/\/www.xclean.at\/portal\/wp-json\/wp\/v2\/types\/product"}],"replies":[{"embeddable":true,"href":"https:\/\/www.xclean.at\/portal\/wp-json\/wp\/v2\/comments?post=132730"}],"wp:featuredmedia":[{"embeddable":true,"href":"https:\/\/www.xclean.at\/portal\/wp-json\/wp\/v2\/media\/132731"}],"wp:attachment":[{"href":"https:\/\/www.xclean.at\/portal\/wp-json\/wp\/v2\/media?parent=132730"}],"wp:term":[{"taxonomy":"product_brand","embeddable":true,"href":"https:\/\/www.xclean.at\/portal\/wp-json\/wp\/v2\/product_brand?post=132730"},{"taxonomy":"product_cat","embeddable":true,"href":"https:\/\/www.xclean.at\/portal\/wp-json\/wp\/v2\/product_cat?post=132730"},{"taxonomy":"product_tag","embeddable":true,"href":"https:\/\/www.xclean.at\/portal\/wp-json\/wp\/v2\/product_tag?post=132730"}],"curies":[{"name":"wp","href":"https:\/\/api.w.org\/{rel}","templated":true}]}}