{"id":132739,"date":"2015-10-27T17:03:01","date_gmt":"2015-10-27T16:03:01","guid":{"rendered":"http:\/\/www.xclean.at\/portal\/?post_type=product&#038;p=132739"},"modified":"2018-11-25T14:35:47","modified_gmt":"2018-11-25T13:35:47","slug":"fluessig-enthaerter","status":"publish","type":"product","link":"https:\/\/www.xclean.at\/portal\/produkt\/fluessig-enthaerter\/","title":{"rendered":"Fl\u00fcssig Enth\u00e4rter"},"content":{"rendered":"<p>Mehrkomponentenprodukt aus temperaturbest\u00e4ndigen organischen und anorganischen Salzen. Sch\u00fctzt Leitungen und Heizschlangen in HD-Ger\u00e4ten sowie Apparaturen vor sch\u00e4dlichen Kalkablagerungen. Die stabilisierende Wirkung auf die H\u00e4rtebildner des Wassers beruht auf der F\u00e4higkeit, das Wachstum von H\u00e4rtebildnerkristallen in den wasserf\u00fchrenden Teilen zu st\u00f6ren und damit den Aufbau von Ablagerungen zu verhindern. Erh\u00f6ht die Wirksamkeit von alkalischen Reiniger in sehr hartem Wasser.<\/p>\n","protected":false},"excerpt":{"rendered":"<p>Mehrkomponentenprodukt aus temperaturbest\u00e4ndigen organischen und anorganischen Salzen. Sch\u00fctzt Leitungen und Heizschlangen in HD-Ger\u00e4ten sowie Apparaturen vor sch\u00e4dlichen Kalkablagerungen. Die stabilisierende Wirkung auf die H\u00e4rtebildner des Wassers beruht auf der F\u00e4higkeit, das Wachstum von H\u00e4rtebildnerkristallen in den wasserf\u00fchrenden Teilen zu st\u00f6ren und damit den Aufbau von Ablagerungen zu verhindern. Erh\u00f6ht die Wirksamkeit von alkalischen Reiniger in sehr hartem Wasser.<\/p>\n","protected":false},"featured_media":132741,"comment_status":"open","ping_status":"closed","template":"","meta":{"_exactmetrics_skip_tracking":false,"_exactmetrics_sitenote_active":false,"_exactmetrics_sitenote_note":"","_exactmetrics_sitenote_category":0},"product_brand":[],"product_cat":[323],"product_tag":[],"class_list":{"0":"post-132739","1":"product","2":"type-product","3":"status-publish","4":"has-post-thumbnail","6":"product_cat-wasseraufbereitung","8":"first","9":"instock","10":"shipping-taxable","11":"purchasable","12":"product-type-simple"},"_links":{"self":[{"href":"https:\/\/www.xclean.at\/portal\/wp-json\/wp\/v2\/product\/132739"}],"collection":[{"href":"https:\/\/www.xclean.at\/portal\/wp-json\/wp\/v2\/product"}],"about":[{"href":"https:\/\/www.xclean.at\/portal\/wp-json\/wp\/v2\/types\/product"}],"replies":[{"embeddable":true,"href":"https:\/\/www.xclean.at\/portal\/wp-json\/wp\/v2\/comments?post=132739"}],"wp:featuredmedia":[{"embeddable":true,"href":"https:\/\/www.xclean.at\/portal\/wp-json\/wp\/v2\/media\/132741"}],"wp:attachment":[{"href":"https:\/\/www.xclean.at\/portal\/wp-json\/wp\/v2\/media?parent=132739"}],"wp:term":[{"taxonomy":"product_brand","embeddable":true,"href":"https:\/\/www.xclean.at\/portal\/wp-json\/wp\/v2\/product_brand?post=132739"},{"taxonomy":"product_cat","embeddable":true,"href":"https:\/\/www.xclean.at\/portal\/wp-json\/wp\/v2\/product_cat?post=132739"},{"taxonomy":"product_tag","embeddable":true,"href":"https:\/\/www.xclean.at\/portal\/wp-json\/wp\/v2\/product_tag?post=132739"}],"curies":[{"name":"wp","href":"https:\/\/api.w.org\/{rel}","templated":true}]}}