{"id":132744,"date":"2016-03-02T07:13:07","date_gmt":"2016-03-02T06:13:07","guid":{"rendered":"http:\/\/www.xclean.at\/portal\/?post_type=product&#038;p=132744"},"modified":"2023-03-20T08:45:06","modified_gmt":"2023-03-20T07:45:06","slug":"microfaser-waschhandschuh-microfaser-chenille","status":"publish","type":"product","link":"https:\/\/www.xclean.at\/portal\/produkt\/microfaser-waschhandschuh-microfaser-chenille\/","title":{"rendered":"Microfaser Waschhandschuh Microfaser Chenille"},"content":{"rendered":"<p>Hochwertiger Microfaser-Waschhandschuh f\u00fcr die\u00a0 Auto- und Zweiradw\u00e4sche. Der Waschhandschuh mit der extraweichen Chenillefaser ist \u00e4u\u00dferst schonend f\u00fcr empfindliche Lacke und Oberfl\u00e4chen. Ideal sanft f\u00fcr eine schonende Reinigung. Die Unterseite mit feinem Nylongewebe gegen hartn\u00e4ckigen Schmutz wie Insekten uvm.<\/p>\n","protected":false},"excerpt":{"rendered":"<p>Hochwertiger MF-Waschhandschuh mit extraweicher Chenillefase,\u00a0 Unterseite mit feinem Nylongewebe gegen hartn\u00e4ckigen Schmutz wie Insekten uvm.<\/p>\n","protected":false},"featured_media":134013,"comment_status":"open","ping_status":"closed","template":"","meta":{"_exactmetrics_skip_tracking":false,"_exactmetrics_sitenote_active":false,"_exactmetrics_sitenote_note":"","_exactmetrics_sitenote_category":0},"product_brand":[],"product_cat":[59,54],"product_tag":[],"class_list":{"0":"post-132744","1":"product","2":"type-product","3":"status-publish","4":"has-post-thumbnail","6":"product_cat-wischtuecher-papier","7":"product_cat-waschhilfsmittel-tuecher","9":"first","10":"instock","11":"shipping-taxable","12":"purchasable","13":"product-type-simple"},"_links":{"self":[{"href":"https:\/\/www.xclean.at\/portal\/wp-json\/wp\/v2\/product\/132744"}],"collection":[{"href":"https:\/\/www.xclean.at\/portal\/wp-json\/wp\/v2\/product"}],"about":[{"href":"https:\/\/www.xclean.at\/portal\/wp-json\/wp\/v2\/types\/product"}],"replies":[{"embeddable":true,"href":"https:\/\/www.xclean.at\/portal\/wp-json\/wp\/v2\/comments?post=132744"}],"wp:featuredmedia":[{"embeddable":true,"href":"https:\/\/www.xclean.at\/portal\/wp-json\/wp\/v2\/media\/134013"}],"wp:attachment":[{"href":"https:\/\/www.xclean.at\/portal\/wp-json\/wp\/v2\/media?parent=132744"}],"wp:term":[{"taxonomy":"product_brand","embeddable":true,"href":"https:\/\/www.xclean.at\/portal\/wp-json\/wp\/v2\/product_brand?post=132744"},{"taxonomy":"product_cat","embeddable":true,"href":"https:\/\/www.xclean.at\/portal\/wp-json\/wp\/v2\/product_cat?post=132744"},{"taxonomy":"product_tag","embeddable":true,"href":"https:\/\/www.xclean.at\/portal\/wp-json\/wp\/v2\/product_tag?post=132744"}],"curies":[{"name":"wp","href":"https:\/\/api.w.org\/{rel}","templated":true}]}}