{"id":132812,"date":"2019-01-27T10:43:28","date_gmt":"2019-01-27T09:43:28","guid":{"rendered":"http:\/\/www.xclean.at\/portal\/?post_type=product&#038;p=132812"},"modified":"2021-01-29T10:34:31","modified_gmt":"2021-01-29T09:34:31","slug":"pure-wash","status":"publish","type":"product","link":"https:\/\/www.xclean.at\/portal\/produkt\/pure-wash\/","title":{"rendered":"Pure Wash"},"content":{"rendered":"<p>Hochkonzentrierter Fl\u00fcssigreiniger f\u00fcr Microfa\u00adsert\u00fccher und Polierpads \/ Lammfelle. Enth\u00e4lt Aktivstoffe f\u00fcr eine ausgezeichnete Schmutzl\u00f6sung. Reinigt porentief und r\u00fcckstandslos alle Flecken, Fett, Wachse, Silikon, Politurreste, \u00d6le und son\u00adstigen Schmutz aus den Mikrofasern und Pads ohne die einzelnen Fasern zu besch\u00e4digen. Erh\u00e4lt die urspr\u00fcngliche Struktur und Form der Microfasern, sch\u00fctzt diese vor dem Ver\u00adklumpen und Zusammenkleben &#8211; optimale Pflege auch bei h\u00e4ufigem Einsatz und starker Beanspruchung. Hat eine Weichsp\u00fclerfreie Formulierung, welche die Kapil\u00adlarwirkung (Saugkraft) der Microfaser erh\u00e4lt. Stellt die Weichheit und nat\u00fcrliche Reinigungsf\u00e4higkeit wieder her, optimiert die Saugkraft von Mikro-Fasern bei jedem Waschgang. Ist nicht nachfettend und farbecht.<\/p>\n","protected":false},"excerpt":{"rendered":"<p>Hochkonzentrierter Fl\u00fcssigreiniger f\u00fcr Microfa\u00adsert\u00fccher und Polierpads \/ Lammfelle. Enth\u00e4lt Aktivstoffe f\u00fcr eine ausgezeichnete Schmutzl\u00f6sung. Reinigt porentief und r\u00fcckstandslos alle Flecken, Fette, Wachse, Silikon, Politurreste, \u00d6le und son\u00adstigen Schmutz aus den Mikrofasern und Pads.<\/p>\n","protected":false},"featured_media":133316,"comment_status":"open","ping_status":"closed","template":"","meta":{"_exactmetrics_skip_tracking":false,"_exactmetrics_sitenote_active":false,"_exactmetrics_sitenote_note":"","_exactmetrics_sitenote_category":0},"product_brand":[],"product_cat":[59,54],"product_tag":[],"class_list":{"0":"post-132812","1":"product","2":"type-product","3":"status-publish","4":"has-post-thumbnail","6":"product_cat-wischtuecher-papier","7":"product_cat-waschhilfsmittel-tuecher","9":"first","10":"instock","11":"shipping-taxable","12":"purchasable","13":"product-type-variable"},"_links":{"self":[{"href":"https:\/\/www.xclean.at\/portal\/wp-json\/wp\/v2\/product\/132812"}],"collection":[{"href":"https:\/\/www.xclean.at\/portal\/wp-json\/wp\/v2\/product"}],"about":[{"href":"https:\/\/www.xclean.at\/portal\/wp-json\/wp\/v2\/types\/product"}],"replies":[{"embeddable":true,"href":"https:\/\/www.xclean.at\/portal\/wp-json\/wp\/v2\/comments?post=132812"}],"wp:featuredmedia":[{"embeddable":true,"href":"https:\/\/www.xclean.at\/portal\/wp-json\/wp\/v2\/media\/133316"}],"wp:attachment":[{"href":"https:\/\/www.xclean.at\/portal\/wp-json\/wp\/v2\/media?parent=132812"}],"wp:term":[{"taxonomy":"product_brand","embeddable":true,"href":"https:\/\/www.xclean.at\/portal\/wp-json\/wp\/v2\/product_brand?post=132812"},{"taxonomy":"product_cat","embeddable":true,"href":"https:\/\/www.xclean.at\/portal\/wp-json\/wp\/v2\/product_cat?post=132812"},{"taxonomy":"product_tag","embeddable":true,"href":"https:\/\/www.xclean.at\/portal\/wp-json\/wp\/v2\/product_tag?post=132812"}],"curies":[{"name":"wp","href":"https:\/\/api.w.org\/{rel}","templated":true}]}}