{"id":132989,"date":"2019-07-16T10:48:05","date_gmt":"2019-07-16T08:48:05","guid":{"rendered":"https:\/\/www.xclean.at\/portal\/?post_type=product&#038;p=132989"},"modified":"2021-01-28T16:38:31","modified_gmt":"2021-01-28T15:38:31","slug":"detailer-quick-shine","status":"publish","type":"product","link":"https:\/\/www.xclean.at\/portal\/produkt\/detailer-quick-shine\/","title":{"rendered":"Detailer Quick &#038; Shine"},"content":{"rendered":"<p>Schnelle Lackpflege f\u00fcr spiegelnden Hochglanz f\u00fcr Normal- und Metalliclacke. Verbessert Lackfinish, sorgt f\u00fcr schlierenfreien Tiefenglanz. Bringt zus\u00e4tzlichen Wasserabperleffekt. Hinterl\u00e4sst keine wei\u00dfen R\u00fcckst\u00e4nde auf Kunststoffteilen. Entfernt Kalkflecken.Brilliante Farbauffrischung. Leichte Anwendung.<\/p>\n","protected":false},"excerpt":{"rendered":"<p>Schnelle Lackpflege f\u00fcr spiegelnden Hochglanz f\u00fcr Normal- und Metalliclacke. Verbessert Lackfinish, sorgt f\u00fcr schlierenfreien Tiefenglanz. Bringt zus\u00e4tzlichen Wasserabperleffekt. Hinterl\u00e4sst keine wei\u00dfen R\u00fcckst\u00e4nde auf Kunststoffteilen. Entfernt Kalkflecken.Brilliante Farbauffrischung. Leichte Anwendung.<\/p>\n","protected":false},"featured_media":132996,"comment_status":"open","ping_status":"closed","template":"","meta":{"_exactmetrics_skip_tracking":false,"_exactmetrics_sitenote_active":false,"_exactmetrics_sitenote_note":"","_exactmetrics_sitenote_category":0},"product_brand":[],"product_cat":[47],"product_tag":[],"class_list":{"0":"post-132989","1":"product","2":"type-product","3":"status-publish","4":"has-post-thumbnail","6":"product_cat-lackaufbereitung","8":"first","9":"instock","10":"shipping-taxable","11":"purchasable","12":"product-type-variable"},"_links":{"self":[{"href":"https:\/\/www.xclean.at\/portal\/wp-json\/wp\/v2\/product\/132989"}],"collection":[{"href":"https:\/\/www.xclean.at\/portal\/wp-json\/wp\/v2\/product"}],"about":[{"href":"https:\/\/www.xclean.at\/portal\/wp-json\/wp\/v2\/types\/product"}],"replies":[{"embeddable":true,"href":"https:\/\/www.xclean.at\/portal\/wp-json\/wp\/v2\/comments?post=132989"}],"wp:featuredmedia":[{"embeddable":true,"href":"https:\/\/www.xclean.at\/portal\/wp-json\/wp\/v2\/media\/132996"}],"wp:attachment":[{"href":"https:\/\/www.xclean.at\/portal\/wp-json\/wp\/v2\/media?parent=132989"}],"wp:term":[{"taxonomy":"product_brand","embeddable":true,"href":"https:\/\/www.xclean.at\/portal\/wp-json\/wp\/v2\/product_brand?post=132989"},{"taxonomy":"product_cat","embeddable":true,"href":"https:\/\/www.xclean.at\/portal\/wp-json\/wp\/v2\/product_cat?post=132989"},{"taxonomy":"product_tag","embeddable":true,"href":"https:\/\/www.xclean.at\/portal\/wp-json\/wp\/v2\/product_tag?post=132989"}],"curies":[{"name":"wp","href":"https:\/\/api.w.org\/{rel}","templated":true}]}}