{"id":133614,"date":"2021-01-28T08:02:10","date_gmt":"2021-01-28T07:02:10","guid":{"rendered":"https:\/\/www.xclean.at\/portal\/?post_type=product&#038;p=133614"},"modified":"2021-01-28T14:39:26","modified_gmt":"2021-01-28T13:39:26","slug":"cockpitpflege-glanzeffekt-new-car-2","status":"publish","type":"product","link":"https:\/\/www.xclean.at\/portal\/produkt\/cockpitpflege-glanzeffekt-new-car-2\/","title":{"rendered":"Cockpitpflege Glanzeffekt NEW-CAR"},"content":{"rendered":"<p>Reinigt, pflegt und erh\u00e4lt die Oberfl\u00e4\u00adche und Struktur aller Kunststoffteile im Autoinnenraum. Wirkt staubabwei\u00adsend, antistatisch und sch\u00fctzt vor Wie\u00adderverschmutzung. Auch geeignet f\u00fcr Holzarmaturen. Der seidengl\u00e4nzende Effekt des Cockpits bleibt erhalten, keine st\u00f6renden Lichtreflektionen. L\u00f6\u00adsemittelfrei. Mit angenehmen Duft.<\/p>\n","protected":false},"excerpt":{"rendered":"<p>Reinigt, pflegt und erh\u00e4lt die Oberfl\u00e4\u00adche und Struktur aller Kunststoffteile im Autoinnenraum. Wirkt staubabwei\u00adsend, antistatisch und sch\u00fctzt vor Wie\u00adderverschmutzung. Auch geeignet f\u00fcr Holzarmaturen. Der seidengl\u00e4nzende Effekt des Cockpits bleibt erhalten, keine st\u00f6renden Lichtreflektionen. L\u00f6\u00adsemittelfrei. Mit angenehmen Duft.<\/p>\n","protected":false},"featured_media":133616,"comment_status":"open","ping_status":"closed","template":"","meta":{"_exactmetrics_skip_tracking":false,"_exactmetrics_sitenote_active":false,"_exactmetrics_sitenote_note":"","_exactmetrics_sitenote_category":0},"product_brand":[],"product_cat":[45],"product_tag":[],"class_list":{"0":"post-133614","1":"product","2":"type-product","3":"status-publish","4":"has-post-thumbnail","6":"product_cat-innenreinigung-fahrzeugaufbereitung","8":"first","9":"instock","10":"shipping-taxable","11":"purchasable","12":"product-type-simple"},"_links":{"self":[{"href":"https:\/\/www.xclean.at\/portal\/wp-json\/wp\/v2\/product\/133614"}],"collection":[{"href":"https:\/\/www.xclean.at\/portal\/wp-json\/wp\/v2\/product"}],"about":[{"href":"https:\/\/www.xclean.at\/portal\/wp-json\/wp\/v2\/types\/product"}],"replies":[{"embeddable":true,"href":"https:\/\/www.xclean.at\/portal\/wp-json\/wp\/v2\/comments?post=133614"}],"wp:featuredmedia":[{"embeddable":true,"href":"https:\/\/www.xclean.at\/portal\/wp-json\/wp\/v2\/media\/133616"}],"wp:attachment":[{"href":"https:\/\/www.xclean.at\/portal\/wp-json\/wp\/v2\/media?parent=133614"}],"wp:term":[{"taxonomy":"product_brand","embeddable":true,"href":"https:\/\/www.xclean.at\/portal\/wp-json\/wp\/v2\/product_brand?post=133614"},{"taxonomy":"product_cat","embeddable":true,"href":"https:\/\/www.xclean.at\/portal\/wp-json\/wp\/v2\/product_cat?post=133614"},{"taxonomy":"product_tag","embeddable":true,"href":"https:\/\/www.xclean.at\/portal\/wp-json\/wp\/v2\/product_tag?post=133614"}],"curies":[{"name":"wp","href":"https:\/\/api.w.org\/{rel}","templated":true}]}}