{"id":133626,"date":"2021-01-28T10:00:53","date_gmt":"2021-01-28T09:00:53","guid":{"rendered":"https:\/\/www.xclean.at\/portal\/?post_type=product&#038;p=133626"},"modified":"2021-01-28T14:49:12","modified_gmt":"2021-01-28T13:49:12","slug":"bike-reiniger","status":"publish","type":"product","link":"https:\/\/www.xclean.at\/portal\/produkt\/bike-reiniger\/","title":{"rendered":"Bike Reiniger"},"content":{"rendered":"<p>Moderner kraftvoller PREMIUM-Totalreiniger f\u00fcr Bikes. Reinigt und sch\u00fctzt empfindliche Oberfl\u00e4chen und wirkt materialschonend. Entfernt schnell und schonend \u00d6le, Fette und organischen Schmutz, ist biologisch abbaubar, s\u00e4urefrei, nicht korrosiv, nicht brennbar. Premium Fahrradreiniger f\u00fcr das komplet\u00adte Fahrrad. Vertr\u00e4glich mit allen Materialien wie z.B. Carbon- &amp; Kunststoffoberfl\u00e4chen, Aluminium, Matt\u00adlacke etc. Auch f\u00fcr E-Bikes geeignet.<\/p>\n","protected":false},"excerpt":{"rendered":"<p>Moderner kraftvoller PREMIUM-Totalreiniger f\u00fcr Bikes. Reinigt und sch\u00fctzt empfindliche Oberfl\u00e4chen und wirkt materialschonend. Premium Fahrradreiniger f\u00fcr das komplet\u00adte Fahrrad.\u00a0 Auch f\u00fcr E-Bikes geeignet.<\/p>\n","protected":false},"featured_media":133628,"comment_status":"open","ping_status":"closed","template":"","meta":{"_exactmetrics_skip_tracking":false,"_exactmetrics_sitenote_active":false,"_exactmetrics_sitenote_note":"","_exactmetrics_sitenote_category":0},"product_brand":[],"product_cat":[50],"product_tag":[],"class_list":{"0":"post-133626","1":"product","2":"type-product","3":"status-publish","4":"has-post-thumbnail","6":"product_cat-lackpflege","8":"first","9":"instock","10":"shipping-taxable","11":"purchasable","12":"product-type-simple"},"_links":{"self":[{"href":"https:\/\/www.xclean.at\/portal\/wp-json\/wp\/v2\/product\/133626"}],"collection":[{"href":"https:\/\/www.xclean.at\/portal\/wp-json\/wp\/v2\/product"}],"about":[{"href":"https:\/\/www.xclean.at\/portal\/wp-json\/wp\/v2\/types\/product"}],"replies":[{"embeddable":true,"href":"https:\/\/www.xclean.at\/portal\/wp-json\/wp\/v2\/comments?post=133626"}],"wp:featuredmedia":[{"embeddable":true,"href":"https:\/\/www.xclean.at\/portal\/wp-json\/wp\/v2\/media\/133628"}],"wp:attachment":[{"href":"https:\/\/www.xclean.at\/portal\/wp-json\/wp\/v2\/media?parent=133626"}],"wp:term":[{"taxonomy":"product_brand","embeddable":true,"href":"https:\/\/www.xclean.at\/portal\/wp-json\/wp\/v2\/product_brand?post=133626"},{"taxonomy":"product_cat","embeddable":true,"href":"https:\/\/www.xclean.at\/portal\/wp-json\/wp\/v2\/product_cat?post=133626"},{"taxonomy":"product_tag","embeddable":true,"href":"https:\/\/www.xclean.at\/portal\/wp-json\/wp\/v2\/product_tag?post=133626"}],"curies":[{"name":"wp","href":"https:\/\/api.w.org\/{rel}","templated":true}]}}