{"id":133647,"date":"2021-01-28T11:00:36","date_gmt":"2021-01-28T10:00:36","guid":{"rendered":"https:\/\/www.xclean.at\/portal\/?post_type=product&#038;p=133647"},"modified":"2021-01-28T16:34:46","modified_gmt":"2021-01-28T15:34:46","slug":"detailer-shine-finish-premium","status":"publish","type":"product","link":"https:\/\/www.xclean.at\/portal\/produkt\/detailer-shine-finish-premium\/","title":{"rendered":"Detailer Shine Finish Premium"},"content":{"rendered":"<p>Schnelle siliconfreie Lackpflege f\u00fcr spiegelnden Hochglanz f\u00fcr Nor\u00admal- und Metalliclacke. Verbessert Lackfinish, sorgt f\u00fcr schlierenfreien Tiefenglanz. Bringt zus\u00e4tzlichen Was\u00adserabperleffekt. Hinterl\u00e4sst keine wei\u00ad\u00dfen R\u00fcckst\u00e4nde auf Kunststoffteilen. Brilliante Farbauffrischung. Leichte Anwendung.<\/p>\n","protected":false},"excerpt":{"rendered":"<p>Schnelle siliconfreie Lackpflege f\u00fcr spiegelnden Hochglanz f\u00fcr Nor\u00admal- und Metalliclacke. Verbessert Lackfinish, sorgt f\u00fcr schlierenfreien Tiefenglanz. Bringt zus\u00e4tzlichen Was\u00adserabperleffekt. Hinterl\u00e4sst keine wei\u00ad\u00dfen R\u00fcckst\u00e4nde auf Kunststoffteilen. Brilliante Farbauffrischung. Leichte Anwendung.<\/p>\n","protected":false},"featured_media":133650,"comment_status":"open","ping_status":"closed","template":"","meta":{"_exactmetrics_skip_tracking":false,"_exactmetrics_sitenote_active":false,"_exactmetrics_sitenote_note":"","_exactmetrics_sitenote_category":0},"product_brand":[],"product_cat":[47,50],"product_tag":[],"class_list":{"0":"post-133647","1":"product","2":"type-product","3":"status-publish","4":"has-post-thumbnail","6":"product_cat-lackaufbereitung","7":"product_cat-lackpflege","9":"first","10":"instock","11":"shipping-taxable","12":"purchasable","13":"product-type-variable"},"_links":{"self":[{"href":"https:\/\/www.xclean.at\/portal\/wp-json\/wp\/v2\/product\/133647"}],"collection":[{"href":"https:\/\/www.xclean.at\/portal\/wp-json\/wp\/v2\/product"}],"about":[{"href":"https:\/\/www.xclean.at\/portal\/wp-json\/wp\/v2\/types\/product"}],"replies":[{"embeddable":true,"href":"https:\/\/www.xclean.at\/portal\/wp-json\/wp\/v2\/comments?post=133647"}],"wp:featuredmedia":[{"embeddable":true,"href":"https:\/\/www.xclean.at\/portal\/wp-json\/wp\/v2\/media\/133650"}],"wp:attachment":[{"href":"https:\/\/www.xclean.at\/portal\/wp-json\/wp\/v2\/media?parent=133647"}],"wp:term":[{"taxonomy":"product_brand","embeddable":true,"href":"https:\/\/www.xclean.at\/portal\/wp-json\/wp\/v2\/product_brand?post=133647"},{"taxonomy":"product_cat","embeddable":true,"href":"https:\/\/www.xclean.at\/portal\/wp-json\/wp\/v2\/product_cat?post=133647"},{"taxonomy":"product_tag","embeddable":true,"href":"https:\/\/www.xclean.at\/portal\/wp-json\/wp\/v2\/product_tag?post=133647"}],"curies":[{"name":"wp","href":"https:\/\/api.w.org\/{rel}","templated":true}]}}