{"id":20719,"date":"2015-10-27T14:27:10","date_gmt":"2015-10-27T13:27:10","guid":{"rendered":"http:\/\/www.xclean.at\/portal\/?post_type=product&#038;p=20719"},"modified":"2016-10-10T15:01:08","modified_gmt":"2016-10-10T13:01:08","slug":"insekten-vorreiniger-ultra","status":"publish","type":"product","link":"https:\/\/www.xclean.at\/portal\/produkt\/insekten-vorreiniger-ultra\/","title":{"rendered":"Insekten &#038; Vorreiniger Ultra"},"content":{"rendered":"<p>Insekten &amp; Vorreiniger Ultra ist ein ergiebiges, alkalisches Vorreinigungskonzentrat mit\u00a0 spezieller Tensidkombination. Entwickelt f\u00fcr den Einsatz in\u00a0 Waschanlagen und ebenso als manuelle Vorreinigung in der Gebrauchtwagenaufbereitung, bzw. dem Einsatz in Vorspr\u00fchger\u00e4ten. L\u00f6st schnell und schonend Verschmutzungen wie: Insekten-, \u00d6l-, Fett-, Diesel- und Pigmentverschmutzungen. Mit Verdunstungsverz\u00f6gerer. Problemlos einsetzbar bei Recyclinganlagen.<\/p>\n","protected":false},"excerpt":{"rendered":"<p>Insekten &amp; Vorreiniger Ultra ist ein ergiebiges, alkalisches Vorreinigungskonzentrat mit\u00a0 spezieller Tensidkombination.<\/p>\n","protected":false},"featured_media":20723,"comment_status":"open","ping_status":"closed","template":"","meta":{"_exactmetrics_skip_tracking":false,"_exactmetrics_sitenote_active":false,"_exactmetrics_sitenote_note":"","_exactmetrics_sitenote_category":0},"product_brand":[],"product_cat":[38],"product_tag":[],"class_list":{"0":"post-20719","1":"product","2":"type-product","3":"status-publish","4":"has-post-thumbnail","6":"product_cat-vorwaesche-schaum","8":"first","9":"instock","10":"shipping-taxable","11":"product-type-variable"},"_links":{"self":[{"href":"https:\/\/www.xclean.at\/portal\/wp-json\/wp\/v2\/product\/20719"}],"collection":[{"href":"https:\/\/www.xclean.at\/portal\/wp-json\/wp\/v2\/product"}],"about":[{"href":"https:\/\/www.xclean.at\/portal\/wp-json\/wp\/v2\/types\/product"}],"replies":[{"embeddable":true,"href":"https:\/\/www.xclean.at\/portal\/wp-json\/wp\/v2\/comments?post=20719"}],"wp:featuredmedia":[{"embeddable":true,"href":"https:\/\/www.xclean.at\/portal\/wp-json\/wp\/v2\/media\/20723"}],"wp:attachment":[{"href":"https:\/\/www.xclean.at\/portal\/wp-json\/wp\/v2\/media?parent=20719"}],"wp:term":[{"taxonomy":"product_brand","embeddable":true,"href":"https:\/\/www.xclean.at\/portal\/wp-json\/wp\/v2\/product_brand?post=20719"},{"taxonomy":"product_cat","embeddable":true,"href":"https:\/\/www.xclean.at\/portal\/wp-json\/wp\/v2\/product_cat?post=20719"},{"taxonomy":"product_tag","embeddable":true,"href":"https:\/\/www.xclean.at\/portal\/wp-json\/wp\/v2\/product_tag?post=20719"}],"curies":[{"name":"wp","href":"https:\/\/api.w.org\/{rel}","templated":true}]}}