{"id":20738,"date":"2015-11-02T06:58:52","date_gmt":"2015-11-02T05:58:52","guid":{"rendered":"http:\/\/www.xclean.at\/portal\/?post_type=product&#038;p=20738"},"modified":"2020-04-26T17:01:50","modified_gmt":"2020-04-26T15:01:50","slug":"si-reiniger","status":"publish","type":"product","link":"https:\/\/www.xclean.at\/portal\/produkt\/si-reiniger\/","title":{"rendered":"S I  Schmutz &#038; Intensivreiniger"},"content":{"rendered":"<p>Hochwirksamer und konzentrierter Schmutz- und Intensivreiniger mit einer Antischmutzformel. Hervorragend einsetzbar als Vorreiniger bei der Autow\u00e4sche. Die neue, leistungsstarke Wirkstoff -Formel erzeugt einen EASY-TO-CLEAN-EFFEKT. Hochkonzentriert, daher \u00f6konomisch im Verbrauch, umwelt- und abscheidefreundlich. L\u00f6st schnell und zuverl\u00e4ssig auch hartn\u00e4ckigen Schmutz wie Insekten-, \u00d6l-, Fett-, Diesel- und Pigmentverschmutzungen. Lackschonend. Materialschonend. Umwelt- und abscheidefreundlich.<\/p>\n","protected":false},"excerpt":{"rendered":"<p>Wirksamer hochkonzentriertere Schmutz- und Intensivreiniger mit einer Antischmutzformel.<\/p>\n","protected":false},"featured_media":133426,"comment_status":"open","ping_status":"closed","template":"","meta":{"_exactmetrics_skip_tracking":false,"_exactmetrics_sitenote_active":false,"_exactmetrics_sitenote_note":"","_exactmetrics_sitenote_category":0},"product_brand":[],"product_cat":[44,38],"product_tag":[],"class_list":{"0":"post-20738","1":"product","2":"type-product","3":"status-publish","4":"has-post-thumbnail","6":"product_cat-vorwaesche","7":"product_cat-vorwaesche-schaum","9":"first","10":"instock","11":"shipping-taxable","12":"purchasable","13":"product-type-variable","14":"has-default-attributes"},"_links":{"self":[{"href":"https:\/\/www.xclean.at\/portal\/wp-json\/wp\/v2\/product\/20738"}],"collection":[{"href":"https:\/\/www.xclean.at\/portal\/wp-json\/wp\/v2\/product"}],"about":[{"href":"https:\/\/www.xclean.at\/portal\/wp-json\/wp\/v2\/types\/product"}],"replies":[{"embeddable":true,"href":"https:\/\/www.xclean.at\/portal\/wp-json\/wp\/v2\/comments?post=20738"}],"wp:featuredmedia":[{"embeddable":true,"href":"https:\/\/www.xclean.at\/portal\/wp-json\/wp\/v2\/media\/133426"}],"wp:attachment":[{"href":"https:\/\/www.xclean.at\/portal\/wp-json\/wp\/v2\/media?parent=20738"}],"wp:term":[{"taxonomy":"product_brand","embeddable":true,"href":"https:\/\/www.xclean.at\/portal\/wp-json\/wp\/v2\/product_brand?post=20738"},{"taxonomy":"product_cat","embeddable":true,"href":"https:\/\/www.xclean.at\/portal\/wp-json\/wp\/v2\/product_cat?post=20738"},{"taxonomy":"product_tag","embeddable":true,"href":"https:\/\/www.xclean.at\/portal\/wp-json\/wp\/v2\/product_tag?post=20738"}],"curies":[{"name":"wp","href":"https:\/\/api.w.org\/{rel}","templated":true}]}}