{"id":20748,"date":"2015-10-30T08:35:47","date_gmt":"2015-10-30T07:35:47","guid":{"rendered":"http:\/\/www.xclean.at\/portal\/?post_type=product&#038;p=20748"},"modified":"2015-11-16T07:37:06","modified_gmt":"2015-11-16T06:37:06","slug":"duftshampoo","status":"publish","type":"product","link":"https:\/\/www.xclean.at\/portal\/produkt\/duftshampoo\/","title":{"rendered":"Duftshampoo"},"content":{"rendered":"<p>Duft Shampoo ist ein intensiv reinigendes Shampoo mit wirtschaftlichem Verbrauch f\u00fcr Portalanlagen, Waschstra\u00dfen, SB-Waschpl\u00e4tze. Auch zur manuellen Nassw\u00e4sche geeignet. Mit Frischeduft . Durch gleitende Eigenschaften erfolgt die Reinigung sehr schonend. Ausgew\u00e4hlte Wirkstoffkombinationen erm\u00f6glichen eine schnelle und intensive Schmutzl\u00f6sung auf allen glatten Oberfl\u00e4chen und Materialien. F\u00fcr jedes B\u00fcrstenmaterial geeignet. Unterst\u00fctzt eine perfekte Tiefenglanzwirkung. Hervorragend einsetzbar in Recyclinganlagen.<\/p>\n","protected":false},"excerpt":{"rendered":"<p>Duft Shampoo ist ein intensiv reinigendes Shampoo mit wirtschaftlichem Verbrauch f\u00fcr Portalanlagen, Waschstra\u00dfen, SB-Waschpl\u00e4tze.<\/p>\n","protected":false},"featured_media":20749,"comment_status":"open","ping_status":"closed","template":"","meta":{"_exactmetrics_skip_tracking":false,"_exactmetrics_sitenote_active":false,"_exactmetrics_sitenote_note":"","_exactmetrics_sitenote_category":0},"product_brand":[],"product_cat":[38],"product_tag":[],"class_list":{"0":"post-20748","1":"product","2":"type-product","3":"status-publish","4":"has-post-thumbnail","6":"product_cat-vorwaesche-schaum","8":"first","9":"instock","10":"shipping-taxable","11":"purchasable","12":"product-type-simple"},"_links":{"self":[{"href":"https:\/\/www.xclean.at\/portal\/wp-json\/wp\/v2\/product\/20748"}],"collection":[{"href":"https:\/\/www.xclean.at\/portal\/wp-json\/wp\/v2\/product"}],"about":[{"href":"https:\/\/www.xclean.at\/portal\/wp-json\/wp\/v2\/types\/product"}],"replies":[{"embeddable":true,"href":"https:\/\/www.xclean.at\/portal\/wp-json\/wp\/v2\/comments?post=20748"}],"wp:featuredmedia":[{"embeddable":true,"href":"https:\/\/www.xclean.at\/portal\/wp-json\/wp\/v2\/media\/20749"}],"wp:attachment":[{"href":"https:\/\/www.xclean.at\/portal\/wp-json\/wp\/v2\/media?parent=20748"}],"wp:term":[{"taxonomy":"product_brand","embeddable":true,"href":"https:\/\/www.xclean.at\/portal\/wp-json\/wp\/v2\/product_brand?post=20748"},{"taxonomy":"product_cat","embeddable":true,"href":"https:\/\/www.xclean.at\/portal\/wp-json\/wp\/v2\/product_cat?post=20748"},{"taxonomy":"product_tag","embeddable":true,"href":"https:\/\/www.xclean.at\/portal\/wp-json\/wp\/v2\/product_tag?post=20748"}],"curies":[{"name":"wp","href":"https:\/\/api.w.org\/{rel}","templated":true}]}}