{"id":20750,"date":"2015-10-30T08:37:17","date_gmt":"2015-10-30T07:37:17","guid":{"rendered":"http:\/\/www.xclean.at\/portal\/?post_type=product&#038;p=20750"},"modified":"2018-02-08T17:53:59","modified_gmt":"2018-02-08T16:53:59","slug":"acidovan","status":"publish","type":"product","link":"https:\/\/www.xclean.at\/portal\/produkt\/acidovan\/","title":{"rendered":"Acidovan"},"content":{"rendered":"<p>Acidovan ist ein stark reinigendes, sauer eingestelltes Shampoo f\u00fcr Portalanlagen, Waschstra\u00dfen, SB-Waschpl\u00e4tze<br \/>\nund auch zur h\u00e4ndischen Nassw\u00e4sche geeignet. Durch seine auf der Lackoberfl\u00e4che gleitenden Eigenschaften erfolgt die Reinigung sehr schonend. Die ausgew\u00e4hlte Tensidkombination erm\u00f6glicht eine schnelle und intensive Schmutzl\u00f6sung auf allen glatten Fahrzeugoberfl\u00e4chen und Materialien. F\u00fcr jedes B\u00fcrstenmaterial geeignet. Bereitet das Fahrzeug auf ein optimales Trocknungsergebnis vor.<\/p>\n","protected":false},"excerpt":{"rendered":"<p>Acidovan ist ein stark reinigendes, sauer eingestelltes Shampoo f\u00fcr Portalanlagen, Waschstra\u00dfen, SB-Waschpl\u00e4tze und auch zur h\u00e4ndischen Nassw\u00e4sche geeignet.<\/p>\n","protected":false},"featured_media":20751,"comment_status":"open","ping_status":"closed","template":"","meta":{"_exactmetrics_skip_tracking":false,"_exactmetrics_sitenote_active":false,"_exactmetrics_sitenote_note":"","_exactmetrics_sitenote_category":0},"product_brand":[],"product_cat":[38],"product_tag":[],"class_list":{"0":"post-20750","1":"product","2":"type-product","3":"status-publish","4":"has-post-thumbnail","6":"product_cat-vorwaesche-schaum","8":"first","9":"instock","10":"shipping-taxable","11":"product-type-variable"},"_links":{"self":[{"href":"https:\/\/www.xclean.at\/portal\/wp-json\/wp\/v2\/product\/20750"}],"collection":[{"href":"https:\/\/www.xclean.at\/portal\/wp-json\/wp\/v2\/product"}],"about":[{"href":"https:\/\/www.xclean.at\/portal\/wp-json\/wp\/v2\/types\/product"}],"replies":[{"embeddable":true,"href":"https:\/\/www.xclean.at\/portal\/wp-json\/wp\/v2\/comments?post=20750"}],"wp:featuredmedia":[{"embeddable":true,"href":"https:\/\/www.xclean.at\/portal\/wp-json\/wp\/v2\/media\/20751"}],"wp:attachment":[{"href":"https:\/\/www.xclean.at\/portal\/wp-json\/wp\/v2\/media?parent=20750"}],"wp:term":[{"taxonomy":"product_brand","embeddable":true,"href":"https:\/\/www.xclean.at\/portal\/wp-json\/wp\/v2\/product_brand?post=20750"},{"taxonomy":"product_cat","embeddable":true,"href":"https:\/\/www.xclean.at\/portal\/wp-json\/wp\/v2\/product_cat?post=20750"},{"taxonomy":"product_tag","embeddable":true,"href":"https:\/\/www.xclean.at\/portal\/wp-json\/wp\/v2\/product_tag?post=20750"}],"curies":[{"name":"wp","href":"https:\/\/api.w.org\/{rel}","templated":true}]}}