{"id":20770,"date":"2015-11-02T18:45:04","date_gmt":"2015-11-02T17:45:04","guid":{"rendered":"http:\/\/www.xclean.at\/portal\/?post_type=product&#038;p=20770"},"modified":"2018-02-19T14:02:39","modified_gmt":"2018-02-19T13:02:39","slug":"ultra-magic","status":"publish","type":"product","link":"https:\/\/www.xclean.at\/portal\/produkt\/ultra-magic\/","title":{"rendered":"Ultra Magic"},"content":{"rendered":"<p>Innovativer HighTech-Konservierungstrockner mit ultra schnellem Wasseraufriss bewirkt ein einzigartiges mikroperlenfreies Trocknungsergebnis. Hochkomplexe Aktivkomponenten sorgen f\u00fcr eine hoch gl\u00e4nzende Schutzschicht, die farbauffrischenden\u00a0 Pflegekomponenten f\u00fcr einen Langzeit-Tiefenglanz. Als Hei\u00dfwachs, Kaltwachs und Schaumwachs einsetzbar. Auch bei hohen Leitwerten des Brauchwassers und bei hartem Wasser ideal. F\u00fcr biologische und alle herk\u00f6mmlichen\u00a0 Brauchwasseraufbereitungsanlagen bestens geeignet.<\/p>\n","protected":false},"excerpt":{"rendered":"<p>Innovativer HighTech-Konservierungstrockner mit ultra schnellem Wasseraufriss bewirkt ein einzigartiges mikroperlenfreies Trocknungsergebnis.<\/p>\n","protected":false},"featured_media":20771,"comment_status":"open","ping_status":"closed","template":"","meta":{"_exactmetrics_skip_tracking":false,"_exactmetrics_sitenote_active":false,"_exactmetrics_sitenote_note":"","_exactmetrics_sitenote_category":0},"product_brand":[],"product_cat":[39],"product_tag":[],"class_list":{"0":"post-20770","1":"product","2":"type-product","3":"status-publish","4":"has-post-thumbnail","6":"product_cat-trocknung-waxe-polish","8":"first","9":"instock","10":"shipping-taxable","11":"purchasable","12":"product-type-simple"},"_links":{"self":[{"href":"https:\/\/www.xclean.at\/portal\/wp-json\/wp\/v2\/product\/20770"}],"collection":[{"href":"https:\/\/www.xclean.at\/portal\/wp-json\/wp\/v2\/product"}],"about":[{"href":"https:\/\/www.xclean.at\/portal\/wp-json\/wp\/v2\/types\/product"}],"replies":[{"embeddable":true,"href":"https:\/\/www.xclean.at\/portal\/wp-json\/wp\/v2\/comments?post=20770"}],"wp:featuredmedia":[{"embeddable":true,"href":"https:\/\/www.xclean.at\/portal\/wp-json\/wp\/v2\/media\/20771"}],"wp:attachment":[{"href":"https:\/\/www.xclean.at\/portal\/wp-json\/wp\/v2\/media?parent=20770"}],"wp:term":[{"taxonomy":"product_brand","embeddable":true,"href":"https:\/\/www.xclean.at\/portal\/wp-json\/wp\/v2\/product_brand?post=20770"},{"taxonomy":"product_cat","embeddable":true,"href":"https:\/\/www.xclean.at\/portal\/wp-json\/wp\/v2\/product_cat?post=20770"},{"taxonomy":"product_tag","embeddable":true,"href":"https:\/\/www.xclean.at\/portal\/wp-json\/wp\/v2\/product_tag?post=20770"}],"curies":[{"name":"wp","href":"https:\/\/api.w.org\/{rel}","templated":true}]}}