{"id":20786,"date":"2015-10-29T17:01:43","date_gmt":"2015-10-29T16:01:43","guid":{"rendered":"http:\/\/www.xclean.at\/portal\/?post_type=product&#038;p=20786"},"modified":"2018-02-19T11:59:26","modified_gmt":"2018-02-19T10:59:26","slug":"aqua-fit","status":"publish","type":"product","link":"https:\/\/www.xclean.at\/portal\/produkt\/aqua-fit\/","title":{"rendered":"Aqua Fit"},"content":{"rendered":"<p>Aqua Fit wirkt zuverl\u00e4ssig gegen unangenehmen F\u00e4ulnisgeruch in Brauchwasserkreisl\u00e4ufen und Abwasserbehandlungsanlagen. Reduziert deutlich die Schlammbildung. Verbessert die Wasserqualit\u00e4t durch Reduktion des chemischen und biologischen Sauerstoff bedarfs (CSB\/BSB).<\/p>\n","protected":false},"excerpt":{"rendered":"<p>Aqua Fit wirkt zuverl\u00e4ssig gegen unangenehmen F\u00e4ulnisgeruch in Brauchwasserkreisl\u00e4ufen und Abwasserbehandlungsanlagen.<\/p>\n","protected":false},"featured_media":132335,"comment_status":"open","ping_status":"closed","template":"","meta":{"_exactmetrics_skip_tracking":false,"_exactmetrics_sitenote_active":false,"_exactmetrics_sitenote_note":"","_exactmetrics_sitenote_category":0},"product_brand":[],"product_cat":[323],"product_tag":[],"class_list":{"0":"post-20786","1":"product","2":"type-product","3":"status-publish","4":"has-post-thumbnail","6":"product_cat-wasseraufbereitung","8":"first","9":"instock","10":"shipping-taxable","11":"purchasable","12":"product-type-simple"},"_links":{"self":[{"href":"https:\/\/www.xclean.at\/portal\/wp-json\/wp\/v2\/product\/20786"}],"collection":[{"href":"https:\/\/www.xclean.at\/portal\/wp-json\/wp\/v2\/product"}],"about":[{"href":"https:\/\/www.xclean.at\/portal\/wp-json\/wp\/v2\/types\/product"}],"replies":[{"embeddable":true,"href":"https:\/\/www.xclean.at\/portal\/wp-json\/wp\/v2\/comments?post=20786"}],"wp:featuredmedia":[{"embeddable":true,"href":"https:\/\/www.xclean.at\/portal\/wp-json\/wp\/v2\/media\/132335"}],"wp:attachment":[{"href":"https:\/\/www.xclean.at\/portal\/wp-json\/wp\/v2\/media?parent=20786"}],"wp:term":[{"taxonomy":"product_brand","embeddable":true,"href":"https:\/\/www.xclean.at\/portal\/wp-json\/wp\/v2\/product_brand?post=20786"},{"taxonomy":"product_cat","embeddable":true,"href":"https:\/\/www.xclean.at\/portal\/wp-json\/wp\/v2\/product_cat?post=20786"},{"taxonomy":"product_tag","embeddable":true,"href":"https:\/\/www.xclean.at\/portal\/wp-json\/wp\/v2\/product_tag?post=20786"}],"curies":[{"name":"wp","href":"https:\/\/api.w.org\/{rel}","templated":true}]}}