{"id":20798,"date":"2015-10-30T17:14:24","date_gmt":"2015-10-30T16:14:24","guid":{"rendered":"http:\/\/www.xclean.at\/portal\/?post_type=product&#038;p=20798"},"modified":"2019-10-24T10:55:16","modified_gmt":"2019-10-24T08:55:16","slug":"k-b-r-loeser","status":"publish","type":"product","link":"https:\/\/www.xclean.at\/portal\/produkt\/k-b-r-loeser\/","title":{"rendered":"K.B.R. L\u00f6ser"},"content":{"rendered":"<p>Fl\u00fcssiger, viskoser, kraftvoll saurer Spezialreiniger ohne sch\u00e4dliche Schwefels\u00e4ure. Entfernt hartn\u00e4ckige Verschmutzungen wie Kalkstein, Urinstein, Kesselstein, Rost, Zement und Betonkrusten. Zur Reinigung aller s\u00e4urebest\u00e4ndigen Materialien wie Fliesen, Kacheln, Porzellan, Steinzeug und WC-Becken geeignet. L\u00f6st je nach Konzentration und Einwirkzeit auch starke Zementschichten, Kalk, mineralische Verunreinigungen, Industrie- und \u00d6lverschmutzungen, Oxid- und Ru\u00dfbelag. Enth\u00e4lt Aktivs\u00e4ure f\u00fcr porentiefe Reinigung und Fettentfernung bei optimaler Oberfl\u00e4chenschonung.<\/p>\n","protected":false},"excerpt":{"rendered":"<p>Fl\u00fcssiger, viskoser, kraftvoll saurer Spezialreiniger ohne sch\u00e4dliche Schwefels\u00e4ure.<\/p>\n","protected":false},"featured_media":20799,"comment_status":"open","ping_status":"closed","template":"","meta":{"_exactmetrics_skip_tracking":false,"_exactmetrics_sitenote_active":false,"_exactmetrics_sitenote_note":"","_exactmetrics_sitenote_category":0},"product_brand":[],"product_cat":[41],"product_tag":[],"class_list":{"0":"post-20798","1":"product","2":"type-product","3":"status-publish","4":"has-post-thumbnail","6":"product_cat-hallenreinigung","8":"first","9":"instock","10":"shipping-taxable","11":"purchasable","12":"product-type-simple"},"_links":{"self":[{"href":"https:\/\/www.xclean.at\/portal\/wp-json\/wp\/v2\/product\/20798"}],"collection":[{"href":"https:\/\/www.xclean.at\/portal\/wp-json\/wp\/v2\/product"}],"about":[{"href":"https:\/\/www.xclean.at\/portal\/wp-json\/wp\/v2\/types\/product"}],"replies":[{"embeddable":true,"href":"https:\/\/www.xclean.at\/portal\/wp-json\/wp\/v2\/comments?post=20798"}],"wp:featuredmedia":[{"embeddable":true,"href":"https:\/\/www.xclean.at\/portal\/wp-json\/wp\/v2\/media\/20799"}],"wp:attachment":[{"href":"https:\/\/www.xclean.at\/portal\/wp-json\/wp\/v2\/media?parent=20798"}],"wp:term":[{"taxonomy":"product_brand","embeddable":true,"href":"https:\/\/www.xclean.at\/portal\/wp-json\/wp\/v2\/product_brand?post=20798"},{"taxonomy":"product_cat","embeddable":true,"href":"https:\/\/www.xclean.at\/portal\/wp-json\/wp\/v2\/product_cat?post=20798"},{"taxonomy":"product_tag","embeddable":true,"href":"https:\/\/www.xclean.at\/portal\/wp-json\/wp\/v2\/product_tag?post=20798"}],"curies":[{"name":"wp","href":"https:\/\/api.w.org\/{rel}","templated":true}]}}