{"id":20800,"date":"2015-10-30T17:16:40","date_gmt":"2015-10-30T16:16:40","guid":{"rendered":"http:\/\/www.xclean.at\/portal\/?post_type=product&#038;p=20800"},"modified":"2015-11-16T07:41:13","modified_gmt":"2015-11-16T06:41:13","slug":"w-s-f-300","status":"publish","type":"product","link":"https:\/\/www.xclean.at\/portal\/produkt\/w-s-f-300\/","title":{"rendered":"W.S.F. 300"},"content":{"rendered":"<p>Alkalischer Reiniger zur effektiven Entfernung von \u00d6len, Fetten, Wachsen und Pigmentschmutz. Eignet sich besonders zur Reinigung stark verschmutzter Werkstattb\u00f6den und Fahrbahnen im Bereich der Zapfs\u00e4ulen, ohne dabei die Fugen anzugreifen. Eignet sich bestens als Wachsentferner in Waschhallen, wenn extreme Wachsschichten von silikonhaltigen Trocknern\u00a0 vorhanden sind. Selbst hartn\u00e4ckige Verschmutzungen werden bei entsprechender Konzentration und Einwirkzeit problemlos beseitigt.<\/p>\n","protected":false},"excerpt":{"rendered":"<p>Alkalischer Reiniger zur effektiven Entfernung von \u00d6len, Fetten, Wachsen und Pigmentschmutz.<\/p>\n","protected":false},"featured_media":20801,"comment_status":"open","ping_status":"closed","template":"","meta":{"_exactmetrics_skip_tracking":false,"_exactmetrics_sitenote_active":false,"_exactmetrics_sitenote_note":"","_exactmetrics_sitenote_category":0},"product_brand":[],"product_cat":[41],"product_tag":[],"class_list":{"0":"post-20800","1":"product","2":"type-product","3":"status-publish","4":"has-post-thumbnail","6":"product_cat-hallenreinigung","8":"first","9":"instock","10":"shipping-taxable","11":"purchasable","12":"product-type-simple"},"_links":{"self":[{"href":"https:\/\/www.xclean.at\/portal\/wp-json\/wp\/v2\/product\/20800"}],"collection":[{"href":"https:\/\/www.xclean.at\/portal\/wp-json\/wp\/v2\/product"}],"about":[{"href":"https:\/\/www.xclean.at\/portal\/wp-json\/wp\/v2\/types\/product"}],"replies":[{"embeddable":true,"href":"https:\/\/www.xclean.at\/portal\/wp-json\/wp\/v2\/comments?post=20800"}],"wp:featuredmedia":[{"embeddable":true,"href":"https:\/\/www.xclean.at\/portal\/wp-json\/wp\/v2\/media\/20801"}],"wp:attachment":[{"href":"https:\/\/www.xclean.at\/portal\/wp-json\/wp\/v2\/media?parent=20800"}],"wp:term":[{"taxonomy":"product_brand","embeddable":true,"href":"https:\/\/www.xclean.at\/portal\/wp-json\/wp\/v2\/product_brand?post=20800"},{"taxonomy":"product_cat","embeddable":true,"href":"https:\/\/www.xclean.at\/portal\/wp-json\/wp\/v2\/product_cat?post=20800"},{"taxonomy":"product_tag","embeddable":true,"href":"https:\/\/www.xclean.at\/portal\/wp-json\/wp\/v2\/product_tag?post=20800"}],"curies":[{"name":"wp","href":"https:\/\/api.w.org\/{rel}","templated":true}]}}