{"id":20858,"date":"2015-11-02T05:51:47","date_gmt":"2015-11-02T04:51:47","guid":{"rendered":"http:\/\/www.xclean.at\/portal\/?post_type=product&#038;p=20858"},"modified":"2020-02-03T14:49:40","modified_gmt":"2020-02-03T13:49:40","slug":"intensivreiniger-ta-88","status":"publish","type":"product","link":"https:\/\/www.xclean.at\/portal\/produkt\/intensivreiniger-ta-88\/","title":{"rendered":"Intensivreiniger TA 88"},"content":{"rendered":"<p>Ergiebiger, alkalischer, schaumarmer Reiniger mit hoher Fettl\u00f6sekraft. Wirkt im Abwasser demulgierend. F\u00fcr manuelle und maschinelle Bodenreinigung. Entfernt \u00d6l, Fette, Insekten, gealterte Wachs- und Harzverkrustungen sowie verkohlte R\u00fcckst\u00e4nde. Ideal einsetzbar in Reinigungsmaschinen und f\u00fcr die Motor- u. Teilereinigung. Perfekt zur schonenden Reinigung von Planen.<\/p>\n","protected":false},"excerpt":{"rendered":"<p>Ergiebiger, alkalischer, schaumarmer Reiniger mit hoher Fettl\u00f6sekraft.<\/p>\n","protected":false},"featured_media":132475,"comment_status":"open","ping_status":"closed","template":"","meta":{"_exactmetrics_skip_tracking":false,"_exactmetrics_sitenote_active":false,"_exactmetrics_sitenote_note":"","_exactmetrics_sitenote_category":0},"product_brand":[],"product_cat":[43],"product_tag":[],"class_list":{"0":"post-20858","1":"product","2":"type-product","3":"status-publish","4":"has-post-thumbnail","6":"product_cat-spezial-reiniger","8":"first","9":"instock","10":"shipping-taxable","11":"purchasable","12":"product-type-variable"},"_links":{"self":[{"href":"https:\/\/www.xclean.at\/portal\/wp-json\/wp\/v2\/product\/20858"}],"collection":[{"href":"https:\/\/www.xclean.at\/portal\/wp-json\/wp\/v2\/product"}],"about":[{"href":"https:\/\/www.xclean.at\/portal\/wp-json\/wp\/v2\/types\/product"}],"replies":[{"embeddable":true,"href":"https:\/\/www.xclean.at\/portal\/wp-json\/wp\/v2\/comments?post=20858"}],"wp:featuredmedia":[{"embeddable":true,"href":"https:\/\/www.xclean.at\/portal\/wp-json\/wp\/v2\/media\/132475"}],"wp:attachment":[{"href":"https:\/\/www.xclean.at\/portal\/wp-json\/wp\/v2\/media?parent=20858"}],"wp:term":[{"taxonomy":"product_brand","embeddable":true,"href":"https:\/\/www.xclean.at\/portal\/wp-json\/wp\/v2\/product_brand?post=20858"},{"taxonomy":"product_cat","embeddable":true,"href":"https:\/\/www.xclean.at\/portal\/wp-json\/wp\/v2\/product_cat?post=20858"},{"taxonomy":"product_tag","embeddable":true,"href":"https:\/\/www.xclean.at\/portal\/wp-json\/wp\/v2\/product_tag?post=20858"}],"curies":[{"name":"wp","href":"https:\/\/api.w.org\/{rel}","templated":true}]}}