{"id":20860,"date":"2015-11-02T05:53:19","date_gmt":"2015-11-02T04:53:19","guid":{"rendered":"http:\/\/www.xclean.at\/portal\/?post_type=product&#038;p=20860"},"modified":"2015-11-16T08:05:59","modified_gmt":"2015-11-16T07:05:59","slug":"profi-reiniger","status":"publish","type":"product","link":"https:\/\/www.xclean.at\/portal\/produkt\/profi-reiniger\/","title":{"rendered":"Profi Reiniger"},"content":{"rendered":"<p>Hochwertiger, leistungsstarker Spezialreiniger f\u00fcr alle Wartungs- und Reparaturarbeiten an Bremsen, Kupplungen und Motorteilen. Entfernt schnell und vollkommen r\u00fcckstandsfrei Bremsstaub sowie alle \u00f6l-, fett- und silikonhaltigen Verschmutzungen und Verkrustungen. Ultrastark mit bester Materialvertr\u00e4glichkeit. L\u00fcftet absolut r\u00fcckstandsfrei ab. Sehr ergiebig. Frei von Aceton und Aromaten.<\/p>\n","protected":false},"excerpt":{"rendered":"<p>Hochwertiger, leistungsstarker Spezialreiniger f\u00fcr alle Wartungs- und Reparaturarbeiten an Bremsen, Kupplungen und Motorteilen.<\/p>\n","protected":false},"featured_media":20861,"comment_status":"open","ping_status":"closed","template":"","meta":{"_exactmetrics_skip_tracking":false,"_exactmetrics_sitenote_active":false,"_exactmetrics_sitenote_note":"","_exactmetrics_sitenote_category":0},"product_brand":[],"product_cat":[43],"product_tag":[],"class_list":{"0":"post-20860","1":"product","2":"type-product","3":"status-publish","4":"has-post-thumbnail","6":"product_cat-spezial-reiniger","8":"first","9":"instock","10":"shipping-taxable","11":"purchasable","12":"product-type-simple"},"_links":{"self":[{"href":"https:\/\/www.xclean.at\/portal\/wp-json\/wp\/v2\/product\/20860"}],"collection":[{"href":"https:\/\/www.xclean.at\/portal\/wp-json\/wp\/v2\/product"}],"about":[{"href":"https:\/\/www.xclean.at\/portal\/wp-json\/wp\/v2\/types\/product"}],"replies":[{"embeddable":true,"href":"https:\/\/www.xclean.at\/portal\/wp-json\/wp\/v2\/comments?post=20860"}],"wp:featuredmedia":[{"embeddable":true,"href":"https:\/\/www.xclean.at\/portal\/wp-json\/wp\/v2\/media\/20861"}],"wp:attachment":[{"href":"https:\/\/www.xclean.at\/portal\/wp-json\/wp\/v2\/media?parent=20860"}],"wp:term":[{"taxonomy":"product_brand","embeddable":true,"href":"https:\/\/www.xclean.at\/portal\/wp-json\/wp\/v2\/product_brand?post=20860"},{"taxonomy":"product_cat","embeddable":true,"href":"https:\/\/www.xclean.at\/portal\/wp-json\/wp\/v2\/product_cat?post=20860"},{"taxonomy":"product_tag","embeddable":true,"href":"https:\/\/www.xclean.at\/portal\/wp-json\/wp\/v2\/product_tag?post=20860"}],"curies":[{"name":"wp","href":"https:\/\/api.w.org\/{rel}","templated":true}]}}