{"id":20862,"date":"2015-11-02T05:54:56","date_gmt":"2015-11-02T04:54:56","guid":{"rendered":"http:\/\/www.xclean.at\/portal\/?post_type=product&#038;p=20862"},"modified":"2016-10-10T15:11:11","modified_gmt":"2016-10-10T13:11:11","slug":"siliconentferner","status":"publish","type":"product","link":"https:\/\/www.xclean.at\/portal\/produkt\/siliconentferner\/","title":{"rendered":"Siliconentferner"},"content":{"rendered":"<p>Beseitigt selbstt\u00e4tig und schonend Verschmutzungen wie Teer, \u00d6l, Fett, Silicon, Wachs, Klebstoff bzw. Klebstoffreste von Lacken, Kleidung, Polstern, Fu\u00dfmatten und harten Oberfl\u00e4chen. Ist im Motorraum, in Radk\u00e4sten, an Karosserieteilen und auf Glasfl\u00e4chen einsetzbar. Er entfernt Klebstoffreste von Aufklebern, Gummiabrieb sowie Lackr\u00fcckst\u00e4nde und Spr\u00fchnebel.<\/p>\n","protected":false},"excerpt":{"rendered":"<p>Beseitigt selbstt\u00e4tig und schonend Verschmutzungen wie Teer, \u00d6l, Fett, Silicon, Wachs, Klebstoff bzw.<\/p>\n","protected":false},"featured_media":20863,"comment_status":"open","ping_status":"closed","template":"","meta":{"_exactmetrics_skip_tracking":false,"_exactmetrics_sitenote_active":false,"_exactmetrics_sitenote_note":"","_exactmetrics_sitenote_category":0},"product_brand":[],"product_cat":[43],"product_tag":[],"class_list":{"0":"post-20862","1":"product","2":"type-product","3":"status-publish","4":"has-post-thumbnail","6":"product_cat-spezial-reiniger","8":"first","9":"instock","10":"shipping-taxable","11":"purchasable","12":"product-type-variable"},"_links":{"self":[{"href":"https:\/\/www.xclean.at\/portal\/wp-json\/wp\/v2\/product\/20862"}],"collection":[{"href":"https:\/\/www.xclean.at\/portal\/wp-json\/wp\/v2\/product"}],"about":[{"href":"https:\/\/www.xclean.at\/portal\/wp-json\/wp\/v2\/types\/product"}],"replies":[{"embeddable":true,"href":"https:\/\/www.xclean.at\/portal\/wp-json\/wp\/v2\/comments?post=20862"}],"wp:featuredmedia":[{"embeddable":true,"href":"https:\/\/www.xclean.at\/portal\/wp-json\/wp\/v2\/media\/20863"}],"wp:attachment":[{"href":"https:\/\/www.xclean.at\/portal\/wp-json\/wp\/v2\/media?parent=20862"}],"wp:term":[{"taxonomy":"product_brand","embeddable":true,"href":"https:\/\/www.xclean.at\/portal\/wp-json\/wp\/v2\/product_brand?post=20862"},{"taxonomy":"product_cat","embeddable":true,"href":"https:\/\/www.xclean.at\/portal\/wp-json\/wp\/v2\/product_cat?post=20862"},{"taxonomy":"product_tag","embeddable":true,"href":"https:\/\/www.xclean.at\/portal\/wp-json\/wp\/v2\/product_tag?post=20862"}],"curies":[{"name":"wp","href":"https:\/\/api.w.org\/{rel}","templated":true}]}}