{"id":20872,"date":"2015-11-02T06:58:32","date_gmt":"2015-11-02T05:58:32","guid":{"rendered":"http:\/\/www.xclean.at\/portal\/?post_type=product&#038;p=20872"},"modified":"2018-02-18T08:52:53","modified_gmt":"2018-02-18T07:52:53","slug":"flugrost-entferner","status":"publish","type":"product","link":"https:\/\/www.xclean.at\/portal\/produkt\/flugrost-entferner\/","title":{"rendered":"Flugrost Entferner"},"content":{"rendered":"<p>Flugrost Entferner ist ein s\u00e4urehaltiger Tensidreiniger, welcher zuverl\u00e4ssig Flugrost von harten Oberfl\u00e4chen entfernt. Er l\u00f6st das vorliegende Eisenoxidhydrat bzw. Kupferoxid von der Oberfl\u00e4che und bildet auf der ungesch\u00fctzten Eisenoberfl\u00e4che eine sch\u00fctzende Schicht. Ideal auch f\u00fcr den Einsatz in Nufa-Waschanlagen f\u00fcr Schienenfahrzeuge. Das Produkt ist l\u00f6semittelfrei, antikorrosiv und sehr konzentriert.<\/p>\n","protected":false},"excerpt":{"rendered":"<p>Flugrost Entferner ist ein s\u00e4urehaltiger Tensidreiniger, welcher zuverl\u00e4ssig Flugrost von harten Oberfl\u00e4chen entfernt.<\/p>\n","protected":false},"featured_media":20873,"comment_status":"open","ping_status":"closed","template":"","meta":{"_exactmetrics_skip_tracking":false,"_exactmetrics_sitenote_active":false,"_exactmetrics_sitenote_note":"","_exactmetrics_sitenote_category":0},"product_brand":[],"product_cat":[44],"product_tag":[],"class_list":{"0":"post-20872","1":"product","2":"type-product","3":"status-publish","4":"has-post-thumbnail","6":"product_cat-vorwaesche","8":"first","9":"instock","10":"shipping-taxable","11":"purchasable","12":"product-type-simple"},"_links":{"self":[{"href":"https:\/\/www.xclean.at\/portal\/wp-json\/wp\/v2\/product\/20872"}],"collection":[{"href":"https:\/\/www.xclean.at\/portal\/wp-json\/wp\/v2\/product"}],"about":[{"href":"https:\/\/www.xclean.at\/portal\/wp-json\/wp\/v2\/types\/product"}],"replies":[{"embeddable":true,"href":"https:\/\/www.xclean.at\/portal\/wp-json\/wp\/v2\/comments?post=20872"}],"wp:featuredmedia":[{"embeddable":true,"href":"https:\/\/www.xclean.at\/portal\/wp-json\/wp\/v2\/media\/20873"}],"wp:attachment":[{"href":"https:\/\/www.xclean.at\/portal\/wp-json\/wp\/v2\/media?parent=20872"}],"wp:term":[{"taxonomy":"product_brand","embeddable":true,"href":"https:\/\/www.xclean.at\/portal\/wp-json\/wp\/v2\/product_brand?post=20872"},{"taxonomy":"product_cat","embeddable":true,"href":"https:\/\/www.xclean.at\/portal\/wp-json\/wp\/v2\/product_cat?post=20872"},{"taxonomy":"product_tag","embeddable":true,"href":"https:\/\/www.xclean.at\/portal\/wp-json\/wp\/v2\/product_tag?post=20872"}],"curies":[{"name":"wp","href":"https:\/\/api.w.org\/{rel}","templated":true}]}}