{"id":20878,"date":"2015-11-02T06:35:33","date_gmt":"2015-11-02T05:35:33","guid":{"rendered":"http:\/\/www.xclean.at\/portal\/?post_type=product&#038;p=20878"},"modified":"2018-02-18T08:57:19","modified_gmt":"2018-02-18T07:57:19","slug":"hoko-glanzshampoo","status":"publish","type":"product","link":"https:\/\/www.xclean.at\/portal\/produkt\/hoko-glanzshampoo\/","title":{"rendered":"HOKO Glanzshampoo"},"content":{"rendered":"<p>HOKO Glanzshampoo ist ein stark viskoses Shampoo f\u00fcr die manuelle W\u00e4sche von Fahrzeugen bei optimaler Oberfl\u00e4chenschonung. HOKO Glanzshampoo bringt exzellente Waschkraft kombiniert mit Tiefenglanzwirkung und angenehmem Duft. Intensive Reinigungskraft mit minimalem Verbrauch. Oberfl\u00e4chenschonend.<\/p>\n","protected":false},"excerpt":{"rendered":"<p>HOKO Glanzshampoo ist ein stark viskoses Shampoo f\u00fcr die manuelle W\u00e4sche von Fahrzeugen bei optimaler Oberfl\u00e4chenschonung.<\/p>\n","protected":false},"featured_media":20879,"comment_status":"open","ping_status":"closed","template":"","meta":{"_exactmetrics_skip_tracking":false,"_exactmetrics_sitenote_active":false,"_exactmetrics_sitenote_note":"","_exactmetrics_sitenote_category":0},"product_brand":[],"product_cat":[44],"product_tag":[],"class_list":{"0":"post-20878","1":"product","2":"type-product","3":"status-publish","4":"has-post-thumbnail","6":"product_cat-vorwaesche","8":"first","9":"instock","10":"shipping-taxable","11":"purchasable","12":"product-type-simple"},"_links":{"self":[{"href":"https:\/\/www.xclean.at\/portal\/wp-json\/wp\/v2\/product\/20878"}],"collection":[{"href":"https:\/\/www.xclean.at\/portal\/wp-json\/wp\/v2\/product"}],"about":[{"href":"https:\/\/www.xclean.at\/portal\/wp-json\/wp\/v2\/types\/product"}],"replies":[{"embeddable":true,"href":"https:\/\/www.xclean.at\/portal\/wp-json\/wp\/v2\/comments?post=20878"}],"wp:featuredmedia":[{"embeddable":true,"href":"https:\/\/www.xclean.at\/portal\/wp-json\/wp\/v2\/media\/20879"}],"wp:attachment":[{"href":"https:\/\/www.xclean.at\/portal\/wp-json\/wp\/v2\/media?parent=20878"}],"wp:term":[{"taxonomy":"product_brand","embeddable":true,"href":"https:\/\/www.xclean.at\/portal\/wp-json\/wp\/v2\/product_brand?post=20878"},{"taxonomy":"product_cat","embeddable":true,"href":"https:\/\/www.xclean.at\/portal\/wp-json\/wp\/v2\/product_cat?post=20878"},{"taxonomy":"product_tag","embeddable":true,"href":"https:\/\/www.xclean.at\/portal\/wp-json\/wp\/v2\/product_tag?post=20878"}],"curies":[{"name":"wp","href":"https:\/\/api.w.org\/{rel}","templated":true}]}}