{"id":20882,"date":"2015-11-02T11:10:31","date_gmt":"2015-11-02T10:10:31","guid":{"rendered":"http:\/\/www.xclean.at\/portal\/?post_type=product&#038;p=20882"},"modified":"2018-04-11T10:16:49","modified_gmt":"2018-04-11T08:16:49","slug":"multi-clean-euro-reiniger","status":"publish","type":"product","link":"https:\/\/www.xclean.at\/portal\/produkt\/multi-clean-euro-reiniger\/","title":{"rendered":"Multi Clean Euro Reiniger"},"content":{"rendered":"<p>Sehr wirkungsvoller, universell einsetzbarer, alkalischer Reiniger auf der Basis nichtionischer Tenside. Die verwendeten Tenside sind mindestens zu 90 % biologisch abbaubar und verhalten sich im Abwasser umweltvertr\u00e4glich. Enth\u00e4lt keine organisch gebundenen Halogenverbindungen (AOX). Eignet sich hervorragend zur Reinigung von Werkstatteinrichtungen, B\u00f6den, Zapfs\u00e4ulen, sowie Werkzeugkleinteilen und Maschinen. L\u00f6st zuverl\u00e4ssig \u00d6l- &amp; Dieselverschmutzungen, Bremsfl \u00fcssigkeit und diverse Stra\u00dfenverschmutzungen<\/p>\n","protected":false},"excerpt":{"rendered":"<p>Sehr wirkungsvoller, universell einsetzbarer, alkalischer Reiniger auf der Basis nichtionischer Tenside.<\/p>\n","protected":false},"featured_media":132493,"comment_status":"open","ping_status":"closed","template":"","meta":{"_exactmetrics_skip_tracking":false,"_exactmetrics_sitenote_active":false,"_exactmetrics_sitenote_note":"","_exactmetrics_sitenote_category":0},"product_brand":[],"product_cat":[45],"product_tag":[],"class_list":{"0":"post-20882","1":"product","2":"type-product","3":"status-publish","4":"has-post-thumbnail","6":"product_cat-innenreinigung-fahrzeugaufbereitung","8":"first","9":"instock","10":"shipping-taxable","11":"purchasable","12":"product-type-variable"},"_links":{"self":[{"href":"https:\/\/www.xclean.at\/portal\/wp-json\/wp\/v2\/product\/20882"}],"collection":[{"href":"https:\/\/www.xclean.at\/portal\/wp-json\/wp\/v2\/product"}],"about":[{"href":"https:\/\/www.xclean.at\/portal\/wp-json\/wp\/v2\/types\/product"}],"replies":[{"embeddable":true,"href":"https:\/\/www.xclean.at\/portal\/wp-json\/wp\/v2\/comments?post=20882"}],"wp:featuredmedia":[{"embeddable":true,"href":"https:\/\/www.xclean.at\/portal\/wp-json\/wp\/v2\/media\/132493"}],"wp:attachment":[{"href":"https:\/\/www.xclean.at\/portal\/wp-json\/wp\/v2\/media?parent=20882"}],"wp:term":[{"taxonomy":"product_brand","embeddable":true,"href":"https:\/\/www.xclean.at\/portal\/wp-json\/wp\/v2\/product_brand?post=20882"},{"taxonomy":"product_cat","embeddable":true,"href":"https:\/\/www.xclean.at\/portal\/wp-json\/wp\/v2\/product_cat?post=20882"},{"taxonomy":"product_tag","embeddable":true,"href":"https:\/\/www.xclean.at\/portal\/wp-json\/wp\/v2\/product_tag?post=20882"}],"curies":[{"name":"wp","href":"https:\/\/api.w.org\/{rel}","templated":true}]}}