{"id":20884,"date":"2015-11-02T10:45:06","date_gmt":"2015-11-02T09:45:06","guid":{"rendered":"http:\/\/www.xclean.at\/portal\/?post_type=product&#038;p=20884"},"modified":"2018-02-18T12:07:01","modified_gmt":"2018-02-18T11:07:01","slug":"auto-innenreiniger","status":"publish","type":"product","link":"https:\/\/www.xclean.at\/portal\/produkt\/auto-innenreiniger\/","title":{"rendered":"Auto Innenreiniger"},"content":{"rendered":"<p>Auto Innenreiniger wirkt hygienisch effektiv mit Frischeduft. F\u00fcr den gesamten Autoinnenraum. Entfernt schnell und schonend selbst hartn\u00e4ckigen Schmutz wie Fett, \u00d6l, Nikotin von Cockpit, Innenverkleidung und Polster. Ideal auch zur Entfernung von Absatzspuren an T\u00fcrverkleidungen. Bringt frischen Duft in das Fahrzeug.<\/p>\n","protected":false},"excerpt":{"rendered":"<p>Auto Innenreiniger wirkt hygienisch effektiv mit Frischeduft.<\/p>\n","protected":false},"featured_media":20885,"comment_status":"open","ping_status":"closed","template":"","meta":{"_exactmetrics_skip_tracking":false,"_exactmetrics_sitenote_active":false,"_exactmetrics_sitenote_note":"","_exactmetrics_sitenote_category":0},"product_brand":[],"product_cat":[45],"product_tag":[],"class_list":{"0":"post-20884","1":"product","2":"type-product","3":"status-publish","4":"has-post-thumbnail","6":"product_cat-innenreinigung-fahrzeugaufbereitung","8":"first","9":"instock","10":"shipping-taxable","11":"purchasable","12":"product-type-variable"},"_links":{"self":[{"href":"https:\/\/www.xclean.at\/portal\/wp-json\/wp\/v2\/product\/20884"}],"collection":[{"href":"https:\/\/www.xclean.at\/portal\/wp-json\/wp\/v2\/product"}],"about":[{"href":"https:\/\/www.xclean.at\/portal\/wp-json\/wp\/v2\/types\/product"}],"replies":[{"embeddable":true,"href":"https:\/\/www.xclean.at\/portal\/wp-json\/wp\/v2\/comments?post=20884"}],"wp:featuredmedia":[{"embeddable":true,"href":"https:\/\/www.xclean.at\/portal\/wp-json\/wp\/v2\/media\/20885"}],"wp:attachment":[{"href":"https:\/\/www.xclean.at\/portal\/wp-json\/wp\/v2\/media?parent=20884"}],"wp:term":[{"taxonomy":"product_brand","embeddable":true,"href":"https:\/\/www.xclean.at\/portal\/wp-json\/wp\/v2\/product_brand?post=20884"},{"taxonomy":"product_cat","embeddable":true,"href":"https:\/\/www.xclean.at\/portal\/wp-json\/wp\/v2\/product_cat?post=20884"},{"taxonomy":"product_tag","embeddable":true,"href":"https:\/\/www.xclean.at\/portal\/wp-json\/wp\/v2\/product_tag?post=20884"}],"curies":[{"name":"wp","href":"https:\/\/api.w.org\/{rel}","templated":true}]}}