{"id":20886,"date":"2015-11-02T10:55:44","date_gmt":"2015-11-02T09:55:44","guid":{"rendered":"http:\/\/www.xclean.at\/portal\/?post_type=product&#038;p=20886"},"modified":"2018-02-18T12:05:12","modified_gmt":"2018-02-18T11:05:12","slug":"blitz-master","status":"publish","type":"product","link":"https:\/\/www.xclean.at\/portal\/produkt\/blitz-master\/","title":{"rendered":"Blitz Master"},"content":{"rendered":"<p>Blitz Master ist ein phosphatarmer und \u00e4u\u00dferst hochkonzentrierter Allzweckreiniger auf der Basis biologisch abbaubarer anionischer und nichtionischer Tenside. Der Reiniger besitzt eine ausgezeichnete Schmutz- und Fettl\u00f6sekraft . Reinigt m\u00fchelos Kunstleder, Plastik, Glas, Fliesen, Keramik, Emaille, lackierte Fl\u00e4chen, W\u00e4nde und Holzt\u00fcren. Waschaktiv auch bei hartem Wasser mit Schaumautomatik. Streifenfreier Glanz.<\/p>\n","protected":false},"excerpt":{"rendered":"<p>Blitz Master ist ein phosphatarmer und \u00e4u\u00dferst hochkonzentrierter Allzweckreiniger auf der Basis biologisch abbaubarer anionischer und nichtionischer Tenside.<\/p>\n","protected":false},"featured_media":20887,"comment_status":"open","ping_status":"closed","template":"","meta":{"_exactmetrics_skip_tracking":false,"_exactmetrics_sitenote_active":false,"_exactmetrics_sitenote_note":"","_exactmetrics_sitenote_category":0},"product_brand":[],"product_cat":[45],"product_tag":[],"class_list":{"0":"post-20886","1":"product","2":"type-product","3":"status-publish","4":"has-post-thumbnail","6":"product_cat-innenreinigung-fahrzeugaufbereitung","8":"first","9":"instock","10":"shipping-taxable","11":"purchasable","12":"product-type-variable"},"_links":{"self":[{"href":"https:\/\/www.xclean.at\/portal\/wp-json\/wp\/v2\/product\/20886"}],"collection":[{"href":"https:\/\/www.xclean.at\/portal\/wp-json\/wp\/v2\/product"}],"about":[{"href":"https:\/\/www.xclean.at\/portal\/wp-json\/wp\/v2\/types\/product"}],"replies":[{"embeddable":true,"href":"https:\/\/www.xclean.at\/portal\/wp-json\/wp\/v2\/comments?post=20886"}],"wp:featuredmedia":[{"embeddable":true,"href":"https:\/\/www.xclean.at\/portal\/wp-json\/wp\/v2\/media\/20887"}],"wp:attachment":[{"href":"https:\/\/www.xclean.at\/portal\/wp-json\/wp\/v2\/media?parent=20886"}],"wp:term":[{"taxonomy":"product_brand","embeddable":true,"href":"https:\/\/www.xclean.at\/portal\/wp-json\/wp\/v2\/product_brand?post=20886"},{"taxonomy":"product_cat","embeddable":true,"href":"https:\/\/www.xclean.at\/portal\/wp-json\/wp\/v2\/product_cat?post=20886"},{"taxonomy":"product_tag","embeddable":true,"href":"https:\/\/www.xclean.at\/portal\/wp-json\/wp\/v2\/product_tag?post=20886"}],"curies":[{"name":"wp","href":"https:\/\/api.w.org\/{rel}","templated":true}]}}