{"id":20890,"date":"2015-11-02T11:03:23","date_gmt":"2015-11-02T10:03:23","guid":{"rendered":"http:\/\/www.xclean.at\/portal\/?post_type=product&#038;p=20890"},"modified":"2019-03-14T08:51:00","modified_gmt":"2019-03-14T07:51:00","slug":"green-clean-allzweckreiniger","status":"publish","type":"product","link":"https:\/\/www.xclean.at\/portal\/produkt\/green-clean-allzweckreiniger\/","title":{"rendered":"Green &#038; Clean Allzweckreiniger"},"content":{"rendered":"<p>Allzweckreiniger f\u00fcr Kunststoff, Teppich, Polster, Verkleidungen, Cockpit, Fliesen, Kunststoffe, Lack, Container und Planen. Die neue Formel reinigt eff ektiv und l\u00f6st auch hartn\u00e4ckige Verschmutzungen wie \u00d6l, Fett, Nikotin, Schmutz, etc. Ideal f\u00fcr den Einsatz in Industrieanlagen, Speditionen, Schwimmb\u00e4dern und Baufahrzeugen und zur Reinigung von Werkzeug. Auch f\u00fcr Insektenschmutz und Felgenreinigung. Leicht absp\u00fclbar. F\u00fcr den Einsatz im Lebensmittelbereich geeignet.<\/p>\n","protected":false},"excerpt":{"rendered":"<p>Allzweckreiniger f\u00fcr Kunststoff, Teppich, Polster, Verkleidungen, Cockpit, Fliesen, Kunststoffe, Lack, Container und Planen.<\/p>\n","protected":false},"featured_media":132487,"comment_status":"open","ping_status":"closed","template":"","meta":{"_exactmetrics_skip_tracking":false,"_exactmetrics_sitenote_active":false,"_exactmetrics_sitenote_note":"","_exactmetrics_sitenote_category":0},"product_brand":[],"product_cat":[45],"product_tag":[],"class_list":{"0":"post-20890","1":"product","2":"type-product","3":"status-publish","4":"has-post-thumbnail","6":"product_cat-innenreinigung-fahrzeugaufbereitung","8":"first","9":"instock","10":"shipping-taxable","11":"purchasable","12":"product-type-variable"},"_links":{"self":[{"href":"https:\/\/www.xclean.at\/portal\/wp-json\/wp\/v2\/product\/20890"}],"collection":[{"href":"https:\/\/www.xclean.at\/portal\/wp-json\/wp\/v2\/product"}],"about":[{"href":"https:\/\/www.xclean.at\/portal\/wp-json\/wp\/v2\/types\/product"}],"replies":[{"embeddable":true,"href":"https:\/\/www.xclean.at\/portal\/wp-json\/wp\/v2\/comments?post=20890"}],"wp:featuredmedia":[{"embeddable":true,"href":"https:\/\/www.xclean.at\/portal\/wp-json\/wp\/v2\/media\/132487"}],"wp:attachment":[{"href":"https:\/\/www.xclean.at\/portal\/wp-json\/wp\/v2\/media?parent=20890"}],"wp:term":[{"taxonomy":"product_brand","embeddable":true,"href":"https:\/\/www.xclean.at\/portal\/wp-json\/wp\/v2\/product_brand?post=20890"},{"taxonomy":"product_cat","embeddable":true,"href":"https:\/\/www.xclean.at\/portal\/wp-json\/wp\/v2\/product_cat?post=20890"},{"taxonomy":"product_tag","embeddable":true,"href":"https:\/\/www.xclean.at\/portal\/wp-json\/wp\/v2\/product_tag?post=20890"}],"curies":[{"name":"wp","href":"https:\/\/api.w.org\/{rel}","templated":true}]}}