{"id":20896,"date":"2015-11-02T06:52:24","date_gmt":"2015-11-02T05:52:24","guid":{"rendered":"http:\/\/www.xclean.at\/portal\/?post_type=product&#038;p=20896"},"modified":"2015-11-16T08:25:32","modified_gmt":"2015-11-16T07:25:32","slug":"cockpitpflege-matteffekt-vanille","status":"publish","type":"product","link":"https:\/\/www.xclean.at\/portal\/produkt\/cockpitpflege-matteffekt-vanille\/","title":{"rendered":"Cockpitpflege Matteffekt Vanille"},"content":{"rendered":"<p>Reinigt, pflegt und erh\u00e4lt die matte Oberfl\u00e4che und Struktur aller Kunststoffteile im Autoinnenraum. Wirkt staubabweisend, antistatisch und sch\u00fctzt vor Wiederverschmutzung. Auch geeignet f\u00fcr Holzarmaturen. Der matte Effekt des Cockpits bleibt erhalten, keine st\u00f6renden Lichtreflektionen. Silikon- und l\u00f6semittelfrei. Mit angenehmen Vanilleduft .<\/p>\n","protected":false},"excerpt":{"rendered":"<p>Reinigt, pflegt und erh\u00e4lt die matte Oberfl\u00e4che und Struktur aller Kunststoffteile im Autoinnenraum.<\/p>\n","protected":false},"featured_media":20897,"comment_status":"open","ping_status":"closed","template":"","meta":{"_exactmetrics_skip_tracking":false,"_exactmetrics_sitenote_active":false,"_exactmetrics_sitenote_note":"","_exactmetrics_sitenote_category":0},"product_brand":[],"product_cat":[45],"product_tag":[],"class_list":{"0":"post-20896","1":"product","2":"type-product","3":"status-publish","4":"has-post-thumbnail","6":"product_cat-innenreinigung-fahrzeugaufbereitung","8":"first","9":"instock","10":"shipping-taxable","11":"purchasable","12":"product-type-simple"},"_links":{"self":[{"href":"https:\/\/www.xclean.at\/portal\/wp-json\/wp\/v2\/product\/20896"}],"collection":[{"href":"https:\/\/www.xclean.at\/portal\/wp-json\/wp\/v2\/product"}],"about":[{"href":"https:\/\/www.xclean.at\/portal\/wp-json\/wp\/v2\/types\/product"}],"replies":[{"embeddable":true,"href":"https:\/\/www.xclean.at\/portal\/wp-json\/wp\/v2\/comments?post=20896"}],"wp:featuredmedia":[{"embeddable":true,"href":"https:\/\/www.xclean.at\/portal\/wp-json\/wp\/v2\/media\/20897"}],"wp:attachment":[{"href":"https:\/\/www.xclean.at\/portal\/wp-json\/wp\/v2\/media?parent=20896"}],"wp:term":[{"taxonomy":"product_brand","embeddable":true,"href":"https:\/\/www.xclean.at\/portal\/wp-json\/wp\/v2\/product_brand?post=20896"},{"taxonomy":"product_cat","embeddable":true,"href":"https:\/\/www.xclean.at\/portal\/wp-json\/wp\/v2\/product_cat?post=20896"},{"taxonomy":"product_tag","embeddable":true,"href":"https:\/\/www.xclean.at\/portal\/wp-json\/wp\/v2\/product_tag?post=20896"}],"curies":[{"name":"wp","href":"https:\/\/api.w.org\/{rel}","templated":true}]}}