{"id":20904,"date":"2015-11-02T07:01:43","date_gmt":"2015-11-02T06:01:43","guid":{"rendered":"http:\/\/www.xclean.at\/portal\/?post_type=product&#038;p=20904"},"modified":"2016-10-10T15:17:10","modified_gmt":"2016-10-10T13:17:10","slug":"tiefenpfleger-premium","status":"publish","type":"product","link":"https:\/\/www.xclean.at\/portal\/produkt\/tiefenpfleger-premium\/","title":{"rendered":"Tiefenpfleger Premium"},"content":{"rendered":"<p>Tiefenpfleger Premium Seidenglanz ist ein hochkonzentrierter Reiniger. Er pfl egt und sch\u00fctzt alle Oberfl\u00e4chen aus Kunststoff,\u00a0 Gummi und Vinyl. Bringt seidenmatten Glanz und intensiviert die Farbtiefe. Frischt verblasste, verwitterte und spr\u00f6de Kunststoff &#8211; und Gummiteile auf. Tiefenpfl eger bietet Langzeitschutz vor UV-Strahlen, Neuverschmutzung, Verblassung, Verspr\u00f6dung und Verwitterung. Wirkt staub- und schmutzabweisend, sowie antistatisch. F\u00fcr Armaturen, Koffer, Taschen, Fensterrahmen, T\u00fcren, Regale, Trennw\u00e4nde, Gartenm\u00f6bel, Verkleidungen in Fahrzeugen, Booten, u.v.m.<\/p>\n","protected":false},"excerpt":{"rendered":"<p>Tiefenpfleger Premium Seidenglanz ist ein hochkonzentrierter Reiniger.<\/p>\n","protected":false},"featured_media":20905,"comment_status":"open","ping_status":"closed","template":"","meta":{"_exactmetrics_skip_tracking":false,"_exactmetrics_sitenote_active":false,"_exactmetrics_sitenote_note":"","_exactmetrics_sitenote_category":0},"product_brand":[],"product_cat":[46],"product_tag":[],"class_list":{"0":"post-20904","1":"product","2":"type-product","3":"status-publish","4":"has-post-thumbnail","6":"product_cat-kunststoff-glasreiniger","8":"first","9":"instock","10":"shipping-taxable","11":"purchasable","12":"product-type-variable"},"_links":{"self":[{"href":"https:\/\/www.xclean.at\/portal\/wp-json\/wp\/v2\/product\/20904"}],"collection":[{"href":"https:\/\/www.xclean.at\/portal\/wp-json\/wp\/v2\/product"}],"about":[{"href":"https:\/\/www.xclean.at\/portal\/wp-json\/wp\/v2\/types\/product"}],"replies":[{"embeddable":true,"href":"https:\/\/www.xclean.at\/portal\/wp-json\/wp\/v2\/comments?post=20904"}],"wp:featuredmedia":[{"embeddable":true,"href":"https:\/\/www.xclean.at\/portal\/wp-json\/wp\/v2\/media\/20905"}],"wp:attachment":[{"href":"https:\/\/www.xclean.at\/portal\/wp-json\/wp\/v2\/media?parent=20904"}],"wp:term":[{"taxonomy":"product_brand","embeddable":true,"href":"https:\/\/www.xclean.at\/portal\/wp-json\/wp\/v2\/product_brand?post=20904"},{"taxonomy":"product_cat","embeddable":true,"href":"https:\/\/www.xclean.at\/portal\/wp-json\/wp\/v2\/product_cat?post=20904"},{"taxonomy":"product_tag","embeddable":true,"href":"https:\/\/www.xclean.at\/portal\/wp-json\/wp\/v2\/product_tag?post=20904"}],"curies":[{"name":"wp","href":"https:\/\/api.w.org\/{rel}","templated":true}]}}