{"id":20908,"date":"2015-11-02T07:05:20","date_gmt":"2015-11-02T06:05:20","guid":{"rendered":"http:\/\/www.xclean.at\/portal\/?post_type=product&#038;p=20908"},"modified":"2017-04-25T12:32:07","modified_gmt":"2017-04-25T10:32:07","slug":"kunststoffpflege-premium","status":"publish","type":"product","link":"https:\/\/www.xclean.at\/portal\/produkt\/kunststoffpflege-premium\/","title":{"rendered":"Kunststoffpflege Premium"},"content":{"rendered":"<p>Hochwertiger Spezialprotektor mit hochmolekularen und glanzgebenden Bestandteilen. Mit Haft vermittlern f\u00fcr wasserfesten, seidengl\u00e4nzenden Look auf allen Gummi- und Kunststoffteilen. Durch spezielle Formulierung ist eine schnelle Applikation m\u00f6glich. Die aufgetragenen Polymere vernetzen unmittelbar nach Verdunstung der L\u00f6semittel, dadurch entsteht ein sofortiger Schutzfilm. Dieser Schutzfilm sch\u00fctzt alle Kunststoff &#8211; und Gummiteile vor Wasser, Schmutz und UV-Bestrahlung und damit vor vorzeitiger Alterung und Vergrauung.<\/p>\n","protected":false},"excerpt":{"rendered":"<p>Hochwertiger Spezialprotektor mit hochmolekularen und glanzgebenden Bestandteilen.<\/p>\n","protected":false},"featured_media":25104,"comment_status":"open","ping_status":"closed","template":"","meta":{"_exactmetrics_skip_tracking":false,"_exactmetrics_sitenote_active":false,"_exactmetrics_sitenote_note":"","_exactmetrics_sitenote_category":0},"product_brand":[],"product_cat":[46],"product_tag":[],"class_list":{"0":"post-20908","1":"product","2":"type-product","3":"status-publish","4":"has-post-thumbnail","6":"product_cat-kunststoff-glasreiniger","8":"first","9":"instock","10":"shipping-taxable","11":"purchasable","12":"product-type-variable"},"_links":{"self":[{"href":"https:\/\/www.xclean.at\/portal\/wp-json\/wp\/v2\/product\/20908"}],"collection":[{"href":"https:\/\/www.xclean.at\/portal\/wp-json\/wp\/v2\/product"}],"about":[{"href":"https:\/\/www.xclean.at\/portal\/wp-json\/wp\/v2\/types\/product"}],"replies":[{"embeddable":true,"href":"https:\/\/www.xclean.at\/portal\/wp-json\/wp\/v2\/comments?post=20908"}],"wp:featuredmedia":[{"embeddable":true,"href":"https:\/\/www.xclean.at\/portal\/wp-json\/wp\/v2\/media\/25104"}],"wp:attachment":[{"href":"https:\/\/www.xclean.at\/portal\/wp-json\/wp\/v2\/media?parent=20908"}],"wp:term":[{"taxonomy":"product_brand","embeddable":true,"href":"https:\/\/www.xclean.at\/portal\/wp-json\/wp\/v2\/product_brand?post=20908"},{"taxonomy":"product_cat","embeddable":true,"href":"https:\/\/www.xclean.at\/portal\/wp-json\/wp\/v2\/product_cat?post=20908"},{"taxonomy":"product_tag","embeddable":true,"href":"https:\/\/www.xclean.at\/portal\/wp-json\/wp\/v2\/product_tag?post=20908"}],"curies":[{"name":"wp","href":"https:\/\/api.w.org\/{rel}","templated":true}]}}