{"id":20914,"date":"2015-11-02T07:22:02","date_gmt":"2015-11-02T06:22:02","guid":{"rendered":"http:\/\/www.xclean.at\/portal\/?post_type=product&#038;p=20914"},"modified":"2015-11-16T08:46:52","modified_gmt":"2015-11-16T07:46:52","slug":"reifen-glanz","status":"publish","type":"product","link":"https:\/\/www.xclean.at\/portal\/produkt\/reifen-glanz\/","title":{"rendered":"Reifen Glanz"},"content":{"rendered":"<p>Glanzpflege von Reifen, T\u00fcrdichtungen etc. Verleiht den gepflegten Teilen eine h\u00f6here Lebensdauer, mehr Elastizit\u00e4t und Farbtiefe. Schnellkonservierung f\u00fcr GWA. Sch\u00fctzt vor Ozon und UV. Unsch\u00e4dlich f\u00fcr Chrom, Glas, Gummi und Lack. Auch auf nassen Reifen anwendbar.<\/p>\n","protected":false},"excerpt":{"rendered":"<p>Glanzpflege von Reifen, T\u00fcrdichtungen etc.<\/p>\n","protected":false},"featured_media":20915,"comment_status":"open","ping_status":"closed","template":"","meta":{"_exactmetrics_skip_tracking":false,"_exactmetrics_sitenote_active":false,"_exactmetrics_sitenote_note":"","_exactmetrics_sitenote_category":0},"product_brand":[],"product_cat":[46],"product_tag":[],"class_list":{"0":"post-20914","1":"product","2":"type-product","3":"status-publish","4":"has-post-thumbnail","6":"product_cat-kunststoff-glasreiniger","8":"first","9":"instock","10":"shipping-taxable","11":"purchasable","12":"product-type-simple"},"_links":{"self":[{"href":"https:\/\/www.xclean.at\/portal\/wp-json\/wp\/v2\/product\/20914"}],"collection":[{"href":"https:\/\/www.xclean.at\/portal\/wp-json\/wp\/v2\/product"}],"about":[{"href":"https:\/\/www.xclean.at\/portal\/wp-json\/wp\/v2\/types\/product"}],"replies":[{"embeddable":true,"href":"https:\/\/www.xclean.at\/portal\/wp-json\/wp\/v2\/comments?post=20914"}],"wp:featuredmedia":[{"embeddable":true,"href":"https:\/\/www.xclean.at\/portal\/wp-json\/wp\/v2\/media\/20915"}],"wp:attachment":[{"href":"https:\/\/www.xclean.at\/portal\/wp-json\/wp\/v2\/media?parent=20914"}],"wp:term":[{"taxonomy":"product_brand","embeddable":true,"href":"https:\/\/www.xclean.at\/portal\/wp-json\/wp\/v2\/product_brand?post=20914"},{"taxonomy":"product_cat","embeddable":true,"href":"https:\/\/www.xclean.at\/portal\/wp-json\/wp\/v2\/product_cat?post=20914"},{"taxonomy":"product_tag","embeddable":true,"href":"https:\/\/www.xclean.at\/portal\/wp-json\/wp\/v2\/product_tag?post=20914"}],"curies":[{"name":"wp","href":"https:\/\/api.w.org\/{rel}","templated":true}]}}