{"id":20934,"date":"2017-02-26T08:25:22","date_gmt":"2017-02-26T07:25:22","guid":{"rendered":"http:\/\/www.xclean.at\/portal\/?post_type=product&#038;p=20934"},"modified":"2021-01-29T11:21:49","modified_gmt":"2021-01-29T10:21:49","slug":"kontroll-spray","status":"publish","type":"product","link":"https:\/\/www.xclean.at\/portal\/produkt\/kontroll-spray\/","title":{"rendered":"Kontroll Spray"},"content":{"rendered":"<p>Kontrollspray sorgt f\u00fcr eine schnelle und einfache Reinigung des Klarlacks und ist perfekt zur Oberfl\u00e4chenkontrolle nach dem Poliervorgang. Geeignet f\u00fcr alle Lackoberfl\u00e4chen, inkl. kratzfesten Klarlacken. Silikonfrei. Keine F\u00fcller.<\/p>\n","protected":false},"excerpt":{"rendered":"<p>Kontrollspray sorgt f\u00fcr eine schnelle und einfache Reinigung des Klarlacks und ist perfekt zur Oberfl\u00e4chenkontrolle nach dem Poliervorgang.<\/p>\n","protected":false},"featured_media":132706,"comment_status":"open","ping_status":"closed","template":"","meta":{"_exactmetrics_skip_tracking":false,"_exactmetrics_sitenote_active":false,"_exactmetrics_sitenote_note":"","_exactmetrics_sitenote_category":0},"product_brand":[],"product_cat":[47],"product_tag":[],"class_list":{"0":"post-20934","1":"product","2":"type-product","3":"status-publish","4":"has-post-thumbnail","6":"product_cat-lackaufbereitung","8":"first","9":"instock","10":"featured","11":"shipping-taxable","12":"purchasable","13":"product-type-variable"},"_links":{"self":[{"href":"https:\/\/www.xclean.at\/portal\/wp-json\/wp\/v2\/product\/20934"}],"collection":[{"href":"https:\/\/www.xclean.at\/portal\/wp-json\/wp\/v2\/product"}],"about":[{"href":"https:\/\/www.xclean.at\/portal\/wp-json\/wp\/v2\/types\/product"}],"replies":[{"embeddable":true,"href":"https:\/\/www.xclean.at\/portal\/wp-json\/wp\/v2\/comments?post=20934"}],"wp:featuredmedia":[{"embeddable":true,"href":"https:\/\/www.xclean.at\/portal\/wp-json\/wp\/v2\/media\/132706"}],"wp:attachment":[{"href":"https:\/\/www.xclean.at\/portal\/wp-json\/wp\/v2\/media?parent=20934"}],"wp:term":[{"taxonomy":"product_brand","embeddable":true,"href":"https:\/\/www.xclean.at\/portal\/wp-json\/wp\/v2\/product_brand?post=20934"},{"taxonomy":"product_cat","embeddable":true,"href":"https:\/\/www.xclean.at\/portal\/wp-json\/wp\/v2\/product_cat?post=20934"},{"taxonomy":"product_tag","embeddable":true,"href":"https:\/\/www.xclean.at\/portal\/wp-json\/wp\/v2\/product_tag?post=20934"}],"curies":[{"name":"wp","href":"https:\/\/api.w.org\/{rel}","templated":true}]}}