{"id":20960,"date":"2015-11-02T09:02:18","date_gmt":"2015-11-02T08:02:18","guid":{"rendered":"http:\/\/www.xclean.at\/portal\/?post_type=product&#038;p=20960"},"modified":"2015-11-16T08:29:04","modified_gmt":"2015-11-16T07:29:04","slug":"microfaser-tuch-super-soft","status":"publish","type":"product","link":"https:\/\/www.xclean.at\/portal\/produkt\/microfaser-tuch-super-soft\/","title":{"rendered":"Microfaser Tuch SUPER SOFT"},"content":{"rendered":"<p>Feines Microfasertuch in Profi qualit\u00e4t. 40 x 40 cm gro\u00df. Ideal zur streifenfreien Reinigung aller glatten Oberfl\u00e4chen. Nebelfeucht und trocken einsetzbar. Gr\u00fcndliche Sauberkeit bis in die feinsten Poren. R\u00fcckstandslos. Waschbar bei 60 \u00b0C. Fusselfrei, hohe Lebensdauer.<\/p>\n","protected":false},"excerpt":{"rendered":"<p>Feines Microfasertuch in Profi qualit\u00e4t. 40 x 40 cm gro\u00df.<\/p>\n","protected":false},"featured_media":20961,"comment_status":"open","ping_status":"closed","template":"","meta":{"_exactmetrics_skip_tracking":false,"_exactmetrics_sitenote_active":false,"_exactmetrics_sitenote_note":"","_exactmetrics_sitenote_category":0},"product_brand":[],"product_cat":[47],"product_tag":[],"class_list":{"0":"post-20960","1":"product","2":"type-product","3":"status-publish","4":"has-post-thumbnail","6":"product_cat-lackaufbereitung","8":"first","9":"instock","10":"shipping-taxable","11":"purchasable","12":"product-type-simple"},"_links":{"self":[{"href":"https:\/\/www.xclean.at\/portal\/wp-json\/wp\/v2\/product\/20960"}],"collection":[{"href":"https:\/\/www.xclean.at\/portal\/wp-json\/wp\/v2\/product"}],"about":[{"href":"https:\/\/www.xclean.at\/portal\/wp-json\/wp\/v2\/types\/product"}],"replies":[{"embeddable":true,"href":"https:\/\/www.xclean.at\/portal\/wp-json\/wp\/v2\/comments?post=20960"}],"wp:featuredmedia":[{"embeddable":true,"href":"https:\/\/www.xclean.at\/portal\/wp-json\/wp\/v2\/media\/20961"}],"wp:attachment":[{"href":"https:\/\/www.xclean.at\/portal\/wp-json\/wp\/v2\/media?parent=20960"}],"wp:term":[{"taxonomy":"product_brand","embeddable":true,"href":"https:\/\/www.xclean.at\/portal\/wp-json\/wp\/v2\/product_brand?post=20960"},{"taxonomy":"product_cat","embeddable":true,"href":"https:\/\/www.xclean.at\/portal\/wp-json\/wp\/v2\/product_cat?post=20960"},{"taxonomy":"product_tag","embeddable":true,"href":"https:\/\/www.xclean.at\/portal\/wp-json\/wp\/v2\/product_tag?post=20960"}],"curies":[{"name":"wp","href":"https:\/\/api.w.org\/{rel}","templated":true}]}}