{"id":20972,"date":"2015-11-02T09:13:45","date_gmt":"2015-11-02T08:13:45","guid":{"rendered":"http:\/\/www.xclean.at\/portal\/?post_type=product&#038;p=20972"},"modified":"2021-01-29T11:28:25","modified_gmt":"2021-01-29T10:28:25","slug":"speed-wax-showroom-polish","status":"publish","type":"product","link":"https:\/\/www.xclean.at\/portal\/produkt\/speed-wax-showroom-polish\/","title":{"rendered":"Speed Wax &#8211; Showroom Polish"},"content":{"rendered":"<p>Ideal f\u00fcr die schnelle optische Aufbereitung von Neuund Gebrauchtwagen. Showroom Polish ist besonders f\u00fcr die schnelle Reinigung von leicht verschmutzten Fahrzeugen geeignet, insbesondere zur Entfernung von Fingerabdr\u00fccken auf Ausstellungsfahrzeugen oder f\u00fcreine Blitzversiegelung nach der Fahrzeugw\u00e4sche. Kann auch auf nassen Oberfl\u00e4chen angewendet werden. Reinigung und Versiegelung in einem Arbeitsgang auf allen lackierten Oberfl\u00e4chen, Kunststoffen, Glas, Chrom, Aluminium, uvm. Bringt einen hervorragenden Glanz.<\/p>\n","protected":false},"excerpt":{"rendered":"<p>Ideal f\u00fcr die schnelle optische Aufbereitung von Neuund Gebrauchtwagen.<\/p>\n","protected":false},"featured_media":20973,"comment_status":"open","ping_status":"closed","template":"","meta":{"_exactmetrics_skip_tracking":false,"_exactmetrics_sitenote_active":false,"_exactmetrics_sitenote_note":"","_exactmetrics_sitenote_category":0},"product_brand":[],"product_cat":[47],"product_tag":[],"class_list":{"0":"post-20972","1":"product","2":"type-product","3":"status-publish","4":"has-post-thumbnail","6":"product_cat-lackaufbereitung","8":"first","9":"instock","10":"shipping-taxable","11":"purchasable","12":"product-type-variable"},"_links":{"self":[{"href":"https:\/\/www.xclean.at\/portal\/wp-json\/wp\/v2\/product\/20972"}],"collection":[{"href":"https:\/\/www.xclean.at\/portal\/wp-json\/wp\/v2\/product"}],"about":[{"href":"https:\/\/www.xclean.at\/portal\/wp-json\/wp\/v2\/types\/product"}],"replies":[{"embeddable":true,"href":"https:\/\/www.xclean.at\/portal\/wp-json\/wp\/v2\/comments?post=20972"}],"wp:featuredmedia":[{"embeddable":true,"href":"https:\/\/www.xclean.at\/portal\/wp-json\/wp\/v2\/media\/20973"}],"wp:attachment":[{"href":"https:\/\/www.xclean.at\/portal\/wp-json\/wp\/v2\/media?parent=20972"}],"wp:term":[{"taxonomy":"product_brand","embeddable":true,"href":"https:\/\/www.xclean.at\/portal\/wp-json\/wp\/v2\/product_brand?post=20972"},{"taxonomy":"product_cat","embeddable":true,"href":"https:\/\/www.xclean.at\/portal\/wp-json\/wp\/v2\/product_cat?post=20972"},{"taxonomy":"product_tag","embeddable":true,"href":"https:\/\/www.xclean.at\/portal\/wp-json\/wp\/v2\/product_tag?post=20972"}],"curies":[{"name":"wp","href":"https:\/\/api.w.org\/{rel}","templated":true}]}}