{"id":20987,"date":"2015-11-02T18:05:16","date_gmt":"2015-11-02T17:05:16","guid":{"rendered":"http:\/\/www.xclean.at\/portal\/?post_type=product&#038;p=20987"},"modified":"2018-11-26T08:17:53","modified_gmt":"2018-11-26T07:17:53","slug":"qualitaets-autotuch-xl","status":"publish","type":"product","link":"https:\/\/www.xclean.at\/portal\/produkt\/qualitaets-autotuch-xl\/","title":{"rendered":"Qualit\u00e4ts Autotuch XL"},"content":{"rendered":"<p>Qualit\u00e4ts Autotuch der Premiumklasse. Extra gro\u00df, 54 x 44 cm. Trocknet Lack, Kunststoff , Glas uvm. Dauerhaft , fusselfrei glanztrocknend. Geschmeidig weich. Enorme Wasseraufnahme. Mit spezieller Mikroperforation, streifenfrei. Extrem saugstark, lackschonend. Kratzfrei. Reinigungsintensiv und rei\u00dffest. F\u00fcr Profi und Heimwerker.<\/p>\n","protected":false},"excerpt":{"rendered":"<p>Qualit\u00e4ts Autotuch der Premiumklasse. Extra gro\u00df, 54 x 44 cm.<\/p>\n","protected":false},"featured_media":132781,"comment_status":"open","ping_status":"closed","template":"","meta":{"_exactmetrics_skip_tracking":false,"_exactmetrics_sitenote_active":false,"_exactmetrics_sitenote_note":"","_exactmetrics_sitenote_category":0},"product_brand":[],"product_cat":[327,59],"product_tag":[],"class_list":{"0":"post-20987","1":"product","2":"type-product","3":"status-publish","4":"has-post-thumbnail","6":"product_cat-techn-zubehoer","7":"product_cat-wischtuecher-papier","9":"first","10":"instock","11":"shipping-taxable","12":"purchasable","13":"product-type-simple"},"_links":{"self":[{"href":"https:\/\/www.xclean.at\/portal\/wp-json\/wp\/v2\/product\/20987"}],"collection":[{"href":"https:\/\/www.xclean.at\/portal\/wp-json\/wp\/v2\/product"}],"about":[{"href":"https:\/\/www.xclean.at\/portal\/wp-json\/wp\/v2\/types\/product"}],"replies":[{"embeddable":true,"href":"https:\/\/www.xclean.at\/portal\/wp-json\/wp\/v2\/comments?post=20987"}],"wp:featuredmedia":[{"embeddable":true,"href":"https:\/\/www.xclean.at\/portal\/wp-json\/wp\/v2\/media\/132781"}],"wp:attachment":[{"href":"https:\/\/www.xclean.at\/portal\/wp-json\/wp\/v2\/media?parent=20987"}],"wp:term":[{"taxonomy":"product_brand","embeddable":true,"href":"https:\/\/www.xclean.at\/portal\/wp-json\/wp\/v2\/product_brand?post=20987"},{"taxonomy":"product_cat","embeddable":true,"href":"https:\/\/www.xclean.at\/portal\/wp-json\/wp\/v2\/product_cat?post=20987"},{"taxonomy":"product_tag","embeddable":true,"href":"https:\/\/www.xclean.at\/portal\/wp-json\/wp\/v2\/product_tag?post=20987"}],"curies":[{"name":"wp","href":"https:\/\/api.w.org\/{rel}","templated":true}]}}