{"id":20991,"date":"2015-11-02T18:20:58","date_gmt":"2015-11-02T17:20:58","guid":{"rendered":"http:\/\/www.xclean.at\/portal\/?post_type=product&#038;p=20991"},"modified":"2020-02-03T14:49:56","modified_gmt":"2020-02-03T13:49:56","slug":"felgenpinsel","status":"publish","type":"product","link":"https:\/\/www.xclean.at\/portal\/produkt\/felgenpinsel\/","title":{"rendered":"Felgenpinsel"},"content":{"rendered":"<p>Dauerhafte Profiqualit\u00e4t. Lange Lebensdauer bei gleichbleibender Qualit\u00e4t. Kratzfrei durch Kunststoffgeh\u00e4use. Gleichm\u00e4\u00dfige Borsten.<\/p>\n","protected":false},"excerpt":{"rendered":"<p>Dauerhaft e Profiqualit\u00e4t. Lange Lebensdauer bei gleichbleibender Qualit\u00e4t.<\/p>\n","protected":false},"featured_media":20992,"comment_status":"open","ping_status":"closed","template":"","meta":{"_exactmetrics_skip_tracking":false,"_exactmetrics_sitenote_active":false,"_exactmetrics_sitenote_note":"","_exactmetrics_sitenote_category":0},"product_brand":[],"product_cat":[327,59],"product_tag":[],"class_list":{"0":"post-20991","1":"product","2":"type-product","3":"status-publish","4":"has-post-thumbnail","6":"product_cat-techn-zubehoer","7":"product_cat-wischtuecher-papier","9":"first","10":"instock","11":"shipping-taxable","12":"purchasable","13":"product-type-simple"},"_links":{"self":[{"href":"https:\/\/www.xclean.at\/portal\/wp-json\/wp\/v2\/product\/20991"}],"collection":[{"href":"https:\/\/www.xclean.at\/portal\/wp-json\/wp\/v2\/product"}],"about":[{"href":"https:\/\/www.xclean.at\/portal\/wp-json\/wp\/v2\/types\/product"}],"replies":[{"embeddable":true,"href":"https:\/\/www.xclean.at\/portal\/wp-json\/wp\/v2\/comments?post=20991"}],"wp:featuredmedia":[{"embeddable":true,"href":"https:\/\/www.xclean.at\/portal\/wp-json\/wp\/v2\/media\/20992"}],"wp:attachment":[{"href":"https:\/\/www.xclean.at\/portal\/wp-json\/wp\/v2\/media?parent=20991"}],"wp:term":[{"taxonomy":"product_brand","embeddable":true,"href":"https:\/\/www.xclean.at\/portal\/wp-json\/wp\/v2\/product_brand?post=20991"},{"taxonomy":"product_cat","embeddable":true,"href":"https:\/\/www.xclean.at\/portal\/wp-json\/wp\/v2\/product_cat?post=20991"},{"taxonomy":"product_tag","embeddable":true,"href":"https:\/\/www.xclean.at\/portal\/wp-json\/wp\/v2\/product_tag?post=20991"}],"curies":[{"name":"wp","href":"https:\/\/api.w.org\/{rel}","templated":true}]}}