{"id":20997,"date":"2015-11-02T18:30:40","date_gmt":"2015-11-02T17:30:40","guid":{"rendered":"http:\/\/www.xclean.at\/portal\/?post_type=product&#038;p=20997"},"modified":"2020-02-03T14:49:23","modified_gmt":"2020-02-03T13:49:23","slug":"waschbuerste-winkel-teleskopstange","status":"publish","type":"product","link":"https:\/\/www.xclean.at\/portal\/produkt\/waschbuerste-winkel-teleskopstange\/","title":{"rendered":"Waschb\u00fcrste Winkel + Teleskopstange"},"content":{"rendered":"<p>Winkel-Waschb\u00fcrste mit Gewindeblock zum Aufschrauben von Wasserdurchlauf-Teleskopstangen. F\u00fcr alle Oberfl\u00e4chen geeignet. Lackschonend durch feine B\u00fcrstenst\u00e4rke. Optimale Reinigung von Ecken und Winkel durch gebogenen B\u00fcrstenkopf.<\/p>\n<p>Alu-Teleskopstange f\u00fcr Winkel-Waschb\u00fcrste mit Wasserdurchlauf und Schlauchanschluss. Das einfache stufenlose Verstellen der Stange erm\u00f6glicht eine optimale Anpassung an die Arbeitsbedingungen. Mit schonendem, rutschfestem Griff f\u00fcr sicheren Halt.<\/p>\n","protected":false},"excerpt":{"rendered":"<p>Winkel-Waschb\u00fcrste mit Gewindeblock zum Aufschrauben von Wasserdurchlauf-Teleskopstangen.<\/p>\n","protected":false},"featured_media":20998,"comment_status":"open","ping_status":"closed","template":"","meta":{"_exactmetrics_skip_tracking":false,"_exactmetrics_sitenote_active":false,"_exactmetrics_sitenote_note":"","_exactmetrics_sitenote_category":0},"product_brand":[],"product_cat":[327,59],"product_tag":[],"class_list":{"0":"post-20997","1":"product","2":"type-product","3":"status-publish","4":"has-post-thumbnail","6":"product_cat-techn-zubehoer","7":"product_cat-wischtuecher-papier","9":"first","10":"instock","11":"shipping-taxable","12":"purchasable","13":"product-type-simple"},"_links":{"self":[{"href":"https:\/\/www.xclean.at\/portal\/wp-json\/wp\/v2\/product\/20997"}],"collection":[{"href":"https:\/\/www.xclean.at\/portal\/wp-json\/wp\/v2\/product"}],"about":[{"href":"https:\/\/www.xclean.at\/portal\/wp-json\/wp\/v2\/types\/product"}],"replies":[{"embeddable":true,"href":"https:\/\/www.xclean.at\/portal\/wp-json\/wp\/v2\/comments?post=20997"}],"wp:featuredmedia":[{"embeddable":true,"href":"https:\/\/www.xclean.at\/portal\/wp-json\/wp\/v2\/media\/20998"}],"wp:attachment":[{"href":"https:\/\/www.xclean.at\/portal\/wp-json\/wp\/v2\/media?parent=20997"}],"wp:term":[{"taxonomy":"product_brand","embeddable":true,"href":"https:\/\/www.xclean.at\/portal\/wp-json\/wp\/v2\/product_brand?post=20997"},{"taxonomy":"product_cat","embeddable":true,"href":"https:\/\/www.xclean.at\/portal\/wp-json\/wp\/v2\/product_cat?post=20997"},{"taxonomy":"product_tag","embeddable":true,"href":"https:\/\/www.xclean.at\/portal\/wp-json\/wp\/v2\/product_tag?post=20997"}],"curies":[{"name":"wp","href":"https:\/\/api.w.org\/{rel}","templated":true}]}}