{"id":21002,"date":"2015-11-02T18:50:04","date_gmt":"2015-11-02T17:50:04","guid":{"rendered":"http:\/\/www.xclean.at\/portal\/?post_type=product&#038;p=21002"},"modified":"2018-11-26T08:17:01","modified_gmt":"2018-11-26T07:17:01","slug":"handsprueher-f1","status":"publish","type":"product","link":"https:\/\/www.xclean.at\/portal\/produkt\/handsprueher-f1\/","title":{"rendered":"Handspr\u00fcher F1"},"content":{"rendered":"<p>Sehr robuste und hochwertige 1 Liter HDPE Flasche mit mit Volumen- und Verd\u00fcnnungsskala. Gewinde: 28\/400. Universelle Anwendung.\u00a0 Spr\u00fchkopf mit mittlerem Hub (1,2 ml).\u00a0Individuell von Punktstrahl bis Spr\u00fchnebel einstellbar. Dauerhafte Profiqualit\u00e4t.<\/p>\n","protected":false},"excerpt":{"rendered":"<p>Spr\u00fchflasche f\u00fcr 1 Liter Fl\u00fcssigkeit, sklaliert. Universelle Anwendung. Gewinde 28\/400. Spritzd\u00fcse verstellbar.<\/p>\n","protected":false},"featured_media":132713,"comment_status":"open","ping_status":"closed","template":"","meta":{"_exactmetrics_skip_tracking":false,"_exactmetrics_sitenote_active":false,"_exactmetrics_sitenote_note":"","_exactmetrics_sitenote_category":0},"product_brand":[],"product_cat":[327,59],"product_tag":[],"class_list":{"0":"post-21002","1":"product","2":"type-product","3":"status-publish","4":"has-post-thumbnail","6":"product_cat-techn-zubehoer","7":"product_cat-wischtuecher-papier","9":"first","10":"instock","11":"shipping-taxable","12":"purchasable","13":"product-type-simple"},"_links":{"self":[{"href":"https:\/\/www.xclean.at\/portal\/wp-json\/wp\/v2\/product\/21002"}],"collection":[{"href":"https:\/\/www.xclean.at\/portal\/wp-json\/wp\/v2\/product"}],"about":[{"href":"https:\/\/www.xclean.at\/portal\/wp-json\/wp\/v2\/types\/product"}],"replies":[{"embeddable":true,"href":"https:\/\/www.xclean.at\/portal\/wp-json\/wp\/v2\/comments?post=21002"}],"wp:featuredmedia":[{"embeddable":true,"href":"https:\/\/www.xclean.at\/portal\/wp-json\/wp\/v2\/media\/132713"}],"wp:attachment":[{"href":"https:\/\/www.xclean.at\/portal\/wp-json\/wp\/v2\/media?parent=21002"}],"wp:term":[{"taxonomy":"product_brand","embeddable":true,"href":"https:\/\/www.xclean.at\/portal\/wp-json\/wp\/v2\/product_brand?post=21002"},{"taxonomy":"product_cat","embeddable":true,"href":"https:\/\/www.xclean.at\/portal\/wp-json\/wp\/v2\/product_cat?post=21002"},{"taxonomy":"product_tag","embeddable":true,"href":"https:\/\/www.xclean.at\/portal\/wp-json\/wp\/v2\/product_tag?post=21002"}],"curies":[{"name":"wp","href":"https:\/\/api.w.org\/{rel}","templated":true}]}}