{"id":21004,"date":"2017-02-26T12:00:44","date_gmt":"2017-02-26T11:00:44","guid":{"rendered":"http:\/\/www.xclean.at\/portal\/?post_type=product&#038;p=21004"},"modified":"2019-02-23T17:03:19","modified_gmt":"2019-02-23T16:03:19","slug":"pumpzerstaeuber-viton","status":"publish","type":"product","link":"https:\/\/www.xclean.at\/portal\/produkt\/pumpzerstaeuber-viton\/","title":{"rendered":"Pumpspr\u00fcher ACID &#8211; SAUER &#8211; RED"},"content":{"rendered":"<p>Robuster Pumpspr\u00fcher &#8211; bew\u00e4hrte Technologie mit effizientem Pumpenmechanismus.\u00a0 Zur Verarbeitung von neutralen und <strong><u>sauren<\/u><\/strong> Produkten. Individuell von Punktstrahl bis Spr\u00fchnebel einstellbar. Betriebsdruck: 3 Bar. Max. F\u00fcllmenge: 1,2 Liter. Transparenter Sichtstreifen mit integrierter Skala zur optischen F\u00fcllstandskontrolle. &#8220;EasyOpen&#8221;-Haptikelemente.\u00a0Materialien:\u00a0 Polypropylen, Polyethylen, Polyamid glasfaserverst\u00e4rkt, Nirosta-Stahl, NBR (Standard)\u00a0 Betriebsdruck:\u00a03 bar\/Sicherheitsventil. Mit Color-Coding Cap zur einfachen farblichen Unterscheidung.\u00a0 Art.Nr. 330<\/p>\n","protected":false},"excerpt":{"rendered":"<p>Robuster Pumpspr\u00fcher &#8211; bew\u00e4hrte Technologie mit effizientem Pumpenmechanismus.\u00a0 Zur Verarbeitung von neutralen und <strong><u>sauren<\/u><\/strong> Produkten. Max. F\u00fcllmenge: 1,2 Liter. Transparenter Sichtstreifen mit integrierter Skala zur optischen F\u00fcllstandskontrolle.<\/p>\n","protected":false},"featured_media":132885,"comment_status":"open","ping_status":"closed","template":"","meta":{"_exactmetrics_skip_tracking":false,"_exactmetrics_sitenote_active":false,"_exactmetrics_sitenote_note":"","_exactmetrics_sitenote_category":0},"product_brand":[],"product_cat":[327,59],"product_tag":[],"class_list":{"0":"post-21004","1":"product","2":"type-product","3":"status-publish","4":"has-post-thumbnail","6":"product_cat-techn-zubehoer","7":"product_cat-wischtuecher-papier","9":"first","10":"instock","11":"shipping-taxable","12":"purchasable","13":"product-type-simple"},"_links":{"self":[{"href":"https:\/\/www.xclean.at\/portal\/wp-json\/wp\/v2\/product\/21004"}],"collection":[{"href":"https:\/\/www.xclean.at\/portal\/wp-json\/wp\/v2\/product"}],"about":[{"href":"https:\/\/www.xclean.at\/portal\/wp-json\/wp\/v2\/types\/product"}],"replies":[{"embeddable":true,"href":"https:\/\/www.xclean.at\/portal\/wp-json\/wp\/v2\/comments?post=21004"}],"wp:featuredmedia":[{"embeddable":true,"href":"https:\/\/www.xclean.at\/portal\/wp-json\/wp\/v2\/media\/132885"}],"wp:attachment":[{"href":"https:\/\/www.xclean.at\/portal\/wp-json\/wp\/v2\/media?parent=21004"}],"wp:term":[{"taxonomy":"product_brand","embeddable":true,"href":"https:\/\/www.xclean.at\/portal\/wp-json\/wp\/v2\/product_brand?post=21004"},{"taxonomy":"product_cat","embeddable":true,"href":"https:\/\/www.xclean.at\/portal\/wp-json\/wp\/v2\/product_cat?post=21004"},{"taxonomy":"product_tag","embeddable":true,"href":"https:\/\/www.xclean.at\/portal\/wp-json\/wp\/v2\/product_tag?post=21004"}],"curies":[{"name":"wp","href":"https:\/\/api.w.org\/{rel}","templated":true}]}}