{"id":21008,"date":"2015-11-02T18:35:43","date_gmt":"2015-11-02T17:35:43","guid":{"rendered":"http:\/\/www.xclean.at\/portal\/?post_type=product&#038;p=21008"},"modified":"2018-02-19T13:34:20","modified_gmt":"2018-02-19T12:34:20","slug":"fasspumpe","status":"publish","type":"product","link":"https:\/\/www.xclean.at\/portal\/produkt\/fasspumpe\/","title":{"rendered":"Fasspumpe"},"content":{"rendered":"<p>Kunststoff -Fasspumpe f\u00fcr jedes g\u00e4ngige 200-L-Fass geeignet. F\u00fcr eine sparsame und saubere Entnahme. Robuste und wiederverwendbare Konstruktion.<\/p>\n","protected":false},"excerpt":{"rendered":"<p>Kunststoff -Fasspumpe f\u00fcr jedes g\u00e4ngige 200-L-Fass geeignet.<\/p>\n","protected":false},"featured_media":22974,"comment_status":"open","ping_status":"closed","template":"","meta":{"_exactmetrics_skip_tracking":false,"_exactmetrics_sitenote_active":false,"_exactmetrics_sitenote_note":"","_exactmetrics_sitenote_category":0},"product_brand":[],"product_cat":[327],"product_tag":[],"class_list":{"0":"post-21008","1":"product","2":"type-product","3":"status-publish","4":"has-post-thumbnail","6":"product_cat-techn-zubehoer","8":"first","9":"instock","10":"shipping-taxable","11":"purchasable","12":"product-type-simple"},"_links":{"self":[{"href":"https:\/\/www.xclean.at\/portal\/wp-json\/wp\/v2\/product\/21008"}],"collection":[{"href":"https:\/\/www.xclean.at\/portal\/wp-json\/wp\/v2\/product"}],"about":[{"href":"https:\/\/www.xclean.at\/portal\/wp-json\/wp\/v2\/types\/product"}],"replies":[{"embeddable":true,"href":"https:\/\/www.xclean.at\/portal\/wp-json\/wp\/v2\/comments?post=21008"}],"wp:featuredmedia":[{"embeddable":true,"href":"https:\/\/www.xclean.at\/portal\/wp-json\/wp\/v2\/media\/22974"}],"wp:attachment":[{"href":"https:\/\/www.xclean.at\/portal\/wp-json\/wp\/v2\/media?parent=21008"}],"wp:term":[{"taxonomy":"product_brand","embeddable":true,"href":"https:\/\/www.xclean.at\/portal\/wp-json\/wp\/v2\/product_brand?post=21008"},{"taxonomy":"product_cat","embeddable":true,"href":"https:\/\/www.xclean.at\/portal\/wp-json\/wp\/v2\/product_cat?post=21008"},{"taxonomy":"product_tag","embeddable":true,"href":"https:\/\/www.xclean.at\/portal\/wp-json\/wp\/v2\/product_tag?post=21008"}],"curies":[{"name":"wp","href":"https:\/\/api.w.org\/{rel}","templated":true}]}}