{"id":21020,"date":"2015-11-02T13:10:14","date_gmt":"2015-11-02T12:10:14","guid":{"rendered":"http:\/\/www.xclean.at\/portal\/?post_type=product&#038;p=21020"},"modified":"2018-02-18T14:01:55","modified_gmt":"2018-02-18T13:01:55","slug":"falthandtuchspender","status":"publish","type":"product","link":"https:\/\/www.xclean.at\/portal\/produkt\/falthandtuchspender\/","title":{"rendered":"Falthandtuchspender"},"content":{"rendered":"<p>Faltt\u00fccher-Spendersystem f\u00fcr eine wirtschaftliche und handliche Anwendung im Werkst\u00e4tten- und Sanit\u00e4rbereich. Aus robustem Kunststoff, abschlie\u00dfbar und\u00a0leicht bef\u00fcllbar<\/p>\n<p>Gr\u00f6\u00dfe: B28, cm x H37,5 cm x T13,7 cm, Kunststoff, wei\u00df<\/p>\n","protected":false},"excerpt":{"rendered":"<p>Faltt\u00fccher-Spendersystem f\u00fcr eine wirtschaftliche und handliche Anwendung im Werkst\u00e4tten- und Sanit\u00e4rbereich.<\/p>\n","protected":false},"featured_media":132373,"comment_status":"open","ping_status":"closed","template":"","meta":{"_exactmetrics_skip_tracking":false,"_exactmetrics_sitenote_active":false,"_exactmetrics_sitenote_note":"","_exactmetrics_sitenote_category":0},"product_brand":[],"product_cat":[59],"product_tag":[],"class_list":{"0":"post-21020","1":"product","2":"type-product","3":"status-publish","4":"has-post-thumbnail","6":"product_cat-wischtuecher-papier","8":"first","9":"instock","10":"shipping-taxable","11":"purchasable","12":"product-type-simple"},"_links":{"self":[{"href":"https:\/\/www.xclean.at\/portal\/wp-json\/wp\/v2\/product\/21020"}],"collection":[{"href":"https:\/\/www.xclean.at\/portal\/wp-json\/wp\/v2\/product"}],"about":[{"href":"https:\/\/www.xclean.at\/portal\/wp-json\/wp\/v2\/types\/product"}],"replies":[{"embeddable":true,"href":"https:\/\/www.xclean.at\/portal\/wp-json\/wp\/v2\/comments?post=21020"}],"wp:featuredmedia":[{"embeddable":true,"href":"https:\/\/www.xclean.at\/portal\/wp-json\/wp\/v2\/media\/132373"}],"wp:attachment":[{"href":"https:\/\/www.xclean.at\/portal\/wp-json\/wp\/v2\/media?parent=21020"}],"wp:term":[{"taxonomy":"product_brand","embeddable":true,"href":"https:\/\/www.xclean.at\/portal\/wp-json\/wp\/v2\/product_brand?post=21020"},{"taxonomy":"product_cat","embeddable":true,"href":"https:\/\/www.xclean.at\/portal\/wp-json\/wp\/v2\/product_cat?post=21020"},{"taxonomy":"product_tag","embeddable":true,"href":"https:\/\/www.xclean.at\/portal\/wp-json\/wp\/v2\/product_tag?post=21020"}],"curies":[{"name":"wp","href":"https:\/\/api.w.org\/{rel}","templated":true}]}}