{"id":21024,"date":"2015-11-02T12:55:37","date_gmt":"2015-11-02T11:55:37","guid":{"rendered":"http:\/\/www.xclean.at\/portal\/?post_type=product&#038;p=21024"},"modified":"2018-02-19T11:48:51","modified_gmt":"2018-02-19T10:48:51","slug":"handschutz-lotion","status":"publish","type":"product","link":"https:\/\/www.xclean.at\/portal\/produkt\/handschutz-lotion\/","title":{"rendered":"Handschutz Lotion"},"content":{"rendered":"<p>Fettfreie, wasserl\u00f6sliche O\/W-Hautschutzemulsion, silikonfrei. Bildet auf der Haut einen griffigen Mikrofilm und sch\u00fctzt beim Umgang mit \u00f6ligen Arbeitsstoffen, organischen L\u00f6semitteln, Farben, Lacken und Harzen.<\/p>\n","protected":false},"excerpt":{"rendered":"<p>Fettfreie, wasserl\u00f6sliche O\/W-Hautschutzemulsion, silikonfrei.<br \/>\nVerpackung: 2000 ml Beutelflasche<br \/>\nVE: 6<\/p>\n","protected":false},"featured_media":21025,"comment_status":"open","ping_status":"closed","template":"","meta":{"_exactmetrics_skip_tracking":false,"_exactmetrics_sitenote_active":false,"_exactmetrics_sitenote_note":"","_exactmetrics_sitenote_category":0},"product_brand":[],"product_cat":[60],"product_tag":[],"class_list":{"0":"post-21024","1":"product","2":"type-product","3":"status-publish","4":"has-post-thumbnail","6":"product_cat-hautschutz","8":"first","9":"instock","10":"shipping-taxable","11":"purchasable","12":"product-type-simple"},"_links":{"self":[{"href":"https:\/\/www.xclean.at\/portal\/wp-json\/wp\/v2\/product\/21024"}],"collection":[{"href":"https:\/\/www.xclean.at\/portal\/wp-json\/wp\/v2\/product"}],"about":[{"href":"https:\/\/www.xclean.at\/portal\/wp-json\/wp\/v2\/types\/product"}],"replies":[{"embeddable":true,"href":"https:\/\/www.xclean.at\/portal\/wp-json\/wp\/v2\/comments?post=21024"}],"wp:featuredmedia":[{"embeddable":true,"href":"https:\/\/www.xclean.at\/portal\/wp-json\/wp\/v2\/media\/21025"}],"wp:attachment":[{"href":"https:\/\/www.xclean.at\/portal\/wp-json\/wp\/v2\/media?parent=21024"}],"wp:term":[{"taxonomy":"product_brand","embeddable":true,"href":"https:\/\/www.xclean.at\/portal\/wp-json\/wp\/v2\/product_brand?post=21024"},{"taxonomy":"product_cat","embeddable":true,"href":"https:\/\/www.xclean.at\/portal\/wp-json\/wp\/v2\/product_cat?post=21024"},{"taxonomy":"product_tag","embeddable":true,"href":"https:\/\/www.xclean.at\/portal\/wp-json\/wp\/v2\/product_tag?post=21024"}],"curies":[{"name":"wp","href":"https:\/\/api.w.org\/{rel}","templated":true}]}}