{"id":21028,"date":"2015-11-02T13:00:57","date_gmt":"2015-11-02T12:00:57","guid":{"rendered":"http:\/\/www.xclean.at\/portal\/?post_type=product&#038;p=21028"},"modified":"2022-07-14T10:44:48","modified_gmt":"2022-07-14T08:44:48","slug":"handreiniger-paste-intensiv","status":"publish","type":"product","link":"https:\/\/www.xclean.at\/portal\/produkt\/handreiniger-paste-intensiv\/","title":{"rendered":"Handreiniger Paste Intensiv"},"content":{"rendered":"<p>Wei\u00dfe, l\u00f6semittelfreie Flie\u00dfpaste aus stark abrasivem aber hautfreundlichem Kunststoff mehl, hochkonzentriert an Waschaktivsubstanzen. pH-Wert neutral. Zur gr\u00fcndlichen und schnellen Entfernung von st\u00e4rksten Verschmutzungen, wie \u00d6len, Fetten, Ru\u00df, Graphit u.v.m.<\/p>\n","protected":false},"excerpt":{"rendered":"<p>Wei\u00dfe, l\u00f6semittelfreie Flie\u00dfpaste aus stark abrasivem aber hautfreundlichem Kunststoff mehl, hochkonzentriert an Waschaktivsubstanzen.<br \/>\nVerpackung: 2 L | 2,5 L | 3 L<br \/>\nVE: 6 | 4<\/p>\n","protected":false},"featured_media":132424,"comment_status":"open","ping_status":"closed","template":"","meta":{"_exactmetrics_skip_tracking":false,"_exactmetrics_sitenote_active":false,"_exactmetrics_sitenote_note":"","_exactmetrics_sitenote_category":0},"product_brand":[],"product_cat":[60],"product_tag":[],"class_list":{"0":"post-21028","1":"product","2":"type-product","3":"status-publish","4":"has-post-thumbnail","6":"product_cat-hautschutz","8":"first","9":"instock","10":"shipping-taxable","11":"purchasable","12":"product-type-simple"},"_links":{"self":[{"href":"https:\/\/www.xclean.at\/portal\/wp-json\/wp\/v2\/product\/21028"}],"collection":[{"href":"https:\/\/www.xclean.at\/portal\/wp-json\/wp\/v2\/product"}],"about":[{"href":"https:\/\/www.xclean.at\/portal\/wp-json\/wp\/v2\/types\/product"}],"replies":[{"embeddable":true,"href":"https:\/\/www.xclean.at\/portal\/wp-json\/wp\/v2\/comments?post=21028"}],"wp:featuredmedia":[{"embeddable":true,"href":"https:\/\/www.xclean.at\/portal\/wp-json\/wp\/v2\/media\/132424"}],"wp:attachment":[{"href":"https:\/\/www.xclean.at\/portal\/wp-json\/wp\/v2\/media?parent=21028"}],"wp:term":[{"taxonomy":"product_brand","embeddable":true,"href":"https:\/\/www.xclean.at\/portal\/wp-json\/wp\/v2\/product_brand?post=21028"},{"taxonomy":"product_cat","embeddable":true,"href":"https:\/\/www.xclean.at\/portal\/wp-json\/wp\/v2\/product_cat?post=21028"},{"taxonomy":"product_tag","embeddable":true,"href":"https:\/\/www.xclean.at\/portal\/wp-json\/wp\/v2\/product_tag?post=21028"}],"curies":[{"name":"wp","href":"https:\/\/api.w.org\/{rel}","templated":true}]}}