{"id":21030,"date":"2015-11-02T12:50:18","date_gmt":"2015-11-02T11:50:18","guid":{"rendered":"http:\/\/www.xclean.at\/portal\/?post_type=product&#038;p=21030"},"modified":"2018-02-19T11:49:20","modified_gmt":"2018-02-19T10:49:20","slug":"hand-pflege-lotion","status":"publish","type":"product","link":"https:\/\/www.xclean.at\/portal\/produkt\/hand-pflege-lotion\/","title":{"rendered":"Hand Pflege Lotion"},"content":{"rendered":"<p>Gut einziehende, silikonfreie O\/W Hautpflegeemulsion f\u00fcr H\u00e4nde und Gesicht. Enth\u00e4lt Bienenwachs und ausgew\u00e4hlte Natur\u00f6le. F\u00f6rdert die Regeneration der Haut.<\/p>\n","protected":false},"excerpt":{"rendered":"<p>Gut einziehende, silikonfreie O\/W Hautpflegeemulsion f\u00fcr H\u00e4nde und Gesicht.<br \/>\nVerpackung: 1000 ml Beutelflasche<br \/>\nVE: 6<\/p>\n","protected":false},"featured_media":21031,"comment_status":"open","ping_status":"closed","template":"","meta":{"_exactmetrics_skip_tracking":false,"_exactmetrics_sitenote_active":false,"_exactmetrics_sitenote_note":"","_exactmetrics_sitenote_category":0},"product_brand":[],"product_cat":[60],"product_tag":[],"class_list":{"0":"post-21030","1":"product","2":"type-product","3":"status-publish","4":"has-post-thumbnail","6":"product_cat-hautschutz","8":"first","9":"instock","10":"shipping-taxable","11":"purchasable","12":"product-type-simple"},"_links":{"self":[{"href":"https:\/\/www.xclean.at\/portal\/wp-json\/wp\/v2\/product\/21030"}],"collection":[{"href":"https:\/\/www.xclean.at\/portal\/wp-json\/wp\/v2\/product"}],"about":[{"href":"https:\/\/www.xclean.at\/portal\/wp-json\/wp\/v2\/types\/product"}],"replies":[{"embeddable":true,"href":"https:\/\/www.xclean.at\/portal\/wp-json\/wp\/v2\/comments?post=21030"}],"wp:featuredmedia":[{"embeddable":true,"href":"https:\/\/www.xclean.at\/portal\/wp-json\/wp\/v2\/media\/21031"}],"wp:attachment":[{"href":"https:\/\/www.xclean.at\/portal\/wp-json\/wp\/v2\/media?parent=21030"}],"wp:term":[{"taxonomy":"product_brand","embeddable":true,"href":"https:\/\/www.xclean.at\/portal\/wp-json\/wp\/v2\/product_brand?post=21030"},{"taxonomy":"product_cat","embeddable":true,"href":"https:\/\/www.xclean.at\/portal\/wp-json\/wp\/v2\/product_cat?post=21030"},{"taxonomy":"product_tag","embeddable":true,"href":"https:\/\/www.xclean.at\/portal\/wp-json\/wp\/v2\/product_tag?post=21030"}],"curies":[{"name":"wp","href":"https:\/\/api.w.org\/{rel}","templated":true}]}}